{"id":1807,"date":"2025-04-18T11:51:07","date_gmt":"2025-04-18T11:51:07","guid":{"rendered":"https:\/\/pcxcomposite.com\/?post_type=product&#038;p=1807"},"modified":"2025-10-21T07:38:35","modified_gmt":"2025-10-21T07:38:35","slug":"metallisiertes-kohlefaserrohr","status":"publish","type":"product","link":"https:\/\/pcxcomposite.com\/de\/product\/metallisiertes-kohlefaserrohr\/","title":{"rendered":"Metallisiertes Kohlefaserrohr"},"content":{"rendered":"<h1 style=\"position: absolute; left: -9999px; top: -9999px; width: 1px; height: 1px; overflow: hidden;\">Metallisiertes Kohlefaserrohr - Luxus trifft auf Hochleistung<\/h1>\n<h2 style=\"font-size: 25px; font-weight: 600; line-height: 1.3; margin-bottom: 15px;\">Lebendig, nachdenklich und stark<\/h2>\n<p data-start=\"299\" data-end=\"604\"><span style=\"color: #333333;\">Unser <strong data-start=\"303\" data-end=\"336\">metallisierte Kohlefaserrohre<\/strong> M\u00e4hdrescher <strong data-start=\"345\" data-end=\"375\">echte Kohlefaserst\u00e4rke<\/strong> mit <strong data-start=\"381\" data-end=\"415\">auff\u00e4llige Metallpigmente<\/strong>. Diese R\u00f6hren bieten <strong data-start=\"437\" data-end=\"463\">leichte Haltbarkeit<\/strong> mit den Merkmalen <strong data-start=\"480\" data-end=\"496\">seidige Farben<\/strong> und <strong data-start=\"501\" data-end=\"533\">Metallf\u00e4den oder -pigmente<\/strong> direkt in die Faser eingewebt, um ein reflektierendes, hochwertiges Aussehen zu erzielen.<\/span><\/p>\n<p data-start=\"606\" data-end=\"971\"><span style=\"color: #333333;\">Verf\u00fcgbar in <strong data-start=\"619\" data-end=\"673\">gelb\/gold, rot, gr\u00fcn, blau, <\/strong>und<strong data-start=\"619\" data-end=\"673\"> Silber<\/strong>, diese <strong data-start=\"681\" data-end=\"717\">seidig gef\u00e4rbte Kohlefaserrohre<\/strong> sind ideal f\u00fcr Anwendungen, bei denen <strong data-start=\"751\" data-end=\"768\">optische Attraktivit\u00e4t<\/strong> ebenso wichtig wie die Leistung. Anders als bei Beschichtungen wird der metallische Glanz bei der Herstellung integriert. <strong data-start=\"862\" data-end=\"900\">Verfahren zur Herstellung von Kohlenstofffasern<\/strong>, und bewahrt <strong data-start=\"913\" data-end=\"970\">Steifigkeit, Zugfestigkeit und langfristige Haltbarkeit<\/strong>.<\/span><\/p>\n<hr data-start=\"973\" data-end=\"976\" \/>\n<h2 style=\"font-size: 25px; font-weight: 600; line-height: 1.3; margin-bottom: 15px;\">Kundenspezifische Gr\u00f6\u00dfen und Herstellung von Kohlenstofffasern<\/h2>\n<h3 style=\"font-size: 16px; font-weight: 400; line-height: 1.6; margin: 0 0 12px;\"><span style=\"color: #333333;\">PCX Composite ist ein <strong>zuverl\u00e4ssiger Hersteller von Kohlefaserrohren<\/strong>, und bietet <strong>Sondergr\u00f6\u00dfen<\/strong> und <strong>personalisierte Designs<\/strong> f\u00fcr Ihr Projekt. W\u00e4hlen Sie aus:<\/span><\/h3>\n<ul>\n<li><span style=\"color: #333333;\"><strong>Runde oder quadratische Kohlefaserrohre<\/strong><\/span><\/li>\n<li><span style=\"color: #333333;\"><strong>Teleskopstangen aus Kohlefaser<\/strong>und <strong>Verl\u00e4ngerungsstangen<\/strong><\/span><\/li>\n<li><span style=\"color: #333333;\"><strong>Metallische Farben<\/strong>mit einer <strong>seidige, reflektierende Oberfl\u00e4che<\/strong><\/span><\/li>\n<li><span style=\"color: #333333;\"><strong style=\"font-size: 16px;\">Kundenspezifische Kohlefaserteile<\/strong><span style=\"font-size: 16px;\">\u00a0und <\/span><strong style=\"font-size: 16px;\">Kompositversorgung<\/strong><\/span><\/li>\n<\/ul>\n<p data-start=\"1410\" data-end=\"1624\"><span style=\"color: #333333;\">Jede R\u00f6hre wird einer pr\u00e4zisen <strong data-start=\"1439\" data-end=\"1454\">CNC-Dienstleistung<\/strong> und <strong data-start=\"1459\" data-end=\"1478\">Schneideservice<\/strong>, und gew\u00e4hrleistet <strong data-start=\"1489\" data-end=\"1505\">glatte Kanten<\/strong> und perfekt <strong data-start=\"1518\" data-end=\"1529\">Ausstattung<\/strong> f\u00fcr <strong data-start=\"1534\" data-end=\"1562\">Rahmen aus Kohlefaserrohr<\/strong>, <strong data-start=\"1564\" data-end=\"1590\">kundenspezifische Verbundteile<\/strong>, oder <strong data-start=\"1595\" data-end=\"1623\">Kohlefaser-Zubeh\u00f6r<\/strong>.<\/span><\/p>\n<hr data-start=\"1626\" data-end=\"1629\" \/>\n<h2 style=\"font-size: 25px; font-weight: 600; line-height: 1.3; margin-bottom: 15px;\">Branchen\u00fcbergreifende Anwendungen<\/h2>\n<h3 style=\"font-size: 16px; font-weight: 400; line-height: 1.6; margin: 0 0 12px;\"><span style=\"color: #333333;\">Unser <strong>metallisierte Kohlefaserrohre<\/strong> sind vielseitig und hochleistungsf\u00e4hig:<\/span><\/h3>\n<ul>\n<li><span style=\"color: #333333;\"><strong>Verstellbare Zeltstangen und Teleskopstangen<\/strong>- leicht und stilvoll<\/span><\/li>\n<li><span style=\"color: #333333;\"><strong>Rahmen aus Kohlefaserrohr<\/strong>- Fahrr\u00e4der, Scooter und Sportger\u00e4te<\/span><\/li>\n<li><span style=\"color: #333333;\"><strong>Robotik und Automatisierung<\/strong>- <strong>Teleskop- und Verl\u00e4ngerungsstangen<\/strong><\/span><\/li>\n<li><span style=\"color: #333333;\"><strong>Dekorative Entw\u00fcrfe<\/strong>- <strong>seidig gef\u00e4rbte Kohlefaserrohre<\/strong>\u00a0f\u00fcr Luxusdisplays<\/span><\/li>\n<li><span style=\"color: #333333;\"><strong>Industrielle Verbundwerkstoff-Komponenten<\/strong>- <strong>Kohlefaser-Baus\u00e4tze<\/strong>\u00a0und kundenspezifische Teile<\/span><\/li>\n<\/ul>\n<p data-start=\"2150\" data-end=\"2298\"><span style=\"color: #333333;\">Sie kombinieren <strong data-start=\"2163\" data-end=\"2198\">St\u00e4rke, Flexibilit\u00e4t im Design<\/strong>, Und<\/span> <a href=\"https:\/\/www.linkedin.com\/pulse\/why-carbon-fiber-always-black-can-colorful-pcx-composite-jmqkc\"><strong data-start=\"2204\" data-end=\"2225\">dekorative Wirkung<\/strong><\/a><span style=\"color: #333333;\">, und sind somit perfekt f\u00fcr beide <strong data-start=\"2256\" data-end=\"2297\">funktionelle und \u00e4sthetische Anwendungen<\/strong>.<\/span><\/p>\n<hr data-start=\"2300\" data-end=\"2303\" \/>\n<h2 style=\"font-size: 25px; font-weight: 600; line-height: 1.3; margin-bottom: 15px;\">Warum sollten Sie sich f\u00fcr metallisierte PCX-Verbundrohre entscheiden?<\/h2>\n<ul>\n<li><span style=\"color: #333333;\"><strong>Metallic &amp; Seidige Farben<\/strong>- in die Faser eingewebte reflektierende F\u00e4den<\/span><\/li>\n<li><span style=\"color: #333333;\"><strong>Starke Carbonfaser-Rohre<\/strong>- leicht, steif und hochleistungsf\u00e4hig<\/span><\/li>\n<li><span style=\"color: #333333;\"><strong>Kundenspezifische Herstellung von Kohlenstofffasern<\/strong>- personalisiert <strong>Gr\u00f6\u00dfe, Durchmesser und Ausf\u00fchrung<\/strong><\/span><\/li>\n<li><span style=\"color: #333333;\"><strong>Dekorativ &amp; funktional<\/strong>- geeignet f\u00fcr <strong>Kohlefaser-Zubeh\u00f6r<\/strong>, <strong>Rohrrahmen<\/strong>, Und <strong>Verbundteile<\/strong><\/span><\/li>\n<li><span style=\"color: #333333;\"><strong>Konkurrenzf\u00e4higer Preis f\u00fcr Kohlefaserrohre<\/strong>- werksdirekt <strong>Kohlefaserzubeh\u00f6r<\/strong><\/span><\/li>\n<li><span style=\"color: #333333;\"><strong>CNC &amp; Schneiden Dienstleistungen<\/strong>- pr\u00e4zise Kanten und einbaufertige Rohre<\/span><\/li>\n<\/ul>\n<p data-start=\"2893\" data-end=\"3077\"><span style=\"color: #333333;\">Diese <strong data-start=\"2899\" data-end=\"2930\">Rohre aus metallischer Kohlefaser<\/strong> sind perfekt f\u00fcr <strong data-start=\"2947\" data-end=\"2976\">individuelle Verbundwerkstoff-Projekte<\/strong>, <strong data-start=\"2978\" data-end=\"2999\">Teleskopstangen<\/strong>, oder jede Anwendung, bei der <strong data-start=\"3026\" data-end=\"3043\">visuelle Wirkung<\/strong> trifft <strong data-start=\"3050\" data-end=\"3076\"><span style=\"color: #333333;\">mechanisch<\/span> <span style=\"color: #333333;\">Leistung<\/span><\/strong>.<\/span><\/p>\n<hr data-start=\"3079\" data-end=\"3082\" \/>\n<h2 style=\"font-size: 25px; font-weight: 600; line-height: 1.3; margin-bottom: 15px;\">Wo kann man metallisierte Kohlefaserrohre kaufen?<\/h2>\n<h3 style=\"font-size: 16px; font-weight: 400; line-height: 1.6; margin: 0 0 12px;\"><span style=\"color: #333333;\">Suche nach <strong>Metallische Kohlefaserrohre zum Verkauf<\/strong> oder <strong>Kundenspezifische Rohre aus Kohlefaser<\/strong> mit reflektierenden, hochwertigen Oberfl\u00e4chen?<\/span><\/h3>\n<p data-start=\"3444\" data-end=\"3571\">\ud83d\udcac <a href=\"https:\/\/pcxcomposite.com\/de\/kontakt\/\"><strong>Lassen Sie uns Ihre Anforderungen besprechen<\/strong><\/a><span style=\"color: #333333;\">- wir liefern Pr\u00e4zision, Sch\u00f6nheit und St\u00e4rke in jeder Tube.<\/span><\/p>","protected":false},"excerpt":{"rendered":"<p>Metallized Carbon Fiber Tube \u2014 Luxury Meets High Performance Vibrant, Reflective, and Strong Our metallized carbon fiber tubes combine real [&hellip;]<\/p>","protected":false},"featured_media":2081,"template":"","meta":{"_uag_custom_page_level_css":"","site-sidebar-layout":"default","site-content-layout":"","ast-site-content-layout":"default","site-content-style":"default","site-sidebar-style":"default","ast-global-header-display":"","ast-banner-title-visibility":"","ast-main-header-display":"","ast-hfb-above-header-display":"","ast-hfb-below-header-display":"","ast-hfb-mobile-header-display":"","site-post-title":"","ast-breadcrumbs-content":"","ast-featured-img":"","footer-sml-layout":"","theme-transparent-header-meta":"default","adv-header-id-meta":"","stick-header-meta":"","header-above-stick-meta":"","header-main-stick-meta":"","header-below-stick-meta":"","astra-migrate-meta-layouts":"set","ast-page-background-enabled":"default","ast-page-background-meta":{"desktop":{"background-color":"var(--ast-global-color-4)","background-image":"","background-repeat":"repeat","background-position":"center center","background-size":"auto","background-attachment":"scroll","background-type":"","background-media":"","overlay-type":"","overlay-color":"","overlay-opacity":"","overlay-gradient":""},"tablet":{"background-color":"","background-image":"","background-repeat":"repeat","background-position":"center center","background-size":"auto","background-attachment":"scroll","background-type":"","background-media":"","overlay-type":"","overlay-color":"","overlay-opacity":"","overlay-gradient":""},"mobile":{"background-color":"","background-image":"","background-repeat":"repeat","background-position":"center center","background-size":"auto","background-attachment":"scroll","background-type":"","background-media":"","overlay-type":"","overlay-color":"","overlay-opacity":"","overlay-gradient":""}},"ast-content-background-meta":{"desktop":{"background-color":"var(--ast-global-color-5)","background-image":"","background-repeat":"repeat","background-position":"center center","background-size":"auto","background-attachment":"scroll","background-type":"","background-media":"","overlay-type":"","overlay-color":"","overlay-opacity":"","overlay-gradient":""},"tablet":{"background-color":"var(--ast-global-color-5)","background-image":"","background-repeat":"repeat","background-position":"center center","background-size":"auto","background-attachment":"scroll","background-type":"","background-media":"","overlay-type":"","overlay-color":"","overlay-opacity":"","overlay-gradient":""},"mobile":{"background-color":"var(--ast-global-color-5)","background-image":"","background-repeat":"repeat","background-position":"center center","background-size":"auto","background-attachment":"scroll","background-type":"","background-media":"","overlay-type":"","overlay-color":"","overlay-opacity":"","overlay-gradient":""}}},"product_brand":[],"product_cat":[20],"product_tag":[33,36],"class_list":{"0":"post-1807","1":"product","2":"type-product","3":"status-publish","4":"has-post-thumbnail","6":"product_cat-carbon-fiber-tube","7":"product_tag-colored-carbon-fiber","8":"product_tag-round-tube","9":"desktop-align-left","10":"tablet-align-left","11":"mobile-align-left","13":"first","14":"instock","15":"shipping-taxable","16":"product-type-simple"},"yoast_head":"<!-- This site is optimized with the Yoast SEO plugin v26.1.1 - https:\/\/yoast.com\/wordpress\/plugins\/seo\/ -->\n<title>Metallized Carbon Fiber Tubes - PCX Composite<\/title>\n<meta name=\"description\" content=\"Discover metallized carbon fiber tubes with metallic threads and silky colors. Custom sizes, and reflective finishes perfect for decorative and industrial.\" \/>\n<meta name=\"robots\" content=\"index, follow, max-snippet:-1, max-image-preview:large, max-video-preview:-1\" \/>\n<link rel=\"canonical\" href=\"https:\/\/pcxcomposite.com\/de\/product\/metallisiertes-kohlefaserrohr\/\" \/>\n<meta property=\"og:locale\" content=\"de_DE\" \/>\n<meta property=\"og:type\" content=\"article\" \/>\n<meta property=\"og:title\" content=\"Metallized Carbon Fiber Tubes - PCX Composite\" \/>\n<meta property=\"og:description\" content=\"Discover metallized carbon fiber tubes with metallic threads and silky colors. Custom sizes, and reflective finishes perfect for decorative and industrial.\" \/>\n<meta property=\"og:url\" content=\"https:\/\/pcxcomposite.com\/de\/product\/metallisiertes-kohlefaserrohr\/\" \/>\n<meta property=\"og:site_name\" content=\"pcxcomposite.com\" \/>\n<meta property=\"article:modified_time\" content=\"2025-10-21T07:38:35+00:00\" \/>\n<meta property=\"og:image\" content=\"https:\/\/pcxcomposite.com\/wp-content\/uploads\/2025\/04\/Colored-forged-carbon-fiber-tubes-with-metallic-sheen.png\" \/>\n\t<meta property=\"og:image:width\" content=\"500\" \/>\n\t<meta property=\"og:image:height\" content=\"500\" \/>\n\t<meta property=\"og:image:type\" content=\"image\/png\" \/>\n<meta name=\"twitter:card\" content=\"summary_large_image\" \/>\n<meta name=\"twitter:label1\" content=\"Gesch\u00e4tzte Lesezeit\" \/>\n\t<meta name=\"twitter:data1\" content=\"2\u00a0Minuten\" \/>\n<script type=\"application\/ld+json\" class=\"yoast-schema-graph\">{\"@context\":\"https:\/\/schema.org\",\"@graph\":[{\"@type\":\"WebPage\",\"@id\":\"https:\/\/pcxcomposite.com\/product\/metallized-carbon-fiber-tube\/\",\"url\":\"https:\/\/pcxcomposite.com\/product\/metallized-carbon-fiber-tube\/\",\"name\":\"Metallized Carbon Fiber Tubes - PCX Composite\",\"isPartOf\":{\"@id\":\"https:\/\/pcxcomposite.com\/#website\"},\"primaryImageOfPage\":{\"@id\":\"https:\/\/pcxcomposite.com\/product\/metallized-carbon-fiber-tube\/#primaryimage\"},\"image\":{\"@id\":\"https:\/\/pcxcomposite.com\/product\/metallized-carbon-fiber-tube\/#primaryimage\"},\"thumbnailUrl\":\"https:\/\/pcxcomposite.com\/wp-content\/uploads\/2025\/04\/colored-forged-carbon-fiber-tubes.png\",\"datePublished\":\"2025-04-18T11:51:07+00:00\",\"dateModified\":\"2025-10-21T07:38:35+00:00\",\"description\":\"Discover metallized carbon fiber tubes with metallic threads and silky colors. Custom sizes, and reflective finishes perfect for decorative and industrial.\",\"breadcrumb\":{\"@id\":\"https:\/\/pcxcomposite.com\/product\/metallized-carbon-fiber-tube\/#breadcrumb\"},\"inLanguage\":\"de\",\"potentialAction\":[{\"@type\":\"ReadAction\",\"target\":[\"https:\/\/pcxcomposite.com\/product\/metallized-carbon-fiber-tube\/\"]}]},{\"@type\":\"ImageObject\",\"inLanguage\":\"de\",\"@id\":\"https:\/\/pcxcomposite.com\/product\/metallized-carbon-fiber-tube\/#primaryimage\",\"url\":\"https:\/\/pcxcomposite.com\/wp-content\/uploads\/2025\/04\/colored-forged-carbon-fiber-tubes.png\",\"contentUrl\":\"https:\/\/pcxcomposite.com\/wp-content\/uploads\/2025\/04\/colored-forged-carbon-fiber-tubes.png\",\"width\":500,\"height\":500,\"caption\":\"Luxury colored carbon fiber tubes with reflective patterns\"},{\"@type\":\"BreadcrumbList\",\"@id\":\"https:\/\/pcxcomposite.com\/product\/metallized-carbon-fiber-tube\/#breadcrumb\",\"itemListElement\":[{\"@type\":\"ListItem\",\"position\":1,\"name\":\"Home\",\"item\":\"https:\/\/pcxcomposite.com\/\"},{\"@type\":\"ListItem\",\"position\":2,\"name\":\"Shop\",\"item\":\"https:\/\/pcxcomposite.com\/shop\/\"},{\"@type\":\"ListItem\",\"position\":3,\"name\":\"Metallized Carbon Fiber Tube\"}]},{\"@type\":\"WebSite\",\"@id\":\"https:\/\/pcxcomposite.com\/#website\",\"url\":\"https:\/\/pcxcomposite.com\/\",\"name\":\"pcxcomposite.com\",\"description\":\"\",\"publisher\":{\"@id\":\"https:\/\/pcxcomposite.com\/#organization\"},\"potentialAction\":[{\"@type\":\"SearchAction\",\"target\":{\"@type\":\"EntryPoint\",\"urlTemplate\":\"https:\/\/pcxcomposite.com\/?s={search_term_string}\"},\"query-input\":{\"@type\":\"PropertyValueSpecification\",\"valueRequired\":true,\"valueName\":\"search_term_string\"}}],\"inLanguage\":\"de\"},{\"@type\":\"Organization\",\"@id\":\"https:\/\/pcxcomposite.com\/#organization\",\"name\":\"pcxcomposite.com\",\"url\":\"https:\/\/pcxcomposite.com\/\",\"logo\":{\"@type\":\"ImageObject\",\"inLanguage\":\"de\",\"@id\":\"https:\/\/pcxcomposite.com\/#\/schema\/logo\/image\/\",\"url\":\"https:\/\/pcxcomposite.com\/wp-content\/uploads\/2025\/04\/carbon-fiber-manufacturer.png\",\"contentUrl\":\"https:\/\/pcxcomposite.com\/wp-content\/uploads\/2025\/04\/carbon-fiber-manufacturer.png\",\"width\":177,\"height\":59,\"caption\":\"pcxcomposite.com\"},\"image\":{\"@id\":\"https:\/\/pcxcomposite.com\/#\/schema\/logo\/image\/\"}}]}<\/script>\n<!-- \/ Yoast SEO plugin. -->","yoast_head_json":{"title":"Metallisierte Kohlenstofffaser-Rohre - PCX Composite","description":"Entdecken Sie metallisierte Kohlefaserrohre mit metallischen F\u00e4den und seidigen Farben. Ma\u00dfgeschneiderte Gr\u00f6\u00dfen und reflektierende Oberfl\u00e4chen, perfekt f\u00fcr Dekoration und Industrie.","robots":{"index":"index","follow":"follow","max-snippet":"max-snippet:-1","max-image-preview":"max-image-preview:large","max-video-preview":"max-video-preview:-1"},"canonical":"https:\/\/pcxcomposite.com\/de\/product\/metallisiertes-kohlefaserrohr\/","og_locale":"de_DE","og_type":"article","og_title":"Metallized Carbon Fiber Tubes - PCX Composite","og_description":"Discover metallized carbon fiber tubes with metallic threads and silky colors. Custom sizes, and reflective finishes perfect for decorative and industrial.","og_url":"https:\/\/pcxcomposite.com\/de\/product\/metallisiertes-kohlefaserrohr\/","og_site_name":"pcxcomposite.com","article_modified_time":"2025-10-21T07:38:35+00:00","og_image":[{"width":500,"height":500,"url":"https:\/\/pcxcomposite.com\/wp-content\/uploads\/2025\/04\/Colored-forged-carbon-fiber-tubes-with-metallic-sheen.png","type":"image\/png"}],"twitter_card":"summary_large_image","twitter_misc":{"Gesch\u00e4tzte Lesezeit":"2\u00a0Minuten"},"schema":{"@context":"https:\/\/schema.org","@graph":[{"@type":"WebPage","@id":"https:\/\/pcxcomposite.com\/product\/metallized-carbon-fiber-tube\/","url":"https:\/\/pcxcomposite.com\/product\/metallized-carbon-fiber-tube\/","name":"Metallisierte Kohlenstofffaser-Rohre - PCX Composite","isPartOf":{"@id":"https:\/\/pcxcomposite.com\/#website"},"primaryImageOfPage":{"@id":"https:\/\/pcxcomposite.com\/product\/metallized-carbon-fiber-tube\/#primaryimage"},"image":{"@id":"https:\/\/pcxcomposite.com\/product\/metallized-carbon-fiber-tube\/#primaryimage"},"thumbnailUrl":"https:\/\/pcxcomposite.com\/wp-content\/uploads\/2025\/04\/colored-forged-carbon-fiber-tubes.png","datePublished":"2025-04-18T11:51:07+00:00","dateModified":"2025-10-21T07:38:35+00:00","description":"Entdecken Sie metallisierte Kohlefaserrohre mit metallischen F\u00e4den und seidigen Farben. Ma\u00dfgeschneiderte Gr\u00f6\u00dfen und reflektierende Oberfl\u00e4chen, perfekt f\u00fcr Dekoration und Industrie.","breadcrumb":{"@id":"https:\/\/pcxcomposite.com\/product\/metallized-carbon-fiber-tube\/#breadcrumb"},"inLanguage":"de","potentialAction":[{"@type":"ReadAction","target":["https:\/\/pcxcomposite.com\/product\/metallized-carbon-fiber-tube\/"]}]},{"@type":"ImageObject","inLanguage":"de","@id":"https:\/\/pcxcomposite.com\/product\/metallized-carbon-fiber-tube\/#primaryimage","url":"https:\/\/pcxcomposite.com\/wp-content\/uploads\/2025\/04\/colored-forged-carbon-fiber-tubes.png","contentUrl":"https:\/\/pcxcomposite.com\/wp-content\/uploads\/2025\/04\/colored-forged-carbon-fiber-tubes.png","width":500,"height":500,"caption":"Luxury colored carbon fiber tubes with reflective patterns"},{"@type":"BreadcrumbList","@id":"https:\/\/pcxcomposite.com\/product\/metallized-carbon-fiber-tube\/#breadcrumb","itemListElement":[{"@type":"ListItem","position":1,"name":"Home","item":"https:\/\/pcxcomposite.com\/"},{"@type":"ListItem","position":2,"name":"Shop","item":"https:\/\/pcxcomposite.com\/shop\/"},{"@type":"ListItem","position":3,"name":"Metallized Carbon Fiber Tube"}]},{"@type":"WebSite","@id":"https:\/\/pcxcomposite.com\/#website","url":"https:\/\/pcxcomposite.com\/","name":"pcxcomposite.de","description":"","publisher":{"@id":"https:\/\/pcxcomposite.com\/#organization"},"potentialAction":[{"@type":"SearchAction","target":{"@type":"EntryPoint","urlTemplate":"https:\/\/pcxcomposite.com\/?s={search_term_string}"},"query-input":{"@type":"PropertyValueSpecification","valueRequired":true,"valueName":"search_term_string"}}],"inLanguage":"de"},{"@type":"Organization","@id":"https:\/\/pcxcomposite.com\/#organization","name":"pcxcomposite.de","url":"https:\/\/pcxcomposite.com\/","logo":{"@type":"ImageObject","inLanguage":"de","@id":"https:\/\/pcxcomposite.com\/#\/schema\/logo\/image\/","url":"https:\/\/pcxcomposite.com\/wp-content\/uploads\/2025\/04\/carbon-fiber-manufacturer.png","contentUrl":"https:\/\/pcxcomposite.com\/wp-content\/uploads\/2025\/04\/carbon-fiber-manufacturer.png","width":177,"height":59,"caption":"pcxcomposite.com"},"image":{"@id":"https:\/\/pcxcomposite.com\/#\/schema\/logo\/image\/"}}]}},"spectra_custom_meta":{"total_sales":["0"],"_tax_status":["taxable"],"_tax_class":[""],"_manage_stock":["no"],"_backorders":["no"],"_sold_individually":["no"],"_virtual":["no"],"_downloadable":["no"],"_product_image_gallery":["2082,2083,2084"],"_download_limit":["-1"],"_download_expiry":["-1"],"_stock":[null],"_stock_status":["instock"],"_wc_average_rating":["0"],"_wc_review_count":["0"],"_product_version":["9.8.4"],"site-sidebar-layout":["default"],"ast-site-content-layout":["default"],"site-content-style":["default"],"site-sidebar-style":["default"],"theme-transparent-header-meta":["default"],"_edit_lock":["1761032178:1"],"_edit_last":["1"],"_thumbnail_id":["2081"],"_wp_old_slug":["metallic-colored-round-carbon-fiber-tube","metallic-carbon-fiber-tube"],"_yoast_wpseo_primary_product_brand":[""],"_yoast_wpseo_primary_product_cat":[""],"_yoast_wpseo_content_score":["90"],"_yoast_wpseo_estimated-reading-time-minutes":["2"],"_yoast_wpseo_focuskw":["Metallized Carbon Fiber Tubes"],"_yoast_wpseo_title":["Metallized Carbon Fiber Tubes%%page%% %%sep%% PCX Composite"],"_yoast_wpseo_metadesc":["Discover metallized carbon fiber tubes with metallic threads and silky colors. Custom sizes, and reflective finishes perfect for decorative and industrial."],"_yoast_wpseo_linkdex":["93"],"astra-migrate-meta-layouts":["set"],"_uag_page_assets":["a:9:{s:3:\"css\";s:263:\".uag-blocks-common-selector{z-index:var(--z-index-desktop) !important}@media (max-width: 976px){.uag-blocks-common-selector{z-index:var(--z-index-tablet) !important}}@media (max-width: 767px){.uag-blocks-common-selector{z-index:var(--z-index-mobile) !important}}\n\";s:2:\"js\";s:0:\"\";s:18:\"current_block_list\";a:8:{i:0;s:11:\"core\/search\";i:1;s:10:\"core\/group\";i:2;s:12:\"core\/heading\";i:3;s:17:\"core\/latest-posts\";i:4;s:20:\"core\/latest-comments\";i:5;s:13:\"core\/archives\";i:6;s:15:\"core\/categories\";i:7;s:10:\"core\/image\";}s:8:\"uag_flag\";b:0;s:11:\"uag_version\";s:10:\"1775106978\";s:6:\"gfonts\";a:0:{}s:10:\"gfonts_url\";s:0:\"\";s:12:\"gfonts_files\";a:0:{}s:14:\"uag_faq_layout\";b:0;}"],"_uag_css_file_name":["uag-css-1807.css"],"_elementor_page_assets":["a:0:{}"]},"uagb_featured_image_src":{"full":["https:\/\/pcxcomposite.com\/wp-content\/uploads\/2025\/04\/colored-forged-carbon-fiber-tubes.png",500,500,false],"thumbnail":["https:\/\/pcxcomposite.com\/wp-content\/uploads\/2025\/04\/colored-forged-carbon-fiber-tubes-150x150.png",150,150,true],"medium":["https:\/\/pcxcomposite.com\/wp-content\/uploads\/2025\/04\/colored-forged-carbon-fiber-tubes-300x300.png",300,300,true],"medium_large":["https:\/\/pcxcomposite.com\/wp-content\/uploads\/2025\/04\/colored-forged-carbon-fiber-tubes.png",500,500,false],"large":["https:\/\/pcxcomposite.com\/wp-content\/uploads\/2025\/04\/colored-forged-carbon-fiber-tubes.png",500,500,false],"1536x1536":["https:\/\/pcxcomposite.com\/wp-content\/uploads\/2025\/04\/colored-forged-carbon-fiber-tubes.png",500,500,false],"2048x2048":["https:\/\/pcxcomposite.com\/wp-content\/uploads\/2025\/04\/colored-forged-carbon-fiber-tubes.png",500,500,false],"trp-custom-language-flag":["https:\/\/pcxcomposite.com\/wp-content\/uploads\/2025\/04\/colored-forged-carbon-fiber-tubes.png",12,12,false],"woocommerce_thumbnail":["https:\/\/pcxcomposite.com\/wp-content\/uploads\/2025\/04\/colored-forged-carbon-fiber-tubes-300x225.png",300,225,true],"woocommerce_single":["https:\/\/pcxcomposite.com\/wp-content\/uploads\/2025\/04\/colored-forged-carbon-fiber-tubes-300x300.png",300,300,true],"woocommerce_gallery_thumbnail":["https:\/\/pcxcomposite.com\/wp-content\/uploads\/2025\/04\/colored-forged-carbon-fiber-tubes-100x100.png",100,100,true]},"uagb_author_info":{"display_name":"info@pcxcomposite.com","author_link":"https:\/\/pcxcomposite.com\/de\/author\/"},"uagb_comment_info":0,"uagb_excerpt":"Metallized Carbon Fiber Tube \u2014 Luxury Meets High Performance Vibrant, Reflective, and Strong Our metallized carbon fiber tubes combine real [&hellip;]","_links":{"self":[{"href":"https:\/\/pcxcomposite.com\/de\/wp-json\/wp\/v2\/product\/1807","targetHints":{"allow":["GET"]}}],"collection":[{"href":"https:\/\/pcxcomposite.com\/de\/wp-json\/wp\/v2\/product"}],"about":[{"href":"https:\/\/pcxcomposite.com\/de\/wp-json\/wp\/v2\/types\/product"}],"wp:featuredmedia":[{"embeddable":true,"href":"https:\/\/pcxcomposite.com\/de\/wp-json\/wp\/v2\/media\/2081"}],"wp:attachment":[{"href":"https:\/\/pcxcomposite.com\/de\/wp-json\/wp\/v2\/media?parent=1807"}],"wp:term":[{"taxonomy":"product_brand","embeddable":true,"href":"https:\/\/pcxcomposite.com\/de\/wp-json\/wp\/v2\/product_brand?post=1807"},{"taxonomy":"product_cat","embeddable":true,"href":"https:\/\/pcxcomposite.com\/de\/wp-json\/wp\/v2\/product_cat?post=1807"},{"taxonomy":"product_tag","embeddable":true,"href":"https:\/\/pcxcomposite.com\/de\/wp-json\/wp\/v2\/product_tag?post=1807"}],"curies":[{"name":"wp","href":"https:\/\/api.w.org\/{rel}","templated":true}]}}