{"id":1823,"date":"2025-04-18T12:26:34","date_gmt":"2025-04-18T12:26:34","guid":{"rendered":"https:\/\/pcxcomposite.com\/?post_type=product&#038;p=1823"},"modified":"2025-10-21T03:14:45","modified_gmt":"2025-10-21T03:14:45","slug":"groses-kohlefaserrohr","status":"publish","type":"product","link":"https:\/\/pcxcomposite.com\/de\/product\/groses-kohlefaserrohr\/","title":{"rendered":"Gro\u00dfes Kohlefaserrohr"},"content":{"rendered":"<h1 style=\"position: absolute; left: -9999px; top: -9999px; width: 1px; height: 1px; overflow: hidden;\">\u00a0Kohlefaserrohre mit gro\u00dfem Durchmesser - St\u00e4rke, Gr\u00f6\u00dfe und Pr\u00e4zision<\/h1>\n<h2 style=\"font-size: 25px; font-weight: 600; line-height: 1.3; margin-bottom: 15px;\">Gebaut f\u00fcr gr\u00f6\u00dfere Projekte, entwickelt f\u00fcr Leistung<\/h2>\n<p data-start=\"426\" data-end=\"765\">Unser <strong data-start=\"430\" data-end=\"467\">gro\u00dfes Kohlefaserrohr <\/strong>wurde f\u00fcr Branchen entwickelt, die eine <strong data-start=\"510\" data-end=\"534\">leichte Festigkeit<\/strong> und <strong data-start=\"539\" data-end=\"564\">Formbest\u00e4ndigkeit<\/strong> in gr\u00f6\u00dferen Formaten.<br data-start=\"583\" data-end=\"586\" \/>Diese <strong data-start=\"592\" data-end=\"621\">Kohlefaserrohre mit gr\u00f6\u00dferem Durchmesser<\/strong> bieten eine hohe Steifigkeit und ein geringes Gewicht, was sie ideal macht f\u00fcr <strong data-start=\"681\" data-end=\"697\">Roboterarme<\/strong>, <strong data-start=\"699\" data-end=\"715\">Drohnenrahmen<\/strong>, <strong data-start=\"717\" data-end=\"736\">Sportausr\u00fcstung<\/strong>, Und <strong data-start=\"742\" data-end=\"764\">Fahrradteile<\/strong>.<\/p>\n<p data-start=\"767\" data-end=\"1110\">Jede <strong data-start=\"772\" data-end=\"799\">Kohlefaser gro\u00dfes Rohr<\/strong> wird hergestellt aus <strong data-start=\"813\" data-end=\"834\">echte Kohlefaser<\/strong> verst\u00e4rkt mit <strong data-start=\"851\" data-end=\"866\">Epoxidharz<\/strong>, und gew\u00e4hrleistet <strong data-start=\"877\" data-end=\"903\">\u00fcberlegene Rohrfestigkeit<\/strong> und ausgezeichnete Biege- und Sto\u00dffestigkeit.<br data-start=\"951\" data-end=\"954\" \/>Sie k\u00f6nnen auch w\u00e4hlen <strong data-start=\"974\" data-end=\"997\">Glasfasermaterial, <\/strong><strong data-start=\"1001\" data-end=\"1034\">metallisierte Kohlefaserrohre<\/strong>, <strong data-start=\"1040\" data-end=\"1059\">gef\u00e4lschte Muster<\/strong> oder <strong data-start=\"1063\" data-end=\"1081\">Farbausf\u00fchrungen<\/strong> f\u00fcr ein dekoratives Aussehen.<\/p>\n<hr data-start=\"1112\" data-end=\"1115\" \/>\n<h2 style=\"font-size: 25px; font-weight: 600; line-height: 1.3; margin-bottom: 15px;\">Individuelle Gr\u00f6\u00dfen und professionelle Fertigung<\/h2>\n<p data-start=\"1170\" data-end=\"1429\">Als vertrauensw\u00fcrdiger <strong data-start=\"1183\" data-end=\"1217\">Hersteller von Kohlefaserrohren<\/strong>, <strong data-start=\"1219\" data-end=\"1236\">PCX Verbundwerkstoff<\/strong> bietet <strong data-start=\"1246\" data-end=\"1281\">ma\u00dfgefertigte Kohlefaserschl\u00e4uche<\/strong> mit <strong data-start=\"1287\" data-end=\"1323\">personalisierte L\u00e4nge und Durchmesser<\/strong> Optionen.<br data-start=\"1332\" data-end=\"1335\" \/>Unser <strong data-start=\"1339\" data-end=\"1354\">CNC-Dienstleistung<\/strong> und <strong data-start=\"1359\" data-end=\"1378\">Schneideservice<\/strong> gew\u00e4hrleisten, dass jedes Rohr perfekt f\u00fcr Ihr Projekt passt.<\/p>\n<p data-start=\"1431\" data-end=\"1445\">Wir bieten auch an:<\/p>\n<ul>\n<li><strong>Teleskoprohre aus Kohlefaser <\/strong>f\u00fcr anpassbare Strukturen<\/li>\n<li><strong>Rohrverbinder aus Kohlefaser <\/strong>und <strong>Klemmen<\/strong>\u00a0f\u00fcr sichere Montage<\/li>\n<li><strong>Individuell zugeschnittene Kohlefaser <\/strong>L\u00f6sungen f\u00fcr einzigartige Konstruktionen<\/li>\n<\/ul>\n<p data-start=\"1662\" data-end=\"1811\">Ob Sie nun <strong data-start=\"1679\" data-end=\"1719\">Kohlefaserrohre f\u00fcr Roboterarme<\/strong>, <strong data-start=\"1721\" data-end=\"1743\">Drohnenfahrwerk<\/strong>, oder <strong data-start=\"1748\" data-end=\"1762\">Queue-Sch\u00e4fte<\/strong>, liefern wir Pr\u00e4zision und Qualit\u00e4t bei jedem Schritt.<\/p>\n<hr data-start=\"1813\" data-end=\"1816\" \/>\n<h2 style=\"font-size: 25px; font-weight: 600; line-height: 1.3; margin-bottom: 15px;\">Branchen\u00fcbergreifende Anwendungen<\/h2>\n<h3 style=\"font-size: 16px; font-weight: 400; line-height: 1.6; margin: 0 0 12px;\">Unsere gro\u00dfen Kohlefaserrohre werden in einer Vielzahl von Branchen eingesetzt, darunter auch in der Industrie:<\/h3>\n<ul>\n<li><strong>Drohnen-Komponenten<\/strong>- ideal f\u00fcr <strong>Fahrwerk<\/strong>, <strong>Rahmen<\/strong>, Und <strong>Arme<\/strong><\/li>\n<li><strong>Automatisierung und Robotik<\/strong>- verl\u00e4sslich <strong>Schl\u00e4uche f\u00fcr Roboterarme<\/strong>\u00a0und Unterst\u00fctzungsstrukturen<\/li>\n<li><strong>Fahrr\u00e4der und Sportger\u00e4te<\/strong>- <strong>Fahrradgriffe aus Kohlefaser<\/strong>, <strong>Queue-Sch\u00e4fte<\/strong>, Und <strong>F\u00e4sser<\/strong><\/li>\n<li><strong>Industrielle Nutzung<\/strong>- <strong>Kohlefaser-Rohrschellen<\/strong>, <strong>Steckverbinder<\/strong>, Und <strong>kundenspezifische Befestigungen<\/strong><\/li>\n<li><strong>Dekorative und geschmiedete Designs<\/strong>- verf\u00fcgbar in <strong>farbig <\/strong>und <strong>geschmiedetes Muster<\/strong><\/li>\n<\/ul>\n<p data-start=\"2438\" data-end=\"2557\">Von <strong data-start=\"2443\" data-end=\"2469\">Leichtbau-Prototypen<\/strong> Zu <strong data-start=\"2473\" data-end=\"2499\">Gro\u00dfserienproduktion<\/strong>, Wir fertigen jedes Rohr unter strenger Qualit\u00e4tskontrolle.<\/p>\n<hr data-start=\"2559\" data-end=\"2562\" \/>\n<h2 style=\"font-size: 25px; font-weight: 600; line-height: 1.3; margin-bottom: 15px;\">Warum PCX Composite w\u00e4hlen<\/h2>\n<ul>\n<li><strong>Echte Kohlefaser-Konstruktion<\/strong>- langlebige, leistungsstarke Materialien.<\/li>\n<li><a href=\"https:\/\/www.youtube.com\/watch?v=d4JZDV9r96g\"><strong>Kundenspezifischer Herstellungsprozess<\/strong><\/a>- flexible Gr\u00f6\u00dfen, Formen und Ausf\u00fchrungen.<\/li>\n<li><strong>Pr\u00e4zisions-CNC und Schneideservice<\/strong>- Passgenauigkeit und glatte Kanten.<\/li>\n<li><strong>Optionale Ausf\u00fchrungen<\/strong>- verf\u00fcgbar in <strong>geschmiedetes Karbon<\/strong>, <strong>farbige Tuben<\/strong>, oder <strong>matte Oberfl\u00e4chen<\/strong>.<\/li>\n<li><strong>Hohes Festigkeits-Gewichts-Verh\u00e4ltnis<\/strong>- ideal f\u00fcr tragende oder schnelllaufende Systeme.<\/li>\n<li><strong>Kompatible Komponenten<\/strong>- <strong>Steckverbinder<\/strong>, <strong>Rohrschellen<\/strong>, Und <strong>Verbindungsoptionen<\/strong><\/li>\n<\/ul>\n<p data-start=\"3134\" data-end=\"3272\">Wir liefern auch <strong data-start=\"3149\" data-end=\"3173\">Kohlefaserf\u00e4sser<\/strong>, <strong data-start=\"3175\" data-end=\"3191\">Fahrradgriffe<\/strong>, Und <strong data-start=\"3197\" data-end=\"3221\">Sportartikelteile<\/strong>, die alle mit der gleichen Pr\u00e4zision und Zuverl\u00e4ssigkeit hergestellt werden.<\/p>\n<hr data-start=\"3274\" data-end=\"3277\" \/>\n<h2 style=\"font-size: 25px; font-weight: 600; line-height: 1.3; margin-bottom: 15px;\">Wo kann man gro\u00dfe Kohlefaserrohre kaufen?<\/h2>\n<p data-start=\"3326\" data-end=\"3534\">Suche nach <strong data-start=\"3338\" data-end=\"3369\">Kohlefaserrohre zu verkaufen<\/strong> oder brauchen <strong data-start=\"3378\" data-end=\"3413\">Ma\u00dfgeschneiderte Rohre aus Kohlefaser<\/strong> f\u00fcr Ihr Projekt?<br data-start=\"3431\" data-end=\"3434\" \/>PCX Composite bietet <strong data-start=\"3457\" data-end=\"3487\">Gro\u00dfhandel und OEM-Dienstleistungen<\/strong> mit schnellem Durchlauf und gleichbleibender Qualit\u00e4t.<\/p>\n<p data-start=\"3536\" data-end=\"3707\">Von <strong data-start=\"3541\" data-end=\"3575\">Kohlefaser-Teleskoprohre<\/strong> Zu <strong data-start=\"3579\" data-end=\"3613\">Rohrbaugruppen mit gro\u00dfem Durchmesser<\/strong>, liefern wir verl\u00e4ssliche Produkte f\u00fcr <strong data-start=\"3650\" data-end=\"3659\">Drohne<\/strong>, <strong data-start=\"3661\" data-end=\"3672\">Fahrrad<\/strong>, Und <strong data-start=\"3678\" data-end=\"3706\">industrielle Fertigung<\/strong>.<\/p>\n<p data-start=\"3709\" data-end=\"3885\">\ud83d\udcac <a href=\"https:\/\/pcxcomposite.com\/de\/kontakt\/\"><strong>Kontakt, um ein Angebot oder Muster anzufordern<\/strong><\/a> - unser Ingenieurteam kann Ihnen bei der Auswahl der richtigen <strong data-start=\"3815\" data-end=\"3851\">Kohlefaserrohre mit gro\u00dfem Durchmesser<\/strong>\u00a0um Ihre genauen Spezifikationen zu erf\u00fcllen.<\/p>","protected":false},"excerpt":{"rendered":"<p>\u00a0Large Diameter Carbon Fiber Tubes \u2014 Strength, Size, and Precision Built for Bigger Projects, Designed for Performance Our large carbon [&hellip;]<\/p>","protected":false},"featured_media":2065,"template":"","meta":{"_uag_custom_page_level_css":"","site-sidebar-layout":"default","site-content-layout":"","ast-site-content-layout":"default","site-content-style":"default","site-sidebar-style":"default","ast-global-header-display":"","ast-banner-title-visibility":"","ast-main-header-display":"","ast-hfb-above-header-display":"","ast-hfb-below-header-display":"","ast-hfb-mobile-header-display":"","site-post-title":"","ast-breadcrumbs-content":"","ast-featured-img":"","footer-sml-layout":"","theme-transparent-header-meta":"default","adv-header-id-meta":"","stick-header-meta":"","header-above-stick-meta":"","header-main-stick-meta":"","header-below-stick-meta":"","astra-migrate-meta-layouts":"set","ast-page-background-enabled":"default","ast-page-background-meta":{"desktop":{"background-color":"var(--ast-global-color-4)","background-image":"","background-repeat":"repeat","background-position":"center center","background-size":"auto","background-attachment":"scroll","background-type":"","background-media":"","overlay-type":"","overlay-color":"","overlay-opacity":"","overlay-gradient":""},"tablet":{"background-color":"","background-image":"","background-repeat":"repeat","background-position":"center center","background-size":"auto","background-attachment":"scroll","background-type":"","background-media":"","overlay-type":"","overlay-color":"","overlay-opacity":"","overlay-gradient":""},"mobile":{"background-color":"","background-image":"","background-repeat":"repeat","background-position":"center center","background-size":"auto","background-attachment":"scroll","background-type":"","background-media":"","overlay-type":"","overlay-color":"","overlay-opacity":"","overlay-gradient":""}},"ast-content-background-meta":{"desktop":{"background-color":"var(--ast-global-color-5)","background-image":"","background-repeat":"repeat","background-position":"center center","background-size":"auto","background-attachment":"scroll","background-type":"","background-media":"","overlay-type":"","overlay-color":"","overlay-opacity":"","overlay-gradient":""},"tablet":{"background-color":"var(--ast-global-color-5)","background-image":"","background-repeat":"repeat","background-position":"center center","background-size":"auto","background-attachment":"scroll","background-type":"","background-media":"","overlay-type":"","overlay-color":"","overlay-opacity":"","overlay-gradient":""},"mobile":{"background-color":"var(--ast-global-color-5)","background-image":"","background-repeat":"repeat","background-position":"center center","background-size":"auto","background-attachment":"scroll","background-type":"","background-media":"","overlay-type":"","overlay-color":"","overlay-opacity":"","overlay-gradient":""}}},"product_brand":[],"product_cat":[20],"product_tag":[36],"class_list":{"0":"post-1823","1":"product","2":"type-product","3":"status-publish","4":"has-post-thumbnail","6":"product_cat-carbon-fiber-tube","7":"product_tag-round-tube","8":"desktop-align-left","9":"tablet-align-left","10":"mobile-align-left","12":"first","13":"instock","14":"shipping-taxable","15":"product-type-simple"},"yoast_head":"<!-- This site is optimized with the Yoast SEO plugin v26.1.1 - https:\/\/yoast.com\/wordpress\/plugins\/seo\/ -->\n<title>Large Carbon Fiber Tubes - PCX Composite<\/title>\n<meta name=\"description\" content=\"Buy large carbon fiber tubes with custom length, diameter, and CNC cutting. Lightweight, durable, and perfect for drones, robotics, and sports equipment.\" \/>\n<meta name=\"robots\" content=\"index, follow, max-snippet:-1, max-image-preview:large, max-video-preview:-1\" \/>\n<link rel=\"canonical\" href=\"https:\/\/pcxcomposite.com\/de\/product\/groses-kohlefaserrohr\/\" \/>\n<meta property=\"og:locale\" content=\"de_DE\" \/>\n<meta property=\"og:type\" content=\"article\" \/>\n<meta property=\"og:title\" content=\"Large Carbon Fiber Tubes - PCX Composite\" \/>\n<meta property=\"og:description\" content=\"Buy large carbon fiber tubes with custom length, diameter, and CNC cutting. Lightweight, durable, and perfect for drones, robotics, and sports equipment.\" \/>\n<meta property=\"og:url\" content=\"https:\/\/pcxcomposite.com\/de\/product\/groses-kohlefaserrohr\/\" \/>\n<meta property=\"og:site_name\" content=\"pcxcomposite.com\" \/>\n<meta property=\"article:modified_time\" content=\"2025-10-21T03:14:45+00:00\" \/>\n<meta property=\"og:image\" content=\"https:\/\/pcxcomposite.com\/wp-content\/uploads\/2025\/04\/Large-diameter-carbon-fiber-tube-close-up-with-glossy-finish.png\" \/>\n\t<meta property=\"og:image:width\" content=\"502\" \/>\n\t<meta property=\"og:image:height\" content=\"497\" \/>\n\t<meta property=\"og:image:type\" content=\"image\/png\" \/>\n<meta name=\"twitter:card\" content=\"summary_large_image\" \/>\n<meta name=\"twitter:label1\" content=\"Gesch\u00e4tzte Lesezeit\" \/>\n\t<meta name=\"twitter:data1\" content=\"3\u00a0Minuten\" \/>\n<script type=\"application\/ld+json\" class=\"yoast-schema-graph\">{\"@context\":\"https:\/\/schema.org\",\"@graph\":[{\"@type\":\"WebPage\",\"@id\":\"https:\/\/pcxcomposite.com\/product\/large-carbon-fiber-tube\/\",\"url\":\"https:\/\/pcxcomposite.com\/product\/large-carbon-fiber-tube\/\",\"name\":\"Large Carbon Fiber Tubes - PCX Composite\",\"isPartOf\":{\"@id\":\"https:\/\/pcxcomposite.com\/#website\"},\"primaryImageOfPage\":{\"@id\":\"https:\/\/pcxcomposite.com\/product\/large-carbon-fiber-tube\/#primaryimage\"},\"image\":{\"@id\":\"https:\/\/pcxcomposite.com\/product\/large-carbon-fiber-tube\/#primaryimage\"},\"thumbnailUrl\":\"https:\/\/pcxcomposite.com\/wp-content\/uploads\/2025\/04\/large-diameter-carbon-fiber-tube-close-up.png\",\"datePublished\":\"2025-04-18T12:26:34+00:00\",\"dateModified\":\"2025-10-21T03:14:45+00:00\",\"description\":\"Buy large carbon fiber tubes with custom length, diameter, and CNC cutting. Lightweight, durable, and perfect for drones, robotics, and sports equipment.\",\"breadcrumb\":{\"@id\":\"https:\/\/pcxcomposite.com\/product\/large-carbon-fiber-tube\/#breadcrumb\"},\"inLanguage\":\"de\",\"potentialAction\":[{\"@type\":\"ReadAction\",\"target\":[\"https:\/\/pcxcomposite.com\/product\/large-carbon-fiber-tube\/\"]}]},{\"@type\":\"ImageObject\",\"inLanguage\":\"de\",\"@id\":\"https:\/\/pcxcomposite.com\/product\/large-carbon-fiber-tube\/#primaryimage\",\"url\":\"https:\/\/pcxcomposite.com\/wp-content\/uploads\/2025\/04\/large-diameter-carbon-fiber-tube-close-up.png\",\"contentUrl\":\"https:\/\/pcxcomposite.com\/wp-content\/uploads\/2025\/04\/large-diameter-carbon-fiber-tube-close-up.png\",\"width\":502,\"height\":497,\"caption\":\"CNC carbon fiber tube cutting service\"},{\"@type\":\"BreadcrumbList\",\"@id\":\"https:\/\/pcxcomposite.com\/product\/large-carbon-fiber-tube\/#breadcrumb\",\"itemListElement\":[{\"@type\":\"ListItem\",\"position\":1,\"name\":\"Home\",\"item\":\"https:\/\/pcxcomposite.com\/\"},{\"@type\":\"ListItem\",\"position\":2,\"name\":\"Shop\",\"item\":\"https:\/\/pcxcomposite.com\/shop\/\"},{\"@type\":\"ListItem\",\"position\":3,\"name\":\"Large Carbon Fiber Tube\"}]},{\"@type\":\"WebSite\",\"@id\":\"https:\/\/pcxcomposite.com\/#website\",\"url\":\"https:\/\/pcxcomposite.com\/\",\"name\":\"pcxcomposite.com\",\"description\":\"\",\"publisher\":{\"@id\":\"https:\/\/pcxcomposite.com\/#organization\"},\"potentialAction\":[{\"@type\":\"SearchAction\",\"target\":{\"@type\":\"EntryPoint\",\"urlTemplate\":\"https:\/\/pcxcomposite.com\/?s={search_term_string}\"},\"query-input\":{\"@type\":\"PropertyValueSpecification\",\"valueRequired\":true,\"valueName\":\"search_term_string\"}}],\"inLanguage\":\"de\"},{\"@type\":\"Organization\",\"@id\":\"https:\/\/pcxcomposite.com\/#organization\",\"name\":\"pcxcomposite.com\",\"url\":\"https:\/\/pcxcomposite.com\/\",\"logo\":{\"@type\":\"ImageObject\",\"inLanguage\":\"de\",\"@id\":\"https:\/\/pcxcomposite.com\/#\/schema\/logo\/image\/\",\"url\":\"https:\/\/pcxcomposite.com\/wp-content\/uploads\/2025\/04\/carbon-fiber-manufacturer.png\",\"contentUrl\":\"https:\/\/pcxcomposite.com\/wp-content\/uploads\/2025\/04\/carbon-fiber-manufacturer.png\",\"width\":177,\"height\":59,\"caption\":\"pcxcomposite.com\"},\"image\":{\"@id\":\"https:\/\/pcxcomposite.com\/#\/schema\/logo\/image\/\"}}]}<\/script>\n<!-- \/ Yoast SEO plugin. -->","yoast_head_json":{"title":"Gro\u00dfe Kohlenstofffaser-Rohre - PCX Composite","description":"Kaufen Sie gro\u00dfe Kohlefaserrohre mit individueller L\u00e4nge, Durchmesser und CNC-Schneiden. Leicht, langlebig und perfekt f\u00fcr Drohnen, Robotik und Sportger\u00e4te.","robots":{"index":"index","follow":"follow","max-snippet":"max-snippet:-1","max-image-preview":"max-image-preview:large","max-video-preview":"max-video-preview:-1"},"canonical":"https:\/\/pcxcomposite.com\/de\/product\/groses-kohlefaserrohr\/","og_locale":"de_DE","og_type":"article","og_title":"Large Carbon Fiber Tubes - PCX Composite","og_description":"Buy large carbon fiber tubes with custom length, diameter, and CNC cutting. Lightweight, durable, and perfect for drones, robotics, and sports equipment.","og_url":"https:\/\/pcxcomposite.com\/de\/product\/groses-kohlefaserrohr\/","og_site_name":"pcxcomposite.com","article_modified_time":"2025-10-21T03:14:45+00:00","og_image":[{"width":502,"height":497,"url":"https:\/\/pcxcomposite.com\/wp-content\/uploads\/2025\/04\/Large-diameter-carbon-fiber-tube-close-up-with-glossy-finish.png","type":"image\/png"}],"twitter_card":"summary_large_image","twitter_misc":{"Gesch\u00e4tzte Lesezeit":"3\u00a0Minuten"},"schema":{"@context":"https:\/\/schema.org","@graph":[{"@type":"WebPage","@id":"https:\/\/pcxcomposite.com\/product\/large-carbon-fiber-tube\/","url":"https:\/\/pcxcomposite.com\/product\/large-carbon-fiber-tube\/","name":"Gro\u00dfe Kohlenstofffaser-Rohre - PCX Composite","isPartOf":{"@id":"https:\/\/pcxcomposite.com\/#website"},"primaryImageOfPage":{"@id":"https:\/\/pcxcomposite.com\/product\/large-carbon-fiber-tube\/#primaryimage"},"image":{"@id":"https:\/\/pcxcomposite.com\/product\/large-carbon-fiber-tube\/#primaryimage"},"thumbnailUrl":"https:\/\/pcxcomposite.com\/wp-content\/uploads\/2025\/04\/large-diameter-carbon-fiber-tube-close-up.png","datePublished":"2025-04-18T12:26:34+00:00","dateModified":"2025-10-21T03:14:45+00:00","description":"Kaufen Sie gro\u00dfe Kohlefaserrohre mit individueller L\u00e4nge, Durchmesser und CNC-Schneiden. Leicht, langlebig und perfekt f\u00fcr Drohnen, Robotik und Sportger\u00e4te.","breadcrumb":{"@id":"https:\/\/pcxcomposite.com\/product\/large-carbon-fiber-tube\/#breadcrumb"},"inLanguage":"de","potentialAction":[{"@type":"ReadAction","target":["https:\/\/pcxcomposite.com\/product\/large-carbon-fiber-tube\/"]}]},{"@type":"ImageObject","inLanguage":"de","@id":"https:\/\/pcxcomposite.com\/product\/large-carbon-fiber-tube\/#primaryimage","url":"https:\/\/pcxcomposite.com\/wp-content\/uploads\/2025\/04\/large-diameter-carbon-fiber-tube-close-up.png","contentUrl":"https:\/\/pcxcomposite.com\/wp-content\/uploads\/2025\/04\/large-diameter-carbon-fiber-tube-close-up.png","width":502,"height":497,"caption":"CNC carbon fiber tube cutting service"},{"@type":"BreadcrumbList","@id":"https:\/\/pcxcomposite.com\/product\/large-carbon-fiber-tube\/#breadcrumb","itemListElement":[{"@type":"ListItem","position":1,"name":"Home","item":"https:\/\/pcxcomposite.com\/"},{"@type":"ListItem","position":2,"name":"Shop","item":"https:\/\/pcxcomposite.com\/shop\/"},{"@type":"ListItem","position":3,"name":"Large Carbon Fiber Tube"}]},{"@type":"WebSite","@id":"https:\/\/pcxcomposite.com\/#website","url":"https:\/\/pcxcomposite.com\/","name":"pcxcomposite.de","description":"","publisher":{"@id":"https:\/\/pcxcomposite.com\/#organization"},"potentialAction":[{"@type":"SearchAction","target":{"@type":"EntryPoint","urlTemplate":"https:\/\/pcxcomposite.com\/?s={search_term_string}"},"query-input":{"@type":"PropertyValueSpecification","valueRequired":true,"valueName":"search_term_string"}}],"inLanguage":"de"},{"@type":"Organization","@id":"https:\/\/pcxcomposite.com\/#organization","name":"pcxcomposite.de","url":"https:\/\/pcxcomposite.com\/","logo":{"@type":"ImageObject","inLanguage":"de","@id":"https:\/\/pcxcomposite.com\/#\/schema\/logo\/image\/","url":"https:\/\/pcxcomposite.com\/wp-content\/uploads\/2025\/04\/carbon-fiber-manufacturer.png","contentUrl":"https:\/\/pcxcomposite.com\/wp-content\/uploads\/2025\/04\/carbon-fiber-manufacturer.png","width":177,"height":59,"caption":"pcxcomposite.com"},"image":{"@id":"https:\/\/pcxcomposite.com\/#\/schema\/logo\/image\/"}}]}},"spectra_custom_meta":{"total_sales":["0"],"_tax_status":["taxable"],"_tax_class":[""],"_manage_stock":["no"],"_backorders":["no"],"_sold_individually":["no"],"_virtual":["no"],"_downloadable":["no"],"_product_image_gallery":["2067,2068,2066"],"_download_limit":["-1"],"_download_expiry":["-1"],"_stock":[null],"_stock_status":["instock"],"_wc_average_rating":["0"],"_wc_review_count":["0"],"_product_version":["9.8.4"],"site-sidebar-layout":["default"],"ast-site-content-layout":["default"],"site-content-style":["default"],"site-sidebar-style":["default"],"theme-transparent-header-meta":["default"],"_edit_lock":["1761016376:1"],"_edit_last":["1"],"_thumbnail_id":["2065"],"astra-migrate-meta-layouts":["set"],"_yoast_wpseo_primary_product_brand":[""],"_yoast_wpseo_primary_product_cat":[""],"_yoast_wpseo_focuskw":["large carbon fiber tubes"],"_yoast_wpseo_title":["Large Carbon Fiber Tubes %%page%% %%sep%% PCX Composite"],"_yoast_wpseo_metadesc":["Buy large carbon fiber tubes with custom length, diameter, and CNC cutting. Lightweight, durable, and perfect for drones, robotics, and sports equipment."],"_yoast_wpseo_linkdex":["93"],"_yoast_wpseo_content_score":["90"],"_yoast_wpseo_estimated-reading-time-minutes":["3"],"_uag_page_assets":["a:9:{s:3:\"css\";s:263:\".uag-blocks-common-selector{z-index:var(--z-index-desktop) !important}@media (max-width: 976px){.uag-blocks-common-selector{z-index:var(--z-index-tablet) !important}}@media (max-width: 767px){.uag-blocks-common-selector{z-index:var(--z-index-mobile) !important}}\n\";s:2:\"js\";s:0:\"\";s:18:\"current_block_list\";a:8:{i:0;s:11:\"core\/search\";i:1;s:10:\"core\/group\";i:2;s:12:\"core\/heading\";i:3;s:17:\"core\/latest-posts\";i:4;s:20:\"core\/latest-comments\";i:5;s:13:\"core\/archives\";i:6;s:15:\"core\/categories\";i:7;s:10:\"core\/image\";}s:8:\"uag_flag\";b:0;s:11:\"uag_version\";s:10:\"1775106978\";s:6:\"gfonts\";a:0:{}s:10:\"gfonts_url\";s:0:\"\";s:12:\"gfonts_files\";a:0:{}s:14:\"uag_faq_layout\";b:0;}"],"_uag_css_file_name":["uag-css-1823.css"],"_elementor_page_assets":["a:0:{}"]},"uagb_featured_image_src":{"full":["https:\/\/pcxcomposite.com\/wp-content\/uploads\/2025\/04\/large-diameter-carbon-fiber-tube-close-up.png",502,497,false],"thumbnail":["https:\/\/pcxcomposite.com\/wp-content\/uploads\/2025\/04\/large-diameter-carbon-fiber-tube-close-up-150x150.png",150,150,true],"medium":["https:\/\/pcxcomposite.com\/wp-content\/uploads\/2025\/04\/large-diameter-carbon-fiber-tube-close-up-300x297.png",300,297,true],"medium_large":["https:\/\/pcxcomposite.com\/wp-content\/uploads\/2025\/04\/large-diameter-carbon-fiber-tube-close-up.png",502,497,false],"large":["https:\/\/pcxcomposite.com\/wp-content\/uploads\/2025\/04\/large-diameter-carbon-fiber-tube-close-up.png",502,497,false],"1536x1536":["https:\/\/pcxcomposite.com\/wp-content\/uploads\/2025\/04\/large-diameter-carbon-fiber-tube-close-up.png",502,497,false],"2048x2048":["https:\/\/pcxcomposite.com\/wp-content\/uploads\/2025\/04\/large-diameter-carbon-fiber-tube-close-up.png",502,497,false],"trp-custom-language-flag":["https:\/\/pcxcomposite.com\/wp-content\/uploads\/2025\/04\/large-diameter-carbon-fiber-tube-close-up.png",12,12,false],"woocommerce_thumbnail":["https:\/\/pcxcomposite.com\/wp-content\/uploads\/2025\/04\/large-diameter-carbon-fiber-tube-close-up-300x225.png",300,225,true],"woocommerce_single":["https:\/\/pcxcomposite.com\/wp-content\/uploads\/2025\/04\/large-diameter-carbon-fiber-tube-close-up-300x297.png",300,297,true],"woocommerce_gallery_thumbnail":["https:\/\/pcxcomposite.com\/wp-content\/uploads\/2025\/04\/large-diameter-carbon-fiber-tube-close-up-100x100.png",100,100,true]},"uagb_author_info":{"display_name":"info@pcxcomposite.com","author_link":"https:\/\/pcxcomposite.com\/de\/author\/"},"uagb_comment_info":0,"uagb_excerpt":"\u00a0Large Diameter Carbon Fiber Tubes \u2014 Strength, Size, and Precision Built for Bigger Projects, Designed for Performance Our large carbon [&hellip;]","_links":{"self":[{"href":"https:\/\/pcxcomposite.com\/de\/wp-json\/wp\/v2\/product\/1823","targetHints":{"allow":["GET"]}}],"collection":[{"href":"https:\/\/pcxcomposite.com\/de\/wp-json\/wp\/v2\/product"}],"about":[{"href":"https:\/\/pcxcomposite.com\/de\/wp-json\/wp\/v2\/types\/product"}],"wp:featuredmedia":[{"embeddable":true,"href":"https:\/\/pcxcomposite.com\/de\/wp-json\/wp\/v2\/media\/2065"}],"wp:attachment":[{"href":"https:\/\/pcxcomposite.com\/de\/wp-json\/wp\/v2\/media?parent=1823"}],"wp:term":[{"taxonomy":"product_brand","embeddable":true,"href":"https:\/\/pcxcomposite.com\/de\/wp-json\/wp\/v2\/product_brand?post=1823"},{"taxonomy":"product_cat","embeddable":true,"href":"https:\/\/pcxcomposite.com\/de\/wp-json\/wp\/v2\/product_cat?post=1823"},{"taxonomy":"product_tag","embeddable":true,"href":"https:\/\/pcxcomposite.com\/de\/wp-json\/wp\/v2\/product_tag?post=1823"}],"curies":[{"name":"wp","href":"https:\/\/api.w.org\/{rel}","templated":true}]}}