{"id":1831,"date":"2025-04-18T13:18:34","date_gmt":"2025-04-18T13:18:34","guid":{"rendered":"https:\/\/pcxcomposite.com\/?post_type=product&#038;p=1831"},"modified":"2025-10-21T04:23:49","modified_gmt":"2025-10-21T04:23:49","slug":"kohlefaser-teleskopstangen","status":"publish","type":"product","link":"https:\/\/pcxcomposite.com\/de\/product\/kohlefaser-teleskopstangen\/","title":{"rendered":"Kohlefaser-Teleskopstangen"},"content":{"rendered":"<h1 style=\"position: absolute; left: -9999px; top: -9999px; width: 1px; height: 1px; overflow: hidden;\">sCarbon Fiber Telescoping Pole - Leichtgewichtige St\u00e4rke mit verstellbarem Design<\/h1>\n<h2 style=\"font-size: 25px; font-weight: 600; line-height: 1.3; margin-bottom: 15px;\">Sanfte Verl\u00e4ngerung, starke Leistung<\/h2>\n<p data-start=\"430\" data-end=\"784\">Unser <strong data-start=\"434\" data-end=\"468\">Kohlefaser-Teleskopstangen <\/strong>sind auf Vielseitigkeit, St\u00e4rke und Tragbarkeit ausgelegt.<br data-start=\"527\" data-end=\"530\" \/>Gebaut aus <strong data-start=\"541\" data-end=\"562\">echte Kohlefaser<\/strong> oder <strong data-start=\"566\" data-end=\"589\">Glasfasermaterial<\/strong>, diese <strong data-start=\"597\" data-end=\"631\">teleskopierbare Kohlefaserrohre<\/strong> M\u00e4hdrescher <strong data-start=\"640\" data-end=\"656\">leichtes Gewicht<\/strong> mit <strong data-start=\"662\" data-end=\"687\">au\u00dfergew\u00f6hnliche Steifigkeit<\/strong> - ideal f\u00fcr <strong data-start=\"700\" data-end=\"722\">Reinigungsger\u00e4te<\/strong>, <strong data-start=\"724\" data-end=\"740\">Kameraausleger<\/strong>, <strong data-start=\"742\" data-end=\"755\">Fahnenmasten<\/strong>, Und <strong data-start=\"761\" data-end=\"783\">robotische Erweiterungen<\/strong>.<\/p>\n<p data-start=\"786\" data-end=\"1098\">Jede <strong data-start=\"791\" data-end=\"810\">Teleskoprohr<\/strong> bietet eine pr\u00e4zise Passform und eine reibungslose Gleitbewegung. Sie k\u00f6nnen leicht einstellen die <strong data-start=\"887\" data-end=\"910\">L\u00e4nge und Durchmesser<\/strong> passend zu Ihrer Anwendung. Ob f\u00fcr <strong data-start=\"950\" data-end=\"969\">Industriearbeit<\/strong>, <strong data-start=\"971\" data-end=\"987\">Outdoor-Ausr\u00fcstung<\/strong>, oder <strong data-start=\"992\" data-end=\"1013\">kundenspezifische Strukturen<\/strong>, unser <strong data-start=\"1019\" data-end=\"1052\">verstellbare St\u00f6cke aus Kohlefaser<\/strong> gew\u00e4hrleisten zuverl\u00e4ssige und leistungsstarke Ergebnisse.<\/p>\n<hr data-start=\"1100\" data-end=\"1103\" \/>\n<h2 style=\"font-size: 25px; font-weight: 600; line-height: 1.3; margin-bottom: 15px;\">Kundenspezifische Gr\u00f6\u00dfen und Fertigungsoptionen<\/h2>\n<p data-start=\"1153\" data-end=\"1402\">Als vertrauensw\u00fcrdiger <strong data-start=\"1166\" data-end=\"1200\">Hersteller von Kohlefaserrohren<\/strong>, PCX Composite bietet <strong data-start=\"1225\" data-end=\"1272\">ma\u00dfgefertigte Kohlefaser-Teleskoprohre<\/strong> mit flexiblen Gestaltungsm\u00f6glichkeiten - einschlie\u00dflich <strong data-start=\"1314\" data-end=\"1337\">Gr\u00f6\u00dfen von Vierkantrohren<\/strong>, <strong data-start=\"1339\" data-end=\"1366\">runde Teleskoprohre<\/strong>, Und <strong data-start=\"1372\" data-end=\"1401\">teleskopierbare Vierkantrohre<\/strong>.<\/p>\n<p data-start=\"1404\" data-end=\"1718\">Unser Profi <a href=\"https:\/\/www.youtube.com\/watch?v=d4JZDV9r96g\"><strong data-start=\"1421\" data-end=\"1436\">CNC-Dienstleistung<\/strong><\/a> und <strong data-start=\"1441\" data-end=\"1460\">Schneideservice<\/strong> garantieren die Genauigkeit f\u00fcr jeden Abschnitt und gew\u00e4hrleisten eine nahtlose <strong data-start=\"1516\" data-end=\"1547\">Teleskoprohrverbinder<\/strong> und einen festen, sicheren Sitz.<br data-start=\"1572\" data-end=\"1575\" \/>Sie k\u00f6nnen auch w\u00e4hlen <strong data-start=\"1595\" data-end=\"1615\">farbige Lacke<\/strong>, <strong data-start=\"1617\" data-end=\"1636\">gef\u00e4lschte Muster<\/strong>, oder <strong data-start=\"1641\" data-end=\"1666\">matte\/gl\u00e4nzende Beschichtungen<\/strong> f\u00fcr ein dekoratives Aussehen ohne Abstriche bei der Festigkeit.<\/p>\n<p data-start=\"1720\" data-end=\"1742\"><strong data-start=\"1720\" data-end=\"1742\">Verf\u00fcgbare Optionen f\u00fcr :<\/strong><\/p>\n<ul>\n<li>Teleskopierbare Abschnitte mit <strong>verstellbare L\u00e4nge<\/strong><\/li>\n<li><strong>Rohrschellen aus Kohlefaser <\/strong>und <strong>Teleskoprohrschl\u00f6sser<\/strong><\/li>\n<li><strong>Runde oder quadratische Teleskoprohre<\/strong><\/li>\n<li>Optional <strong>Glasfasermaterial<\/strong><strong>, farbige Kohlefaser, <\/strong>oder <strong>geschmiedetes Kohlenstoffmuster<\/strong>\u00a0Entw\u00fcrfe<\/li>\n<\/ul>\n<hr data-start=\"1975\" data-end=\"1978\" \/>\n<h2 style=\"font-size: 25px; font-weight: 600; line-height: 1.3; margin-bottom: 15px;\">Breite Palette von Anwendungen<\/h2>\n<h3 style=\"font-size: 16px; font-weight: 400; line-height: 1.6; margin: 0 0 12px;\">Unser <strong>Kohlefaser-Teleskopstangen<\/strong> sind f\u00fcr verschiedene Branchen und Aufgaben geeignet, darunter:<\/h3>\n<ul>\n<li><strong>Teleskoprohre f\u00fcr Reinigungsger\u00e4te<\/strong>- leicht und einfach zu kontrollieren<\/li>\n<li><strong>Kameraausleger und verstellbare Gestelle<\/strong>- stark und doch tragbar<\/li>\n<li><strong>Fahnenmasten und verstellbare Schildermasten<\/strong>- elegant und witterungsbest\u00e4ndig<\/li>\n<li><strong>Leichte Zeltplanen und Outdoor-Stangen<\/strong>- kompakt f\u00fcr die Reise<\/li>\n<li><strong>Robotische Erweiterungen<\/strong>- dauerhaft und stabil bei dynamischer Bewegung<\/li>\n<li><strong>Industrielle verstellbare Masten und Gestellsysteme<\/strong><\/li>\n<li><strong>Pf\u00e4hle f\u00fcr Obstpfl\u00fccker<\/strong>-verstellbar und leicht mit individuellen L\u00e4ngen<\/li>\n<\/ul>\n<p data-start=\"2549\" data-end=\"2697\">Die Kombination von <strong data-start=\"2568\" data-end=\"2584\">leichtes Gewicht<\/strong>, <strong data-start=\"2586\" data-end=\"2606\">Zugfestigkeit<\/strong>, Und <strong data-start=\"2612\" data-end=\"2633\">kundenspezifisches Design<\/strong> macht diese St\u00f6cke ideal f\u00fcr den professionellen und privaten Gebrauch.<\/p>\n<hr data-start=\"2699\" data-end=\"2702\" \/>\n<h2 style=\"font-size: 25px; font-weight: 600; line-height: 1.3; margin-bottom: 15px;\">Warum PCX Composite w\u00e4hlen<\/h2>\n<ul>\n<li><strong>Echte Kohlefaser-Konstruktion<\/strong>- au\u00dfergew\u00f6hnliches Verh\u00e4ltnis von Festigkeit zu Gewicht.<\/li>\n<li><strong>Teleskopische Pr\u00e4zision<\/strong>- einfache Einstellung mit leichtg\u00e4ngiger Rohrbewegung.<\/li>\n<li><strong>CNC-gefr\u00e4ste Enden<\/strong>- pr\u00e4zise <strong>Schneideservice<\/strong>\u00a0f\u00fcr perfekten Sitz und Ausrichtung.<\/li>\n<li><strong>\u00c4sthetische Optionen<\/strong>- verf\u00fcgbar <strong>mit Farben<\/strong>, <strong>gef\u00e4lschte Muster<\/strong>, oder <strong>Glasfaserausf\u00fchrungen<\/strong>.<\/li>\n<li><strong>Langlebig und leicht<\/strong>- f\u00fcr wiederholtes Aus- und Einfahren gebaut.<\/li>\n<li><strong>Ma\u00dfgeschneidert &amp; einstellbar<\/strong>- flexibel <strong>L\u00e4nge und Durchmesser<\/strong>\u00a0f\u00fcr Ihre Bed\u00fcrfnisse.<\/li>\n<\/ul>\n<p data-start=\"3266\" data-end=\"3382\">Wir liefern sowohl <strong data-start=\"3281\" data-end=\"3318\">runde und quadratische Teleskoprohre<\/strong>, und bieten <strong data-start=\"3332\" data-end=\"3352\">OEM oder Gro\u00dfhandel<\/strong> Dienstleistungen f\u00fcr globale Partner.<\/p>\n<hr data-start=\"3384\" data-end=\"3387\" \/>\n<h2 style=\"font-size: 25px; font-weight: 600; line-height: 1.3; margin-bottom: 15px;\">Wo kann man Carbonfaser-Teleskopstangen kaufen?<\/h2>\n<p data-start=\"3442\" data-end=\"3745\">Suche nach <strong data-start=\"3454\" data-end=\"3497\">teleskopierbare Kohlefaserrohre zu verkaufen<\/strong> oder eine zuverl\u00e4ssige <strong data-start=\"3512\" data-end=\"3546\">Hersteller von Kohlefaserrohren<\/strong>?<br data-start=\"3547\" data-end=\"3550\" \/>PCX Composite bietet <strong data-start=\"3571\" data-end=\"3602\">kundenspezifische Teleskoprohre<\/strong> und <strong data-start=\"3607\" data-end=\"3629\">Kohlefaserstangen<\/strong> mit einstellbaren Optionen - perfekt f\u00fcr <strong data-start=\"3668\" data-end=\"3681\">Fahnenmasten<\/strong>, <strong data-start=\"3683\" data-end=\"3700\">Kamerahalterungen<\/strong>, <strong data-start=\"3702\" data-end=\"3722\">Reinigungssysteme<\/strong>, Und <strong data-start=\"3728\" data-end=\"3744\">Roboterarme<\/strong>.<\/p>\n<p data-start=\"3747\" data-end=\"3960\">Kontaktieren Sie uns noch heute, um <strong data-start=\"3767\" data-end=\"3793\">Kohlefaserrohre kaufen<\/strong> oder <a href=\"https:\/\/pcxcomposite.com\/de\/kontakt\/\">einen Antrag stellen <strong data-start=\"3807\" data-end=\"3847\">kundenspezifischer Teleskopstock aus Kohlefaser<\/strong><\/a> f\u00fcr Ihr n\u00e4chstes Projekt.<br data-start=\"3870\" data-end=\"3873\" \/>Wir stellen sicher, dass jedes Produkt die <strong data-start=\"3910\" data-end=\"3950\">Kraft, Pr\u00e4zision und Flexibilit\u00e4t<\/strong> Sie ben\u00f6tigen.<\/p>","protected":false},"excerpt":{"rendered":"<p>sCarbon Fiber Telescoping Pole \u2014 Lightweight Strength with Adjustable Design Smooth Extension, Strong Performance Our carbon fiber telescopic poles are\u00a0engineered [&hellip;]<\/p>","protected":false},"featured_media":2070,"template":"","meta":{"_uag_custom_page_level_css":"","site-sidebar-layout":"default","site-content-layout":"","ast-site-content-layout":"default","site-content-style":"default","site-sidebar-style":"default","ast-global-header-display":"","ast-banner-title-visibility":"","ast-main-header-display":"","ast-hfb-above-header-display":"","ast-hfb-below-header-display":"","ast-hfb-mobile-header-display":"","site-post-title":"","ast-breadcrumbs-content":"","ast-featured-img":"","footer-sml-layout":"","theme-transparent-header-meta":"default","adv-header-id-meta":"","stick-header-meta":"","header-above-stick-meta":"","header-main-stick-meta":"","header-below-stick-meta":"","astra-migrate-meta-layouts":"set","ast-page-background-enabled":"default","ast-page-background-meta":{"desktop":{"background-color":"var(--ast-global-color-4)","background-image":"","background-repeat":"repeat","background-position":"center center","background-size":"auto","background-attachment":"scroll","background-type":"","background-media":"","overlay-type":"","overlay-color":"","overlay-opacity":"","overlay-gradient":""},"tablet":{"background-color":"","background-image":"","background-repeat":"repeat","background-position":"center center","background-size":"auto","background-attachment":"scroll","background-type":"","background-media":"","overlay-type":"","overlay-color":"","overlay-opacity":"","overlay-gradient":""},"mobile":{"background-color":"","background-image":"","background-repeat":"repeat","background-position":"center center","background-size":"auto","background-attachment":"scroll","background-type":"","background-media":"","overlay-type":"","overlay-color":"","overlay-opacity":"","overlay-gradient":""}},"ast-content-background-meta":{"desktop":{"background-color":"var(--ast-global-color-5)","background-image":"","background-repeat":"repeat","background-position":"center center","background-size":"auto","background-attachment":"scroll","background-type":"","background-media":"","overlay-type":"","overlay-color":"","overlay-opacity":"","overlay-gradient":""},"tablet":{"background-color":"var(--ast-global-color-5)","background-image":"","background-repeat":"repeat","background-position":"center center","background-size":"auto","background-attachment":"scroll","background-type":"","background-media":"","overlay-type":"","overlay-color":"","overlay-opacity":"","overlay-gradient":""},"mobile":{"background-color":"var(--ast-global-color-5)","background-image":"","background-repeat":"repeat","background-position":"center center","background-size":"auto","background-attachment":"scroll","background-type":"","background-media":"","overlay-type":"","overlay-color":"","overlay-opacity":"","overlay-gradient":""}}},"product_brand":[],"product_cat":[20],"product_tag":[36],"class_list":{"0":"post-1831","1":"product","2":"type-product","3":"status-publish","4":"has-post-thumbnail","6":"product_cat-carbon-fiber-tube","7":"product_tag-round-tube","8":"desktop-align-left","9":"tablet-align-left","10":"mobile-align-left","12":"first","13":"instock","14":"shipping-taxable","15":"product-type-simple"},"yoast_head":"<!-- This site is optimized with the Yoast SEO plugin v26.1.1 - https:\/\/yoast.com\/wordpress\/plugins\/seo\/ -->\n<title>Carbon Fiber Telescopic Poles - PCX Composite<\/title>\n<meta name=\"description\" content=\"Buy high-quality carbon fiber telescopic poles \u2014 strong, lightweight, and adjustable for cleaning, camera booms, flagpoles, robotics, and outdoor gear.\" \/>\n<meta name=\"robots\" content=\"index, follow, max-snippet:-1, max-image-preview:large, max-video-preview:-1\" \/>\n<link rel=\"canonical\" href=\"https:\/\/pcxcomposite.com\/de\/product\/kohlefaser-teleskopstangen\/\" \/>\n<meta property=\"og:locale\" content=\"de_DE\" \/>\n<meta property=\"og:type\" content=\"article\" \/>\n<meta property=\"og:title\" content=\"Carbon Fiber Telescopic Poles - PCX Composite\" \/>\n<meta property=\"og:description\" content=\"Buy high-quality carbon fiber telescopic poles \u2014 strong, lightweight, and adjustable for cleaning, camera booms, flagpoles, robotics, and outdoor gear.\" \/>\n<meta property=\"og:url\" content=\"https:\/\/pcxcomposite.com\/de\/product\/kohlefaser-teleskopstangen\/\" \/>\n<meta property=\"og:site_name\" content=\"pcxcomposite.com\" \/>\n<meta property=\"article:modified_time\" content=\"2025-10-21T04:23:49+00:00\" \/>\n<meta property=\"og:image\" content=\"https:\/\/pcxcomposite.com\/wp-content\/uploads\/2025\/04\/Carbon-fiber-telescoping-pole-with-adjustable-length.png\" \/>\n\t<meta property=\"og:image:width\" content=\"500\" \/>\n\t<meta property=\"og:image:height\" content=\"316\" \/>\n\t<meta property=\"og:image:type\" content=\"image\/png\" \/>\n<meta name=\"twitter:card\" content=\"summary_large_image\" \/>\n<meta name=\"twitter:label1\" content=\"Gesch\u00e4tzte Lesezeit\" \/>\n\t<meta name=\"twitter:data1\" content=\"3\u00a0Minuten\" \/>\n<script type=\"application\/ld+json\" class=\"yoast-schema-graph\">{\"@context\":\"https:\/\/schema.org\",\"@graph\":[{\"@type\":\"WebPage\",\"@id\":\"https:\/\/pcxcomposite.com\/product\/carbon-fiber-telescopic-poles\/\",\"url\":\"https:\/\/pcxcomposite.com\/product\/carbon-fiber-telescopic-poles\/\",\"name\":\"Carbon Fiber Telescopic Poles - PCX Composite\",\"isPartOf\":{\"@id\":\"https:\/\/pcxcomposite.com\/#website\"},\"primaryImageOfPage\":{\"@id\":\"https:\/\/pcxcomposite.com\/product\/carbon-fiber-telescopic-poles\/#primaryimage\"},\"image\":{\"@id\":\"https:\/\/pcxcomposite.com\/product\/carbon-fiber-telescopic-poles\/#primaryimage\"},\"thumbnailUrl\":\"https:\/\/pcxcomposite.com\/wp-content\/uploads\/2025\/04\/carbon-fiber-telescoping-pole-with-adjustable-length.png\",\"datePublished\":\"2025-04-18T13:18:34+00:00\",\"dateModified\":\"2025-10-21T04:23:49+00:00\",\"description\":\"Buy high-quality carbon fiber telescopic poles \u2014 strong, lightweight, and adjustable for cleaning, camera booms, flagpoles, robotics, and outdoor gear.\",\"breadcrumb\":{\"@id\":\"https:\/\/pcxcomposite.com\/product\/carbon-fiber-telescopic-poles\/#breadcrumb\"},\"inLanguage\":\"de\",\"potentialAction\":[{\"@type\":\"ReadAction\",\"target\":[\"https:\/\/pcxcomposite.com\/product\/carbon-fiber-telescopic-poles\/\"]}]},{\"@type\":\"ImageObject\",\"inLanguage\":\"de\",\"@id\":\"https:\/\/pcxcomposite.com\/product\/carbon-fiber-telescopic-poles\/#primaryimage\",\"url\":\"https:\/\/pcxcomposite.com\/wp-content\/uploads\/2025\/04\/carbon-fiber-telescoping-pole-with-adjustable-length.png\",\"contentUrl\":\"https:\/\/pcxcomposite.com\/wp-content\/uploads\/2025\/04\/carbon-fiber-telescoping-pole-with-adjustable-length.png\",\"width\":500,\"height\":316,\"caption\":\"Carbon fiber telescoping pole for cleaning equipment\"},{\"@type\":\"BreadcrumbList\",\"@id\":\"https:\/\/pcxcomposite.com\/product\/carbon-fiber-telescopic-poles\/#breadcrumb\",\"itemListElement\":[{\"@type\":\"ListItem\",\"position\":1,\"name\":\"Home\",\"item\":\"https:\/\/pcxcomposite.com\/\"},{\"@type\":\"ListItem\",\"position\":2,\"name\":\"Shop\",\"item\":\"https:\/\/pcxcomposite.com\/shop\/\"},{\"@type\":\"ListItem\",\"position\":3,\"name\":\"Carbon Fiber Telescopic Poles\"}]},{\"@type\":\"WebSite\",\"@id\":\"https:\/\/pcxcomposite.com\/#website\",\"url\":\"https:\/\/pcxcomposite.com\/\",\"name\":\"pcxcomposite.com\",\"description\":\"\",\"publisher\":{\"@id\":\"https:\/\/pcxcomposite.com\/#organization\"},\"potentialAction\":[{\"@type\":\"SearchAction\",\"target\":{\"@type\":\"EntryPoint\",\"urlTemplate\":\"https:\/\/pcxcomposite.com\/?s={search_term_string}\"},\"query-input\":{\"@type\":\"PropertyValueSpecification\",\"valueRequired\":true,\"valueName\":\"search_term_string\"}}],\"inLanguage\":\"de\"},{\"@type\":\"Organization\",\"@id\":\"https:\/\/pcxcomposite.com\/#organization\",\"name\":\"pcxcomposite.com\",\"url\":\"https:\/\/pcxcomposite.com\/\",\"logo\":{\"@type\":\"ImageObject\",\"inLanguage\":\"de\",\"@id\":\"https:\/\/pcxcomposite.com\/#\/schema\/logo\/image\/\",\"url\":\"https:\/\/pcxcomposite.com\/wp-content\/uploads\/2025\/04\/carbon-fiber-manufacturer.png\",\"contentUrl\":\"https:\/\/pcxcomposite.com\/wp-content\/uploads\/2025\/04\/carbon-fiber-manufacturer.png\",\"width\":177,\"height\":59,\"caption\":\"pcxcomposite.com\"},\"image\":{\"@id\":\"https:\/\/pcxcomposite.com\/#\/schema\/logo\/image\/\"}}]}<\/script>\n<!-- \/ Yoast SEO plugin. -->","yoast_head_json":{"title":"Kohlefaser-Teleskopstangen - PCX Composite","description":"Kaufen Sie hochwertige Kohlefaser-Teleskopstangen - stark, leicht und verstellbar f\u00fcr Reinigungsarbeiten, Kameraausleger, Fahnenmasten, Robotik und Outdoor-Ausr\u00fcstung.","robots":{"index":"index","follow":"follow","max-snippet":"max-snippet:-1","max-image-preview":"max-image-preview:large","max-video-preview":"max-video-preview:-1"},"canonical":"https:\/\/pcxcomposite.com\/de\/product\/kohlefaser-teleskopstangen\/","og_locale":"de_DE","og_type":"article","og_title":"Carbon Fiber Telescopic Poles - PCX Composite","og_description":"Buy high-quality carbon fiber telescopic poles \u2014 strong, lightweight, and adjustable for cleaning, camera booms, flagpoles, robotics, and outdoor gear.","og_url":"https:\/\/pcxcomposite.com\/de\/product\/kohlefaser-teleskopstangen\/","og_site_name":"pcxcomposite.com","article_modified_time":"2025-10-21T04:23:49+00:00","og_image":[{"width":500,"height":316,"url":"https:\/\/pcxcomposite.com\/wp-content\/uploads\/2025\/04\/Carbon-fiber-telescoping-pole-with-adjustable-length.png","type":"image\/png"}],"twitter_card":"summary_large_image","twitter_misc":{"Gesch\u00e4tzte Lesezeit":"3\u00a0Minuten"},"schema":{"@context":"https:\/\/schema.org","@graph":[{"@type":"WebPage","@id":"https:\/\/pcxcomposite.com\/product\/carbon-fiber-telescopic-poles\/","url":"https:\/\/pcxcomposite.com\/product\/carbon-fiber-telescopic-poles\/","name":"Kohlefaser-Teleskopstangen - PCX Composite","isPartOf":{"@id":"https:\/\/pcxcomposite.com\/#website"},"primaryImageOfPage":{"@id":"https:\/\/pcxcomposite.com\/product\/carbon-fiber-telescopic-poles\/#primaryimage"},"image":{"@id":"https:\/\/pcxcomposite.com\/product\/carbon-fiber-telescopic-poles\/#primaryimage"},"thumbnailUrl":"https:\/\/pcxcomposite.com\/wp-content\/uploads\/2025\/04\/carbon-fiber-telescoping-pole-with-adjustable-length.png","datePublished":"2025-04-18T13:18:34+00:00","dateModified":"2025-10-21T04:23:49+00:00","description":"Kaufen Sie hochwertige Kohlefaser-Teleskopstangen - stark, leicht und verstellbar f\u00fcr Reinigungsarbeiten, Kameraausleger, Fahnenmasten, Robotik und Outdoor-Ausr\u00fcstung.","breadcrumb":{"@id":"https:\/\/pcxcomposite.com\/product\/carbon-fiber-telescopic-poles\/#breadcrumb"},"inLanguage":"de","potentialAction":[{"@type":"ReadAction","target":["https:\/\/pcxcomposite.com\/product\/carbon-fiber-telescopic-poles\/"]}]},{"@type":"ImageObject","inLanguage":"de","@id":"https:\/\/pcxcomposite.com\/product\/carbon-fiber-telescopic-poles\/#primaryimage","url":"https:\/\/pcxcomposite.com\/wp-content\/uploads\/2025\/04\/carbon-fiber-telescoping-pole-with-adjustable-length.png","contentUrl":"https:\/\/pcxcomposite.com\/wp-content\/uploads\/2025\/04\/carbon-fiber-telescoping-pole-with-adjustable-length.png","width":500,"height":316,"caption":"Carbon fiber telescoping pole for cleaning equipment"},{"@type":"BreadcrumbList","@id":"https:\/\/pcxcomposite.com\/product\/carbon-fiber-telescopic-poles\/#breadcrumb","itemListElement":[{"@type":"ListItem","position":1,"name":"Home","item":"https:\/\/pcxcomposite.com\/"},{"@type":"ListItem","position":2,"name":"Shop","item":"https:\/\/pcxcomposite.com\/shop\/"},{"@type":"ListItem","position":3,"name":"Carbon Fiber Telescopic Poles"}]},{"@type":"WebSite","@id":"https:\/\/pcxcomposite.com\/#website","url":"https:\/\/pcxcomposite.com\/","name":"pcxcomposite.de","description":"","publisher":{"@id":"https:\/\/pcxcomposite.com\/#organization"},"potentialAction":[{"@type":"SearchAction","target":{"@type":"EntryPoint","urlTemplate":"https:\/\/pcxcomposite.com\/?s={search_term_string}"},"query-input":{"@type":"PropertyValueSpecification","valueRequired":true,"valueName":"search_term_string"}}],"inLanguage":"de"},{"@type":"Organization","@id":"https:\/\/pcxcomposite.com\/#organization","name":"pcxcomposite.de","url":"https:\/\/pcxcomposite.com\/","logo":{"@type":"ImageObject","inLanguage":"de","@id":"https:\/\/pcxcomposite.com\/#\/schema\/logo\/image\/","url":"https:\/\/pcxcomposite.com\/wp-content\/uploads\/2025\/04\/carbon-fiber-manufacturer.png","contentUrl":"https:\/\/pcxcomposite.com\/wp-content\/uploads\/2025\/04\/carbon-fiber-manufacturer.png","width":177,"height":59,"caption":"pcxcomposite.com"},"image":{"@id":"https:\/\/pcxcomposite.com\/#\/schema\/logo\/image\/"}}]}},"spectra_custom_meta":{"total_sales":["0"],"_tax_status":["taxable"],"_tax_class":[""],"_manage_stock":["no"],"_backorders":["no"],"_sold_individually":["no"],"_virtual":["no"],"_downloadable":["no"],"_download_limit":["-1"],"_download_expiry":["-1"],"_stock":[null],"_stock_status":["instock"],"_wc_average_rating":["0"],"_wc_review_count":["0"],"_product_version":["9.8.4"],"site-sidebar-layout":["default"],"ast-site-content-layout":["default"],"site-content-style":["default"],"site-sidebar-style":["default"],"theme-transparent-header-meta":["default"],"_edit_lock":["1761020512:1"],"_edit_last":["1"],"_wp_old_slug":["large-carbon-fiber-tube-copy"],"_yoast_wpseo_primary_product_brand":[""],"_yoast_wpseo_primary_product_cat":[""],"_yoast_wpseo_focuskw":["carbon fiber telescopic poles"],"_yoast_wpseo_title":["Carbon Fiber Telescopic Poles%%page%% %%sep%% PCX Composite"],"_yoast_wpseo_linkdex":["76"],"_yoast_wpseo_content_score":["90"],"_yoast_wpseo_estimated-reading-time-minutes":["3"],"_thumbnail_id":["2070"],"_product_image_gallery":["2072,2073,2074"],"astra-migrate-meta-layouts":["set"],"_yoast_wpseo_metadesc":["Buy high-quality carbon fiber telescopic poles \u2014 strong, lightweight, and adjustable for cleaning, camera booms, flagpoles, robotics, and outdoor gear."],"_uag_page_assets":["a:9:{s:3:\"css\";s:263:\".uag-blocks-common-selector{z-index:var(--z-index-desktop) !important}@media (max-width: 976px){.uag-blocks-common-selector{z-index:var(--z-index-tablet) !important}}@media (max-width: 767px){.uag-blocks-common-selector{z-index:var(--z-index-mobile) !important}}\n\";s:2:\"js\";s:0:\"\";s:18:\"current_block_list\";a:8:{i:0;s:11:\"core\/search\";i:1;s:10:\"core\/group\";i:2;s:12:\"core\/heading\";i:3;s:17:\"core\/latest-posts\";i:4;s:20:\"core\/latest-comments\";i:5;s:13:\"core\/archives\";i:6;s:15:\"core\/categories\";i:7;s:10:\"core\/image\";}s:8:\"uag_flag\";b:0;s:11:\"uag_version\";s:10:\"1775106978\";s:6:\"gfonts\";a:0:{}s:10:\"gfonts_url\";s:0:\"\";s:12:\"gfonts_files\";a:0:{}s:14:\"uag_faq_layout\";b:0;}"],"_uag_css_file_name":["uag-css-1831.css"],"_elementor_page_assets":["a:0:{}"]},"uagb_featured_image_src":{"full":["https:\/\/pcxcomposite.com\/wp-content\/uploads\/2025\/04\/carbon-fiber-telescoping-pole-with-adjustable-length.png",500,316,false],"thumbnail":["https:\/\/pcxcomposite.com\/wp-content\/uploads\/2025\/04\/carbon-fiber-telescoping-pole-with-adjustable-length-150x150.png",150,150,true],"medium":["https:\/\/pcxcomposite.com\/wp-content\/uploads\/2025\/04\/carbon-fiber-telescoping-pole-with-adjustable-length-300x190.png",300,190,true],"medium_large":["https:\/\/pcxcomposite.com\/wp-content\/uploads\/2025\/04\/carbon-fiber-telescoping-pole-with-adjustable-length.png",500,316,false],"large":["https:\/\/pcxcomposite.com\/wp-content\/uploads\/2025\/04\/carbon-fiber-telescoping-pole-with-adjustable-length.png",500,316,false],"1536x1536":["https:\/\/pcxcomposite.com\/wp-content\/uploads\/2025\/04\/carbon-fiber-telescoping-pole-with-adjustable-length.png",500,316,false],"2048x2048":["https:\/\/pcxcomposite.com\/wp-content\/uploads\/2025\/04\/carbon-fiber-telescoping-pole-with-adjustable-length.png",500,316,false],"trp-custom-language-flag":["https:\/\/pcxcomposite.com\/wp-content\/uploads\/2025\/04\/carbon-fiber-telescoping-pole-with-adjustable-length.png",18,12,false],"woocommerce_thumbnail":["https:\/\/pcxcomposite.com\/wp-content\/uploads\/2025\/04\/carbon-fiber-telescoping-pole-with-adjustable-length-300x225.png",300,225,true],"woocommerce_single":["https:\/\/pcxcomposite.com\/wp-content\/uploads\/2025\/04\/carbon-fiber-telescoping-pole-with-adjustable-length-300x190.png",300,190,true],"woocommerce_gallery_thumbnail":["https:\/\/pcxcomposite.com\/wp-content\/uploads\/2025\/04\/carbon-fiber-telescoping-pole-with-adjustable-length-100x100.png",100,100,true]},"uagb_author_info":{"display_name":"info@pcxcomposite.com","author_link":"https:\/\/pcxcomposite.com\/de\/author\/"},"uagb_comment_info":0,"uagb_excerpt":"sCarbon Fiber Telescoping Pole \u2014 Lightweight Strength with Adjustable Design Smooth Extension, Strong Performance Our carbon fiber telescopic poles are\u00a0engineered [&hellip;]","_links":{"self":[{"href":"https:\/\/pcxcomposite.com\/de\/wp-json\/wp\/v2\/product\/1831","targetHints":{"allow":["GET"]}}],"collection":[{"href":"https:\/\/pcxcomposite.com\/de\/wp-json\/wp\/v2\/product"}],"about":[{"href":"https:\/\/pcxcomposite.com\/de\/wp-json\/wp\/v2\/types\/product"}],"wp:featuredmedia":[{"embeddable":true,"href":"https:\/\/pcxcomposite.com\/de\/wp-json\/wp\/v2\/media\/2070"}],"wp:attachment":[{"href":"https:\/\/pcxcomposite.com\/de\/wp-json\/wp\/v2\/media?parent=1831"}],"wp:term":[{"taxonomy":"product_brand","embeddable":true,"href":"https:\/\/pcxcomposite.com\/de\/wp-json\/wp\/v2\/product_brand?post=1831"},{"taxonomy":"product_cat","embeddable":true,"href":"https:\/\/pcxcomposite.com\/de\/wp-json\/wp\/v2\/product_cat?post=1831"},{"taxonomy":"product_tag","embeddable":true,"href":"https:\/\/pcxcomposite.com\/de\/wp-json\/wp\/v2\/product_tag?post=1831"}],"curies":[{"name":"wp","href":"https:\/\/api.w.org\/{rel}","templated":true}]}}