{"id":1889,"date":"2025-04-19T12:44:55","date_gmt":"2025-04-19T12:44:55","guid":{"rendered":"https:\/\/pcxcomposite.com\/?post_type=product&#038;p=1889"},"modified":"2025-10-21T08:51:11","modified_gmt":"2025-10-21T08:51:11","slug":"quadratisches-kohlefaserrohr","status":"publish","type":"product","link":"https:\/\/pcxcomposite.com\/de\/product\/quadratisches-kohlefaserrohr\/","title":{"rendered":"Quadratisches Kohlefaserrohr"},"content":{"rendered":"<h1 style=\"position: absolute; left: -9999px; top: -9999px; width: 1px; height: 1px; overflow: hidden;\">Quadratische Kohlefaserrohre - Pr\u00e4zision, St\u00e4rke und Vielseitigkeit<\/h1>\n<h2 style=\"font-size: 25px; font-weight: 600; line-height: 1.3; margin-bottom: 15px;\">Leicht und doch unglaublich stark<\/h2>\n<p data-start=\"295\" data-end=\"793\">Unser <strong data-start=\"299\" data-end=\"328\">Vierkantrohre aus Kohlefaser<\/strong> M\u00e4hdrescher <strong data-start=\"337\" data-end=\"367\">Hochleistungsmaterialien<\/strong> mit pr\u00e4zisen <strong data-start=\"381\" data-end=\"402\">CNC-Fertigung<\/strong>, konzipiert f\u00fcr Projekte, die eine <strong data-start=\"438\" data-end=\"489\">Festigkeit, Steifigkeit und Leichtbaueffizienz<\/strong>. Jede <strong data-start=\"496\" data-end=\"518\">Carbon-Vierkantrohr<\/strong> wird aus hochwertigen <strong data-start=\"542\" data-end=\"568\">Kohlefaserstruktur<\/strong>, und bietet ausgezeichnete <strong data-start=\"589\" data-end=\"609\">Zugfestigkeit<\/strong>, <strong data-start=\"611\" data-end=\"635\">Korrosionsbest\u00e4ndigkeit<\/strong>, Und <strong data-start=\"641\" data-end=\"666\">Formbest\u00e4ndigkeit<\/strong> f\u00fcr eine Vielzahl von Anwendungen - von <strong data-start=\"707\" data-end=\"719\">Robotik<\/strong> und <strong data-start=\"724\" data-end=\"749\">Industrieautomatisierung<\/strong> Zu <strong data-start=\"753\" data-end=\"771\">Sportartikel<\/strong> und <strong data-start=\"776\" data-end=\"790\">Drohnenarme<\/strong>.<\/p>\n<p data-start=\"795\" data-end=\"986\">Verf\u00fcgbar in <strong data-start=\"808\" data-end=\"852\">verschiedene Abmessungen und unterschiedliche L\u00e4ngen<\/strong>, sind diese R\u00f6hren ideal f\u00fcr <strong data-start=\"880\" data-end=\"893\">Maschinenpark<\/strong>, <strong data-start=\"895\" data-end=\"919\">Automatisierungseinrichtungen<\/strong>, <strong data-start=\"921\" data-end=\"941\">St\u00fctzrohre<\/strong>, <strong data-start=\"943\" data-end=\"962\">Verl\u00e4ngerungsstangen<\/strong>, Und <strong data-start=\"968\" data-end=\"985\">benutzerdefinierte Rahmen<\/strong>.<\/p>\n<hr data-start=\"988\" data-end=\"991\" \/>\n<h2 style=\"font-size: 25px; font-weight: 600; line-height: 1.3; margin-bottom: 15px;\">Passgenaue und ma\u00dfgeschneiderte Dienstleistungen<\/h2>\n<p data-start=\"1035\" data-end=\"1212\">Bei PCX Composite wird jeder <strong data-start=\"1059\" data-end=\"1092\">Kohlefaser-Rechteckrohr<\/strong> oder <strong data-start=\"1096\" data-end=\"1111\">Vierkantrohr<\/strong> wird hergestellt mit <strong data-start=\"1128\" data-end=\"1153\">Pr\u00e4zisions-CNC-Dienstleistung<\/strong> um saubere Kanten und eine perfekte Ausrichtung zu gew\u00e4hrleisten. Wir bieten:<\/p>\n<ul>\n<li><strong>Teleskopisches Quadrat\u00a0<\/strong><strong>Rohrleitungen\u00a0<\/strong>und\u00a0<strong>teleskopierbare Vierkantrohre<\/strong><\/li>\n<li><strong>Kundenspezifische Dienstleistungen<\/strong>- personalisierte Gr\u00f6\u00dfe, Wandst\u00e4rke und Oberfl\u00e4chenbeschaffenheit<\/li>\n<li><strong>Einstellbar\u00a0<\/strong><strong>L\u00e4ngen\u00a0<\/strong>und\u00a0<strong>Rohre aus massiver Kohlefaser<\/strong>\u00a0f\u00fcr einzigartige Anwendungen<\/li>\n<li><strong>Runde Kohlefaser\u00a0<\/strong><strong>R\u00f6hren\u00a0<\/strong>und\u00a0<strong>Gr\u00f6\u00dfen von Vierkantrohren<\/strong>\u00a0in Gro\u00dfhandelsoptionen<\/li>\n<\/ul>\n<p data-start=\"1536\" data-end=\"1721\">Unser <strong data-start=\"1540\" data-end=\"1569\">kundenspezifische Kohlefaserteile<\/strong> sind optimiert f\u00fcr <strong data-start=\"1588\" data-end=\"1601\">Luft- und Raumfahrt<\/strong>, <strong data-start=\"1603\" data-end=\"1619\">Roboterarme<\/strong>, <strong data-start=\"1621\" data-end=\"1637\">Fahrwerk<\/strong>, Und <strong data-start=\"1643\" data-end=\"1667\">Industrieanlagen<\/strong> die eine leichte, aber dennoch stabile strukturelle Unterst\u00fctzung erfordern.<\/p>\n<hr data-start=\"1723\" data-end=\"1726\" \/>\n<h2 style=\"font-size: 25px; font-weight: 600; line-height: 1.3; margin-bottom: 15px;\">Branchen\u00fcbergreifende Anwendungen<\/h2>\n<p data-start=\"1768\" data-end=\"1955\">Ob f\u00fcr <strong data-start=\"1780\" data-end=\"1794\">Drohnenarme<\/strong>, <strong data-start=\"1796\" data-end=\"1814\">Sportartikel<\/strong>, oder <strong data-start=\"1819\" data-end=\"1841\">Automatisierungssysteme<\/strong>, unser <strong data-start=\"1847\" data-end=\"1876\">Kohlefaserrohre<\/strong> zuverl\u00e4ssig liefern <strong data-start=\"1894\" data-end=\"1923\">Leistung und Pr\u00e4zision<\/strong>. Zu den \u00fcblichen Anwendungen geh\u00f6ren:<\/p>\n<ul>\n<li><strong>Industrielle Automatisierung<\/strong>- stark, leicht <strong>St\u00fctzrohre<\/strong>\u00a0und Rahmen<\/li>\n<li><strong>Robotik<\/strong>- strukturell <strong>Kohlefaserteile<\/strong>\u00a0mit reibungsloser Gleitleistung<\/li>\n<li><strong>Drohnen<\/strong>- <strong>quadratische und rechteckige Rohre<\/strong>\u00a0f\u00fcr <strong>Arme und Fahrwerk<\/strong><\/li>\n<li><strong>Maschinen und industrielle Ausr\u00fcstung<\/strong>- <strong>Verl\u00e4ngerungsstangen<\/strong>, Klammern und Komponenten<\/li>\n<li><strong>Sportartikel<\/strong>- ultraleichte und dennoch stabile Strukturen<\/li>\n<\/ul>\n<p data-start=\"2373\" data-end=\"2512\">Jedes Rohr beh\u00e4lt eine <strong data-start=\"2395\" data-end=\"2422\">starke Schieberegler-Schnittstelle<\/strong>, und erm\u00f6glicht eine einfache Montage f\u00fcr <strong data-start=\"2451\" data-end=\"2474\">Teleskopiersysteme<\/strong> oder <strong data-start=\"2478\" data-end=\"2511\">verstellbare St\u00f6cke aus Kohlefaser<\/strong>.<\/p>\n<hr data-start=\"2514\" data-end=\"2517\" \/>\n<h2 style=\"font-size: 25px; font-weight: 600; line-height: 1.3; margin-bottom: 15px;\">Warum PCX Composite Square Carbon Fiber Rohre w\u00e4hlen<\/h2>\n<ul>\n<li><strong>Hochwertiges Material <\/strong>mit hervorragenden <strong>mechanische Eigenschaften<\/strong><\/li>\n<li><a href=\"https:\/\/www.youtube.com\/watch?v=d4JZDV9r96g\"><strong>Kundenspezifische Herstellung von Kohlenstofffasern <\/strong><\/a>f\u00fcr <strong>verschiedene L\u00e4ngen und Abmessungen<\/strong><\/li>\n<li><strong>Ideal f\u00fcr Automatisierungsger\u00e4te, Drohnen und Robotik<\/strong><\/li>\n<li><strong>Wettbewerbsf\u00e4hige Kosten f\u00fcr Kohlenstofffasern <\/strong>mit Werksdirektverkauf <strong>Gro\u00dfhandelslieferung<\/strong><\/li>\n<li><strong>Leicht, korrosionsbest\u00e4ndig und stabil <\/strong>f\u00fcr langfristige Haltbarkeit<\/li>\n<\/ul>\n<p data-start=\"2968\" data-end=\"3165\">Als erfahrener <strong data-start=\"2986\" data-end=\"3009\">Kohlefaserhersteller<\/strong>, bieten wir <strong data-start=\"3022\" data-end=\"3048\">CNC-Teile aus Kohlefaser<\/strong>, <strong data-start=\"3050\" data-end=\"3081\">Kundenspezifische Kohlefaserdesigns<\/strong>, Und <strong data-start=\"3087\" data-end=\"3114\">L\u00f6sungen f\u00fcr Vierkantrohre<\/strong> die perfekt ausbalanciert sind <strong data-start=\"3138\" data-end=\"3164\">St\u00e4rke und Pr\u00e4zision<\/strong>.<\/p>\n<hr data-start=\"3167\" data-end=\"3170\" \/>\n<h2 style=\"font-size: 25px; font-weight: 600; line-height: 1.3; margin-bottom: 15px;\">Wo kann man quadratische Kohlefaserrohre kaufen?<\/h2>\n<p data-start=\"3220\" data-end=\"3530\">Suche nach <strong data-start=\"3232\" data-end=\"3270\">Kohlefaser-Vierkantrohre zu verkaufen<\/strong> oder <strong data-start=\"3274\" data-end=\"3321\">Rechteckige Rohre aus Kohlefaser in Sondergr\u00f6\u00dfe<\/strong>?<br data-start=\"3322\" data-end=\"3325\" \/>PCX Kompositmaterialien <strong data-start=\"3348\" data-end=\"3376\">Teleskoprohre<\/strong>, <strong data-start=\"3378\" data-end=\"3397\">Verl\u00e4ngerungsstangen<\/strong>, Und <strong data-start=\"3403\" data-end=\"3442\">Rohre aus Kohlefaser in Industriequalit\u00e4t<\/strong> f\u00fcr globale Kunden in <strong data-start=\"3464\" data-end=\"3477\">Maschinenpark<\/strong>, <strong data-start=\"3479\" data-end=\"3492\">Luft- und Raumfahrt<\/strong>, Und <strong data-start=\"3498\" data-end=\"3516\">Sportartikel<\/strong> Branchen.<\/p>\n<p data-start=\"3532\" data-end=\"3692\">\ud83d\udcac <a href=\"https:\/\/pcxcomposite.com\/de\/kontakt\/\"><b>Bedarf <\/b><strong>a<\/strong> <strong data-start=\"3569\" data-end=\"3582\">Angebot<\/strong><\/a> f\u00fcr Ihr Projekt? - Wir helfen Ihnen, St\u00e4rke, Pr\u00e4zision und ein elegantes Finish in jedem Kohlefaserteil zu erreichen.<\/p>","protected":false},"excerpt":{"rendered":"<p>Square Carbon Fiber Tubes \u2014 Precision, Strength, and Versatility Lightweight Yet Incredibly Strong Our square carbon fiber tubes combine high-performance [&hellip;]<\/p>","protected":false},"featured_media":2086,"template":"","meta":{"_uag_custom_page_level_css":"","site-sidebar-layout":"default","site-content-layout":"","ast-site-content-layout":"default","site-content-style":"default","site-sidebar-style":"default","ast-global-header-display":"","ast-banner-title-visibility":"","ast-main-header-display":"","ast-hfb-above-header-display":"","ast-hfb-below-header-display":"","ast-hfb-mobile-header-display":"","site-post-title":"","ast-breadcrumbs-content":"","ast-featured-img":"","footer-sml-layout":"","theme-transparent-header-meta":"default","adv-header-id-meta":"","stick-header-meta":"","header-above-stick-meta":"","header-main-stick-meta":"","header-below-stick-meta":"","astra-migrate-meta-layouts":"set","ast-page-background-enabled":"default","ast-page-background-meta":{"desktop":{"background-color":"var(--ast-global-color-4)","background-image":"","background-repeat":"repeat","background-position":"center center","background-size":"auto","background-attachment":"scroll","background-type":"","background-media":"","overlay-type":"","overlay-color":"","overlay-opacity":"","overlay-gradient":""},"tablet":{"background-color":"","background-image":"","background-repeat":"repeat","background-position":"center center","background-size":"auto","background-attachment":"scroll","background-type":"","background-media":"","overlay-type":"","overlay-color":"","overlay-opacity":"","overlay-gradient":""},"mobile":{"background-color":"","background-image":"","background-repeat":"repeat","background-position":"center center","background-size":"auto","background-attachment":"scroll","background-type":"","background-media":"","overlay-type":"","overlay-color":"","overlay-opacity":"","overlay-gradient":""}},"ast-content-background-meta":{"desktop":{"background-color":"var(--ast-global-color-5)","background-image":"","background-repeat":"repeat","background-position":"center center","background-size":"auto","background-attachment":"scroll","background-type":"","background-media":"","overlay-type":"","overlay-color":"","overlay-opacity":"","overlay-gradient":""},"tablet":{"background-color":"var(--ast-global-color-5)","background-image":"","background-repeat":"repeat","background-position":"center center","background-size":"auto","background-attachment":"scroll","background-type":"","background-media":"","overlay-type":"","overlay-color":"","overlay-opacity":"","overlay-gradient":""},"mobile":{"background-color":"var(--ast-global-color-5)","background-image":"","background-repeat":"repeat","background-position":"center center","background-size":"auto","background-attachment":"scroll","background-type":"","background-media":"","overlay-type":"","overlay-color":"","overlay-opacity":"","overlay-gradient":""}}},"product_brand":[],"product_cat":[20],"product_tag":[39],"class_list":{"0":"post-1889","1":"product","2":"type-product","3":"status-publish","4":"has-post-thumbnail","6":"product_cat-carbon-fiber-tube","7":"product_tag-squre-tube","8":"desktop-align-left","9":"tablet-align-left","10":"mobile-align-left","12":"first","13":"instock","14":"shipping-taxable","15":"product-type-simple"},"yoast_head":"<!-- This site is optimized with the Yoast SEO plugin v26.1.1 - https:\/\/yoast.com\/wordpress\/plugins\/seo\/ -->\n<title>Square Carbon Fiber Tubes | Custom CNC Carbon Tubing Supplier<\/title>\n<meta name=\"description\" content=\"Lightweight, durable square carbon fiber tubes for drones, robotics, and automation. Custom CNC sizes, adjustable lengths, and wholesale supply available.\" \/>\n<meta name=\"robots\" content=\"index, follow, max-snippet:-1, max-image-preview:large, max-video-preview:-1\" \/>\n<link rel=\"canonical\" href=\"https:\/\/pcxcomposite.com\/de\/product\/quadratisches-kohlefaserrohr\/\" \/>\n<meta property=\"og:locale\" content=\"de_DE\" \/>\n<meta property=\"og:type\" content=\"article\" \/>\n<meta property=\"og:title\" content=\"Square Carbon Fiber Tubes | Custom CNC Carbon Tubing Supplier\" \/>\n<meta property=\"og:description\" content=\"Lightweight, durable square carbon fiber tubes for drones, robotics, and automation. Custom CNC sizes, adjustable lengths, and wholesale supply available.\" \/>\n<meta property=\"og:url\" content=\"https:\/\/pcxcomposite.com\/de\/product\/quadratisches-kohlefaserrohr\/\" \/>\n<meta property=\"og:site_name\" content=\"pcxcomposite.com\" \/>\n<meta property=\"article:modified_time\" content=\"2025-10-21T08:51:11+00:00\" \/>\n<meta property=\"og:image\" content=\"https:\/\/pcxcomposite.com\/wp-content\/uploads\/2025\/04\/High-performance-carbon-fiber-square-tube-for-robotics.png\" \/>\n\t<meta property=\"og:image:width\" content=\"525\" \/>\n\t<meta property=\"og:image:height\" content=\"475\" \/>\n\t<meta property=\"og:image:type\" content=\"image\/png\" \/>\n<meta name=\"twitter:card\" content=\"summary_large_image\" \/>\n<meta name=\"twitter:label1\" content=\"Gesch\u00e4tzte Lesezeit\" \/>\n\t<meta name=\"twitter:data1\" content=\"2\u00a0Minuten\" \/>\n<script type=\"application\/ld+json\" class=\"yoast-schema-graph\">{\"@context\":\"https:\/\/schema.org\",\"@graph\":[{\"@type\":\"WebPage\",\"@id\":\"https:\/\/pcxcomposite.com\/product\/square-carbon-fiber-tube\/\",\"url\":\"https:\/\/pcxcomposite.com\/product\/square-carbon-fiber-tube\/\",\"name\":\"Square Carbon Fiber Tubes | Custom CNC Carbon Tubing Supplier\",\"isPartOf\":{\"@id\":\"https:\/\/pcxcomposite.com\/#website\"},\"primaryImageOfPage\":{\"@id\":\"https:\/\/pcxcomposite.com\/product\/square-carbon-fiber-tube\/#primaryimage\"},\"image\":{\"@id\":\"https:\/\/pcxcomposite.com\/product\/square-carbon-fiber-tube\/#primaryimage\"},\"thumbnailUrl\":\"https:\/\/pcxcomposite.com\/wp-content\/uploads\/2025\/04\/carbon-fiber-square-tube-for-robotics.png\",\"datePublished\":\"2025-04-19T12:44:55+00:00\",\"dateModified\":\"2025-10-21T08:51:11+00:00\",\"description\":\"Lightweight, durable square carbon fiber tubes for drones, robotics, and automation. Custom CNC sizes, adjustable lengths, and wholesale supply available.\",\"breadcrumb\":{\"@id\":\"https:\/\/pcxcomposite.com\/product\/square-carbon-fiber-tube\/#breadcrumb\"},\"inLanguage\":\"de\",\"potentialAction\":[{\"@type\":\"ReadAction\",\"target\":[\"https:\/\/pcxcomposite.com\/product\/square-carbon-fiber-tube\/\"]}]},{\"@type\":\"ImageObject\",\"inLanguage\":\"de\",\"@id\":\"https:\/\/pcxcomposite.com\/product\/square-carbon-fiber-tube\/#primaryimage\",\"url\":\"https:\/\/pcxcomposite.com\/wp-content\/uploads\/2025\/04\/carbon-fiber-square-tube-for-robotics.png\",\"contentUrl\":\"https:\/\/pcxcomposite.com\/wp-content\/uploads\/2025\/04\/carbon-fiber-square-tube-for-robotics.png\",\"width\":525,\"height\":475,\"caption\":\"Carbon fiber square tubing with adjustable length\"},{\"@type\":\"BreadcrumbList\",\"@id\":\"https:\/\/pcxcomposite.com\/product\/square-carbon-fiber-tube\/#breadcrumb\",\"itemListElement\":[{\"@type\":\"ListItem\",\"position\":1,\"name\":\"Home\",\"item\":\"https:\/\/pcxcomposite.com\/\"},{\"@type\":\"ListItem\",\"position\":2,\"name\":\"Shop\",\"item\":\"https:\/\/pcxcomposite.com\/shop\/\"},{\"@type\":\"ListItem\",\"position\":3,\"name\":\"Square Carbon Fiber Tube\"}]},{\"@type\":\"WebSite\",\"@id\":\"https:\/\/pcxcomposite.com\/#website\",\"url\":\"https:\/\/pcxcomposite.com\/\",\"name\":\"pcxcomposite.com\",\"description\":\"\",\"publisher\":{\"@id\":\"https:\/\/pcxcomposite.com\/#organization\"},\"potentialAction\":[{\"@type\":\"SearchAction\",\"target\":{\"@type\":\"EntryPoint\",\"urlTemplate\":\"https:\/\/pcxcomposite.com\/?s={search_term_string}\"},\"query-input\":{\"@type\":\"PropertyValueSpecification\",\"valueRequired\":true,\"valueName\":\"search_term_string\"}}],\"inLanguage\":\"de\"},{\"@type\":\"Organization\",\"@id\":\"https:\/\/pcxcomposite.com\/#organization\",\"name\":\"pcxcomposite.com\",\"url\":\"https:\/\/pcxcomposite.com\/\",\"logo\":{\"@type\":\"ImageObject\",\"inLanguage\":\"de\",\"@id\":\"https:\/\/pcxcomposite.com\/#\/schema\/logo\/image\/\",\"url\":\"https:\/\/pcxcomposite.com\/wp-content\/uploads\/2025\/04\/carbon-fiber-manufacturer.png\",\"contentUrl\":\"https:\/\/pcxcomposite.com\/wp-content\/uploads\/2025\/04\/carbon-fiber-manufacturer.png\",\"width\":177,\"height\":59,\"caption\":\"pcxcomposite.com\"},\"image\":{\"@id\":\"https:\/\/pcxcomposite.com\/#\/schema\/logo\/image\/\"}}]}<\/script>\n<!-- \/ Yoast SEO plugin. -->","yoast_head_json":{"title":"Quadratische Kohlenstofffaser-Rohre | Benutzerdefinierte CNC Kohlenstoff-Rohre Lieferant","description":"Leichte, haltbare Vierkantrohre aus Kohlefaser f\u00fcr Drohnen, Robotik und Automatisierung. Kundenspezifische CNC-Gr\u00f6\u00dfen, anpassbare L\u00e4ngen und Gro\u00dfhandelsangebot verf\u00fcgbar.","robots":{"index":"index","follow":"follow","max-snippet":"max-snippet:-1","max-image-preview":"max-image-preview:large","max-video-preview":"max-video-preview:-1"},"canonical":"https:\/\/pcxcomposite.com\/de\/product\/quadratisches-kohlefaserrohr\/","og_locale":"de_DE","og_type":"article","og_title":"Square Carbon Fiber Tubes | Custom CNC Carbon Tubing Supplier","og_description":"Lightweight, durable square carbon fiber tubes for drones, robotics, and automation. Custom CNC sizes, adjustable lengths, and wholesale supply available.","og_url":"https:\/\/pcxcomposite.com\/de\/product\/quadratisches-kohlefaserrohr\/","og_site_name":"pcxcomposite.com","article_modified_time":"2025-10-21T08:51:11+00:00","og_image":[{"width":525,"height":475,"url":"https:\/\/pcxcomposite.com\/wp-content\/uploads\/2025\/04\/High-performance-carbon-fiber-square-tube-for-robotics.png","type":"image\/png"}],"twitter_card":"summary_large_image","twitter_misc":{"Gesch\u00e4tzte Lesezeit":"2\u00a0Minuten"},"schema":{"@context":"https:\/\/schema.org","@graph":[{"@type":"WebPage","@id":"https:\/\/pcxcomposite.com\/product\/square-carbon-fiber-tube\/","url":"https:\/\/pcxcomposite.com\/product\/square-carbon-fiber-tube\/","name":"Quadratische Kohlenstofffaser-Rohre | Benutzerdefinierte CNC Kohlenstoff-Rohre Lieferant","isPartOf":{"@id":"https:\/\/pcxcomposite.com\/#website"},"primaryImageOfPage":{"@id":"https:\/\/pcxcomposite.com\/product\/square-carbon-fiber-tube\/#primaryimage"},"image":{"@id":"https:\/\/pcxcomposite.com\/product\/square-carbon-fiber-tube\/#primaryimage"},"thumbnailUrl":"https:\/\/pcxcomposite.com\/wp-content\/uploads\/2025\/04\/carbon-fiber-square-tube-for-robotics.png","datePublished":"2025-04-19T12:44:55+00:00","dateModified":"2025-10-21T08:51:11+00:00","description":"Leichte, haltbare Vierkantrohre aus Kohlefaser f\u00fcr Drohnen, Robotik und Automatisierung. Kundenspezifische CNC-Gr\u00f6\u00dfen, anpassbare L\u00e4ngen und Gro\u00dfhandelsangebot verf\u00fcgbar.","breadcrumb":{"@id":"https:\/\/pcxcomposite.com\/product\/square-carbon-fiber-tube\/#breadcrumb"},"inLanguage":"de","potentialAction":[{"@type":"ReadAction","target":["https:\/\/pcxcomposite.com\/product\/square-carbon-fiber-tube\/"]}]},{"@type":"ImageObject","inLanguage":"de","@id":"https:\/\/pcxcomposite.com\/product\/square-carbon-fiber-tube\/#primaryimage","url":"https:\/\/pcxcomposite.com\/wp-content\/uploads\/2025\/04\/carbon-fiber-square-tube-for-robotics.png","contentUrl":"https:\/\/pcxcomposite.com\/wp-content\/uploads\/2025\/04\/carbon-fiber-square-tube-for-robotics.png","width":525,"height":475,"caption":"Carbon fiber square tubing with adjustable length"},{"@type":"BreadcrumbList","@id":"https:\/\/pcxcomposite.com\/product\/square-carbon-fiber-tube\/#breadcrumb","itemListElement":[{"@type":"ListItem","position":1,"name":"Home","item":"https:\/\/pcxcomposite.com\/"},{"@type":"ListItem","position":2,"name":"Shop","item":"https:\/\/pcxcomposite.com\/shop\/"},{"@type":"ListItem","position":3,"name":"Square Carbon Fiber Tube"}]},{"@type":"WebSite","@id":"https:\/\/pcxcomposite.com\/#website","url":"https:\/\/pcxcomposite.com\/","name":"pcxcomposite.de","description":"","publisher":{"@id":"https:\/\/pcxcomposite.com\/#organization"},"potentialAction":[{"@type":"SearchAction","target":{"@type":"EntryPoint","urlTemplate":"https:\/\/pcxcomposite.com\/?s={search_term_string}"},"query-input":{"@type":"PropertyValueSpecification","valueRequired":true,"valueName":"search_term_string"}}],"inLanguage":"de"},{"@type":"Organization","@id":"https:\/\/pcxcomposite.com\/#organization","name":"pcxcomposite.de","url":"https:\/\/pcxcomposite.com\/","logo":{"@type":"ImageObject","inLanguage":"de","@id":"https:\/\/pcxcomposite.com\/#\/schema\/logo\/image\/","url":"https:\/\/pcxcomposite.com\/wp-content\/uploads\/2025\/04\/carbon-fiber-manufacturer.png","contentUrl":"https:\/\/pcxcomposite.com\/wp-content\/uploads\/2025\/04\/carbon-fiber-manufacturer.png","width":177,"height":59,"caption":"pcxcomposite.com"},"image":{"@id":"https:\/\/pcxcomposite.com\/#\/schema\/logo\/image\/"}}]}},"spectra_custom_meta":{"_edit_last":["1"],"_edit_lock":["1761036530:1"],"total_sales":["0"],"_tax_status":["taxable"],"_tax_class":[""],"_manage_stock":["no"],"_backorders":["no"],"_sold_individually":["no"],"_virtual":["no"],"_downloadable":["no"],"_download_limit":["-1"],"_download_expiry":["-1"],"_stock":[null],"_stock_status":["instock"],"_wc_average_rating":["0"],"_wc_review_count":["0"],"_product_version":["9.8.4"],"_product_image_gallery":["2087,2085,2088"],"site-sidebar-layout":["default"],"ast-site-content-layout":["default"],"site-content-style":["default"],"site-sidebar-style":["default"],"theme-transparent-header-meta":["default"],"_wp_old_slug":["1889","squre-carbon-fiber-tube"],"_yoast_wpseo_primary_product_brand":[""],"_yoast_wpseo_primary_product_cat":[""],"_yoast_wpseo_focuskw":["Square Carbon Fiber Tubes"],"_yoast_wpseo_title":["Square Carbon Fiber Tubes | Custom CNC Carbon Tubing Supplier"],"_yoast_wpseo_metadesc":["Lightweight, durable square carbon fiber tubes for drones, robotics, and automation. Custom CNC sizes, adjustable lengths, and wholesale supply available."],"_yoast_wpseo_linkdex":["93"],"_yoast_wpseo_content_score":["90"],"_yoast_wpseo_estimated-reading-time-minutes":["2"],"_thumbnail_id":["2086"],"astra-migrate-meta-layouts":["set"],"_uag_page_assets":["a:9:{s:3:\"css\";s:263:\".uag-blocks-common-selector{z-index:var(--z-index-desktop) !important}@media (max-width: 976px){.uag-blocks-common-selector{z-index:var(--z-index-tablet) !important}}@media (max-width: 767px){.uag-blocks-common-selector{z-index:var(--z-index-mobile) !important}}\n\";s:2:\"js\";s:0:\"\";s:18:\"current_block_list\";a:8:{i:0;s:11:\"core\/search\";i:1;s:10:\"core\/group\";i:2;s:12:\"core\/heading\";i:3;s:17:\"core\/latest-posts\";i:4;s:20:\"core\/latest-comments\";i:5;s:13:\"core\/archives\";i:6;s:15:\"core\/categories\";i:7;s:10:\"core\/image\";}s:8:\"uag_flag\";b:0;s:11:\"uag_version\";s:10:\"1775106978\";s:6:\"gfonts\";a:0:{}s:10:\"gfonts_url\";s:0:\"\";s:12:\"gfonts_files\";a:0:{}s:14:\"uag_faq_layout\";b:0;}"],"_uag_css_file_name":["uag-css-1889.css"],"_elementor_page_assets":["a:0:{}"]},"uagb_featured_image_src":{"full":["https:\/\/pcxcomposite.com\/wp-content\/uploads\/2025\/04\/carbon-fiber-square-tube-for-robotics.png",525,475,false],"thumbnail":["https:\/\/pcxcomposite.com\/wp-content\/uploads\/2025\/04\/carbon-fiber-square-tube-for-robotics-150x150.png",150,150,true],"medium":["https:\/\/pcxcomposite.com\/wp-content\/uploads\/2025\/04\/carbon-fiber-square-tube-for-robotics-300x271.png",300,271,true],"medium_large":["https:\/\/pcxcomposite.com\/wp-content\/uploads\/2025\/04\/carbon-fiber-square-tube-for-robotics.png",525,475,false],"large":["https:\/\/pcxcomposite.com\/wp-content\/uploads\/2025\/04\/carbon-fiber-square-tube-for-robotics.png",525,475,false],"1536x1536":["https:\/\/pcxcomposite.com\/wp-content\/uploads\/2025\/04\/carbon-fiber-square-tube-for-robotics.png",525,475,false],"2048x2048":["https:\/\/pcxcomposite.com\/wp-content\/uploads\/2025\/04\/carbon-fiber-square-tube-for-robotics.png",525,475,false],"trp-custom-language-flag":["https:\/\/pcxcomposite.com\/wp-content\/uploads\/2025\/04\/carbon-fiber-square-tube-for-robotics.png",13,12,false],"woocommerce_thumbnail":["https:\/\/pcxcomposite.com\/wp-content\/uploads\/2025\/04\/carbon-fiber-square-tube-for-robotics-300x225.png",300,225,true],"woocommerce_single":["https:\/\/pcxcomposite.com\/wp-content\/uploads\/2025\/04\/carbon-fiber-square-tube-for-robotics-300x271.png",300,271,true],"woocommerce_gallery_thumbnail":["https:\/\/pcxcomposite.com\/wp-content\/uploads\/2025\/04\/carbon-fiber-square-tube-for-robotics-100x100.png",100,100,true]},"uagb_author_info":{"display_name":"info@pcxcomposite.com","author_link":"https:\/\/pcxcomposite.com\/de\/author\/"},"uagb_comment_info":0,"uagb_excerpt":"Square Carbon Fiber Tubes \u2014 Precision, Strength, and Versatility Lightweight Yet Incredibly Strong Our square carbon fiber tubes combine high-performance [&hellip;]","_links":{"self":[{"href":"https:\/\/pcxcomposite.com\/de\/wp-json\/wp\/v2\/product\/1889","targetHints":{"allow":["GET"]}}],"collection":[{"href":"https:\/\/pcxcomposite.com\/de\/wp-json\/wp\/v2\/product"}],"about":[{"href":"https:\/\/pcxcomposite.com\/de\/wp-json\/wp\/v2\/types\/product"}],"wp:featuredmedia":[{"embeddable":true,"href":"https:\/\/pcxcomposite.com\/de\/wp-json\/wp\/v2\/media\/2086"}],"wp:attachment":[{"href":"https:\/\/pcxcomposite.com\/de\/wp-json\/wp\/v2\/media?parent=1889"}],"wp:term":[{"taxonomy":"product_brand","embeddable":true,"href":"https:\/\/pcxcomposite.com\/de\/wp-json\/wp\/v2\/product_brand?post=1889"},{"taxonomy":"product_cat","embeddable":true,"href":"https:\/\/pcxcomposite.com\/de\/wp-json\/wp\/v2\/product_cat?post=1889"},{"taxonomy":"product_tag","embeddable":true,"href":"https:\/\/pcxcomposite.com\/de\/wp-json\/wp\/v2\/product_tag?post=1889"}],"curies":[{"name":"wp","href":"https:\/\/api.w.org\/{rel}","templated":true}]}}