{"id":1823,"date":"2025-04-18T12:26:34","date_gmt":"2025-04-18T12:26:34","guid":{"rendered":"https:\/\/pcxcomposite.com\/?post_type=product&#038;p=1823"},"modified":"2025-10-21T03:14:45","modified_gmt":"2025-10-21T03:14:45","slug":"tubo-fibra-carbono-grande","status":"publish","type":"product","link":"https:\/\/pcxcomposite.com\/es\/product\/tubo-fibra-carbono-grande\/","title":{"rendered":"Tubo grande de fibra de carbono"},"content":{"rendered":"<h1 style=\"position: absolute; left: -9999px; top: -9999px; width: 1px; height: 1px; overflow: hidden;\">\u00a0Tubos de fibra de carbono de gran di\u00e1metro: resistencia, tama\u00f1o y precisi\u00f3n<\/h1>\n<h2 style=\"font-size: 25px; font-weight: 600; line-height: 1.3; margin-bottom: 15px;\">Construido para grandes proyectos, dise\u00f1ado para el rendimiento<\/h2>\n<p data-start=\"426\" data-end=\"765\">Nuestra <strong data-start=\"430\" data-end=\"467\">tubo grande de fibra de carbono <\/strong>est\u00e1 dise\u00f1ado para sectores que exigen <strong data-start=\"510\" data-end=\"534\">fuerza ligera<\/strong> y <strong data-start=\"539\" data-end=\"564\">estabilidad dimensional<\/strong> en formatos m\u00e1s grandes.<br data-start=\"583\" data-end=\"586\" \/>Estos <strong data-start=\"592\" data-end=\"621\">tubos de fibra de carbono de mayor di\u00e1metro<\/strong> ofrecen gran rigidez y poco peso, por lo que son ideales para <strong data-start=\"681\" data-end=\"697\">brazos rob\u00f3ticos<\/strong>, <strong data-start=\"699\" data-end=\"715\">marcos para drones<\/strong>, <strong data-start=\"717\" data-end=\"736\">material deportivo<\/strong>, y <strong data-start=\"742\" data-end=\"764\">componentes de bicicleta<\/strong>.<\/p>\n<p data-start=\"767\" data-end=\"1110\">Cada <strong data-start=\"772\" data-end=\"799\">tubo grande de fibra de carbono<\/strong> est\u00e1 hecho de <strong data-start=\"813\" data-end=\"834\">fibra de carbono real<\/strong> reforzado con <strong data-start=\"851\" data-end=\"866\">resina epox\u00eddica<\/strong>, garantizando <strong data-start=\"877\" data-end=\"903\">resistencia superior del tubo<\/strong> y una excelente resistencia a la flexi\u00f3n y al impacto.<br data-start=\"951\" data-end=\"954\" \/>Tambi\u00e9n puede elegir <strong data-start=\"974\" data-end=\"997\">material de fibra de vidrio, <\/strong><strong data-start=\"1001\" data-end=\"1034\">tubos de fibra de carbono metalizada<\/strong>, <strong data-start=\"1040\" data-end=\"1059\">patrones de forja<\/strong> o <strong data-start=\"1063\" data-end=\"1081\">acabados de color<\/strong> para un aspecto decorativo.<\/p>\n<hr data-start=\"1112\" data-end=\"1115\" \/>\n<h2 style=\"font-size: 25px; font-weight: 600; line-height: 1.3; margin-bottom: 15px;\">Tama\u00f1os a medida y fabricaci\u00f3n profesional<\/h2>\n<p data-start=\"1170\" data-end=\"1429\">Como empresa de confianza <strong data-start=\"1183\" data-end=\"1217\">fabricante de tubos de fibra de carbono<\/strong>, <strong data-start=\"1219\" data-end=\"1236\">Compuesto PCX<\/strong> proporciona <strong data-start=\"1246\" data-end=\"1281\">tubos de fibra de carbono a medida<\/strong> con <strong data-start=\"1287\" data-end=\"1323\">longitud y di\u00e1metro personalizados<\/strong> opciones.<br data-start=\"1332\" data-end=\"1335\" \/>Nuestra <strong data-start=\"1339\" data-end=\"1354\">Servicio CNC<\/strong> y <strong data-start=\"1359\" data-end=\"1378\">servicio de corte<\/strong> garantizar que cada tubo se adapte perfectamente a su proyecto.<\/p>\n<p data-start=\"1431\" data-end=\"1445\">Tambi\u00e9n ofrecemos:<\/p>\n<ul>\n<li><strong>Tubos telesc\u00f3picos de fibra de carbono <\/strong>para estructuras ajustables<\/li>\n<li><strong>Conectores de tubos de fibra de carbono <\/strong>y <strong>abrazaderas<\/strong>\u00a0para un montaje seguro<\/li>\n<li><strong>Fibra de carbono cortada a medida <\/strong>soluciones para dise\u00f1os de ingenier\u00eda exclusivos<\/li>\n<\/ul>\n<p data-start=\"1662\" data-end=\"1811\">Tanto si necesita <strong data-start=\"1679\" data-end=\"1719\">tubos de fibra de carbono para brazos rob\u00f3ticos<\/strong>, <strong data-start=\"1721\" data-end=\"1743\">tren de aterrizaje de drones<\/strong>, o <strong data-start=\"1748\" data-end=\"1762\">flechas de taco<\/strong>, Ofrecemos precisi\u00f3n y calidad en cada paso.<\/p>\n<hr data-start=\"1813\" data-end=\"1816\" \/>\n<h2 style=\"font-size: 25px; font-weight: 600; line-height: 1.3; margin-bottom: 15px;\">Aplicaciones en todos los sectores<\/h2>\n<h3 style=\"font-size: 16px; font-weight: 400; line-height: 1.6; margin: 0 0 12px;\">Nuestros grandes tubos de fibra de carbono se utilizan en una amplia gama de industrias, entre ellas:<\/h3>\n<ul>\n<li><strong>Componentes de drones<\/strong>- ideal para <strong>tren de aterrizaje<\/strong>, <strong>marcos<\/strong>, y <strong>brazos<\/strong><\/li>\n<li><strong>Automatizaci\u00f3n y rob\u00f3tica<\/strong>- fiable <strong>tubos para brazos rob\u00f3ticos<\/strong>\u00a0y estructuras de apoyo<\/li>\n<li><strong>Bicicletas y equipamiento deportivo<\/strong>- <strong>manillares de fibra de carbono<\/strong>, <strong>flechas de taco<\/strong>, y <strong>barriles<\/strong><\/li>\n<li><strong>Usos industriales<\/strong>- <strong>abrazaderas de tubo de fibra de carbono<\/strong>, <strong>conectores<\/strong>, y <strong>accesorios a medida<\/strong><\/li>\n<li><strong>Dise\u00f1os decorativos y forjados<\/strong>- disponible en <strong>de color <\/strong>y <strong>patr\u00f3n forjado<\/strong><\/li>\n<\/ul>\n<p data-start=\"2438\" data-end=\"2557\">En <strong data-start=\"2443\" data-end=\"2469\">prototipos ligeros<\/strong> a <strong data-start=\"2473\" data-end=\"2499\">producci\u00f3n a gran escala<\/strong>, fabricamos cada tubo bajo un estricto control de calidad.<\/p>\n<hr data-start=\"2559\" data-end=\"2562\" \/>\n<h2 style=\"font-size: 25px; font-weight: 600; line-height: 1.3; margin-bottom: 15px;\">Por qu\u00e9 elegir PCX Composite<\/h2>\n<ul>\n<li><strong>Construcci\u00f3n de fibra de carbono real<\/strong>- materiales duraderos y de alto rendimiento.<\/li>\n<li><a href=\"https:\/\/www.youtube.com\/watch?v=d4JZDV9r96g\"><strong>Proceso de fabricaci\u00f3n a medida<\/strong><\/a>- tama\u00f1os, formas y acabados flexibles.<\/li>\n<li><strong>CNC de precisi\u00f3n y servicio de corte<\/strong>- ajuste preciso y bordes lisos.<\/li>\n<li><strong>Acabados opcionales<\/strong>- disponible en <strong>carbono forjado<\/strong>, <strong>tubos de colores<\/strong>, o <strong>superficies mates<\/strong>.<\/li>\n<li><strong>Elevada relaci\u00f3n resistencia\/peso<\/strong>- ideal para sistemas de carga o de alta velocidad.<\/li>\n<li><strong>Componentes compatibles<\/strong>- <strong>conectores<\/strong>, <strong>abrazaderas de tubo<\/strong>, y <strong>opciones de adhesi\u00f3n<\/strong><\/li>\n<\/ul>\n<p data-start=\"3134\" data-end=\"3272\">Tambi\u00e9n suministramos <strong data-start=\"3149\" data-end=\"3173\">barriles de fibra de carbono<\/strong>, <strong data-start=\"3175\" data-end=\"3191\">manillares de bicicleta<\/strong>, y <strong data-start=\"3197\" data-end=\"3221\">piezas de art\u00edculos deportivos<\/strong>, Todos ellos fabricados con la misma precisi\u00f3n y fiabilidad.<\/p>\n<hr data-start=\"3274\" data-end=\"3277\" \/>\n<h2 style=\"font-size: 25px; font-weight: 600; line-height: 1.3; margin-bottom: 15px;\">D\u00f3nde comprar tubos grandes de fibra de carbono<\/h2>\n<p data-start=\"3326\" data-end=\"3534\">En busca de <strong data-start=\"3338\" data-end=\"3369\">venta de tubos de fibra de carbono<\/strong> o necesidad <strong data-start=\"3378\" data-end=\"3413\">tubos de fibra de carbono a medida<\/strong> para su proyecto?<br data-start=\"3431\" data-end=\"3434\" \/>PCX Composite proporciona <strong data-start=\"3457\" data-end=\"3487\">servicios mayoristas y OEM<\/strong> con un plazo de entrega r\u00e1pido y una calidad constante.<\/p>\n<p data-start=\"3536\" data-end=\"3707\">En <strong data-start=\"3541\" data-end=\"3575\">tubos telesc\u00f3picos de fibra de carbono<\/strong> a <strong data-start=\"3579\" data-end=\"3613\">conjuntos de tubos de gran di\u00e1metro<\/strong>, Suministramos productos fiables para <strong data-start=\"3650\" data-end=\"3659\">dron<\/strong>, <strong data-start=\"3661\" data-end=\"3672\">bicicleta<\/strong>, y <strong data-start=\"3678\" data-end=\"3706\">fabricaci\u00f3n industrial<\/strong>.<\/p>\n<p data-start=\"3709\" data-end=\"3885\">\ud83d\udcac <a href=\"https:\/\/pcxcomposite.com\/es\/contacto\/\"><strong>Contacto para solicitar un presupuesto o una muestra<\/strong><\/a> - nuestro equipo de ingenieros puede ayudarle a elegir el <strong data-start=\"3815\" data-end=\"3851\">tubo de fibra de carbono de gran di\u00e1metro<\/strong>\u00a0para adaptarse a sus especificaciones exactas.<\/p>","protected":false},"excerpt":{"rendered":"<p>\u00a0Large Diameter Carbon Fiber Tubes \u2014 Strength, Size, and Precision Built for Bigger Projects, Designed for Performance Our large carbon [&hellip;]<\/p>","protected":false},"featured_media":2065,"template":"","meta":{"_uag_custom_page_level_css":"","site-sidebar-layout":"default","site-content-layout":"","ast-site-content-layout":"default","site-content-style":"default","site-sidebar-style":"default","ast-global-header-display":"","ast-banner-title-visibility":"","ast-main-header-display":"","ast-hfb-above-header-display":"","ast-hfb-below-header-display":"","ast-hfb-mobile-header-display":"","site-post-title":"","ast-breadcrumbs-content":"","ast-featured-img":"","footer-sml-layout":"","theme-transparent-header-meta":"default","adv-header-id-meta":"","stick-header-meta":"","header-above-stick-meta":"","header-main-stick-meta":"","header-below-stick-meta":"","astra-migrate-meta-layouts":"set","ast-page-background-enabled":"default","ast-page-background-meta":{"desktop":{"background-color":"var(--ast-global-color-4)","background-image":"","background-repeat":"repeat","background-position":"center center","background-size":"auto","background-attachment":"scroll","background-type":"","background-media":"","overlay-type":"","overlay-color":"","overlay-opacity":"","overlay-gradient":""},"tablet":{"background-color":"","background-image":"","background-repeat":"repeat","background-position":"center center","background-size":"auto","background-attachment":"scroll","background-type":"","background-media":"","overlay-type":"","overlay-color":"","overlay-opacity":"","overlay-gradient":""},"mobile":{"background-color":"","background-image":"","background-repeat":"repeat","background-position":"center center","background-size":"auto","background-attachment":"scroll","background-type":"","background-media":"","overlay-type":"","overlay-color":"","overlay-opacity":"","overlay-gradient":""}},"ast-content-background-meta":{"desktop":{"background-color":"var(--ast-global-color-5)","background-image":"","background-repeat":"repeat","background-position":"center center","background-size":"auto","background-attachment":"scroll","background-type":"","background-media":"","overlay-type":"","overlay-color":"","overlay-opacity":"","overlay-gradient":""},"tablet":{"background-color":"var(--ast-global-color-5)","background-image":"","background-repeat":"repeat","background-position":"center center","background-size":"auto","background-attachment":"scroll","background-type":"","background-media":"","overlay-type":"","overlay-color":"","overlay-opacity":"","overlay-gradient":""},"mobile":{"background-color":"var(--ast-global-color-5)","background-image":"","background-repeat":"repeat","background-position":"center center","background-size":"auto","background-attachment":"scroll","background-type":"","background-media":"","overlay-type":"","overlay-color":"","overlay-opacity":"","overlay-gradient":""}}},"product_brand":[],"product_cat":[20],"product_tag":[36],"class_list":{"0":"post-1823","1":"product","2":"type-product","3":"status-publish","4":"has-post-thumbnail","6":"product_cat-carbon-fiber-tube","7":"product_tag-round-tube","8":"desktop-align-left","9":"tablet-align-left","10":"mobile-align-left","12":"first","13":"instock","14":"shipping-taxable","15":"product-type-simple"},"yoast_head":"<!-- This site is optimized with the Yoast SEO plugin v26.1.1 - https:\/\/yoast.com\/wordpress\/plugins\/seo\/ -->\n<title>Large Carbon Fiber Tubes - PCX Composite<\/title>\n<meta name=\"description\" content=\"Buy large carbon fiber tubes with custom length, diameter, and CNC cutting. Lightweight, durable, and perfect for drones, robotics, and sports equipment.\" \/>\n<meta name=\"robots\" content=\"index, follow, max-snippet:-1, max-image-preview:large, max-video-preview:-1\" \/>\n<link rel=\"canonical\" href=\"https:\/\/pcxcomposite.com\/es\/product\/tubo-fibra-carbono-grande\/\" \/>\n<meta property=\"og:locale\" content=\"es_ES\" \/>\n<meta property=\"og:type\" content=\"article\" \/>\n<meta property=\"og:title\" content=\"Large Carbon Fiber Tubes - PCX Composite\" \/>\n<meta property=\"og:description\" content=\"Buy large carbon fiber tubes with custom length, diameter, and CNC cutting. Lightweight, durable, and perfect for drones, robotics, and sports equipment.\" \/>\n<meta property=\"og:url\" content=\"https:\/\/pcxcomposite.com\/es\/product\/tubo-fibra-carbono-grande\/\" \/>\n<meta property=\"og:site_name\" content=\"pcxcomposite.com\" \/>\n<meta property=\"article:modified_time\" content=\"2025-10-21T03:14:45+00:00\" \/>\n<meta property=\"og:image\" content=\"https:\/\/pcxcomposite.com\/wp-content\/uploads\/2025\/04\/Large-diameter-carbon-fiber-tube-close-up-with-glossy-finish.png\" \/>\n\t<meta property=\"og:image:width\" content=\"502\" \/>\n\t<meta property=\"og:image:height\" content=\"497\" \/>\n\t<meta property=\"og:image:type\" content=\"image\/png\" \/>\n<meta name=\"twitter:card\" content=\"summary_large_image\" \/>\n<meta name=\"twitter:label1\" content=\"Tiempo de lectura\" \/>\n\t<meta name=\"twitter:data1\" content=\"3 minutos\" \/>\n<script type=\"application\/ld+json\" class=\"yoast-schema-graph\">{\"@context\":\"https:\/\/schema.org\",\"@graph\":[{\"@type\":\"WebPage\",\"@id\":\"https:\/\/pcxcomposite.com\/product\/large-carbon-fiber-tube\/\",\"url\":\"https:\/\/pcxcomposite.com\/product\/large-carbon-fiber-tube\/\",\"name\":\"Large Carbon Fiber Tubes - PCX Composite\",\"isPartOf\":{\"@id\":\"https:\/\/pcxcomposite.com\/#website\"},\"primaryImageOfPage\":{\"@id\":\"https:\/\/pcxcomposite.com\/product\/large-carbon-fiber-tube\/#primaryimage\"},\"image\":{\"@id\":\"https:\/\/pcxcomposite.com\/product\/large-carbon-fiber-tube\/#primaryimage\"},\"thumbnailUrl\":\"https:\/\/pcxcomposite.com\/wp-content\/uploads\/2025\/04\/large-diameter-carbon-fiber-tube-close-up.png\",\"datePublished\":\"2025-04-18T12:26:34+00:00\",\"dateModified\":\"2025-10-21T03:14:45+00:00\",\"description\":\"Buy large carbon fiber tubes with custom length, diameter, and CNC cutting. Lightweight, durable, and perfect for drones, robotics, and sports equipment.\",\"breadcrumb\":{\"@id\":\"https:\/\/pcxcomposite.com\/product\/large-carbon-fiber-tube\/#breadcrumb\"},\"inLanguage\":\"es\",\"potentialAction\":[{\"@type\":\"ReadAction\",\"target\":[\"https:\/\/pcxcomposite.com\/product\/large-carbon-fiber-tube\/\"]}]},{\"@type\":\"ImageObject\",\"inLanguage\":\"es\",\"@id\":\"https:\/\/pcxcomposite.com\/product\/large-carbon-fiber-tube\/#primaryimage\",\"url\":\"https:\/\/pcxcomposite.com\/wp-content\/uploads\/2025\/04\/large-diameter-carbon-fiber-tube-close-up.png\",\"contentUrl\":\"https:\/\/pcxcomposite.com\/wp-content\/uploads\/2025\/04\/large-diameter-carbon-fiber-tube-close-up.png\",\"width\":502,\"height\":497,\"caption\":\"CNC carbon fiber tube cutting service\"},{\"@type\":\"BreadcrumbList\",\"@id\":\"https:\/\/pcxcomposite.com\/product\/large-carbon-fiber-tube\/#breadcrumb\",\"itemListElement\":[{\"@type\":\"ListItem\",\"position\":1,\"name\":\"Home\",\"item\":\"https:\/\/pcxcomposite.com\/\"},{\"@type\":\"ListItem\",\"position\":2,\"name\":\"Shop\",\"item\":\"https:\/\/pcxcomposite.com\/shop\/\"},{\"@type\":\"ListItem\",\"position\":3,\"name\":\"Large Carbon Fiber Tube\"}]},{\"@type\":\"WebSite\",\"@id\":\"https:\/\/pcxcomposite.com\/#website\",\"url\":\"https:\/\/pcxcomposite.com\/\",\"name\":\"pcxcomposite.com\",\"description\":\"\",\"publisher\":{\"@id\":\"https:\/\/pcxcomposite.com\/#organization\"},\"potentialAction\":[{\"@type\":\"SearchAction\",\"target\":{\"@type\":\"EntryPoint\",\"urlTemplate\":\"https:\/\/pcxcomposite.com\/?s={search_term_string}\"},\"query-input\":{\"@type\":\"PropertyValueSpecification\",\"valueRequired\":true,\"valueName\":\"search_term_string\"}}],\"inLanguage\":\"es\"},{\"@type\":\"Organization\",\"@id\":\"https:\/\/pcxcomposite.com\/#organization\",\"name\":\"pcxcomposite.com\",\"url\":\"https:\/\/pcxcomposite.com\/\",\"logo\":{\"@type\":\"ImageObject\",\"inLanguage\":\"es\",\"@id\":\"https:\/\/pcxcomposite.com\/#\/schema\/logo\/image\/\",\"url\":\"https:\/\/pcxcomposite.com\/wp-content\/uploads\/2025\/04\/carbon-fiber-manufacturer.png\",\"contentUrl\":\"https:\/\/pcxcomposite.com\/wp-content\/uploads\/2025\/04\/carbon-fiber-manufacturer.png\",\"width\":177,\"height\":59,\"caption\":\"pcxcomposite.com\"},\"image\":{\"@id\":\"https:\/\/pcxcomposite.com\/#\/schema\/logo\/image\/\"}}]}<\/script>\n<!-- \/ Yoast SEO plugin. -->","yoast_head_json":{"title":"Tubos grandes de fibra de carbono - PCX Composite","description":"Compre tubos grandes de fibra de carbono con longitud, di\u00e1metro y corte CNC personalizados. Ligeros, duraderos y perfectos para drones, rob\u00f3tica y equipamiento deportivo.","robots":{"index":"index","follow":"follow","max-snippet":"max-snippet:-1","max-image-preview":"max-image-preview:large","max-video-preview":"max-video-preview:-1"},"canonical":"https:\/\/pcxcomposite.com\/es\/product\/tubo-fibra-carbono-grande\/","og_locale":"es_ES","og_type":"article","og_title":"Large Carbon Fiber Tubes - PCX Composite","og_description":"Buy large carbon fiber tubes with custom length, diameter, and CNC cutting. Lightweight, durable, and perfect for drones, robotics, and sports equipment.","og_url":"https:\/\/pcxcomposite.com\/es\/product\/tubo-fibra-carbono-grande\/","og_site_name":"pcxcomposite.com","article_modified_time":"2025-10-21T03:14:45+00:00","og_image":[{"width":502,"height":497,"url":"https:\/\/pcxcomposite.com\/wp-content\/uploads\/2025\/04\/Large-diameter-carbon-fiber-tube-close-up-with-glossy-finish.png","type":"image\/png"}],"twitter_card":"summary_large_image","twitter_misc":{"Tiempo de lectura":"3 minutos"},"schema":{"@context":"https:\/\/schema.org","@graph":[{"@type":"WebPage","@id":"https:\/\/pcxcomposite.com\/product\/large-carbon-fiber-tube\/","url":"https:\/\/pcxcomposite.com\/product\/large-carbon-fiber-tube\/","name":"Tubos grandes de fibra de carbono - PCX Composite","isPartOf":{"@id":"https:\/\/pcxcomposite.com\/#website"},"primaryImageOfPage":{"@id":"https:\/\/pcxcomposite.com\/product\/large-carbon-fiber-tube\/#primaryimage"},"image":{"@id":"https:\/\/pcxcomposite.com\/product\/large-carbon-fiber-tube\/#primaryimage"},"thumbnailUrl":"https:\/\/pcxcomposite.com\/wp-content\/uploads\/2025\/04\/large-diameter-carbon-fiber-tube-close-up.png","datePublished":"2025-04-18T12:26:34+00:00","dateModified":"2025-10-21T03:14:45+00:00","description":"Compre tubos grandes de fibra de carbono con longitud, di\u00e1metro y corte CNC personalizados. Ligeros, duraderos y perfectos para drones, rob\u00f3tica y equipamiento deportivo.","breadcrumb":{"@id":"https:\/\/pcxcomposite.com\/product\/large-carbon-fiber-tube\/#breadcrumb"},"inLanguage":"es","potentialAction":[{"@type":"ReadAction","target":["https:\/\/pcxcomposite.com\/product\/large-carbon-fiber-tube\/"]}]},{"@type":"ImageObject","inLanguage":"es","@id":"https:\/\/pcxcomposite.com\/product\/large-carbon-fiber-tube\/#primaryimage","url":"https:\/\/pcxcomposite.com\/wp-content\/uploads\/2025\/04\/large-diameter-carbon-fiber-tube-close-up.png","contentUrl":"https:\/\/pcxcomposite.com\/wp-content\/uploads\/2025\/04\/large-diameter-carbon-fiber-tube-close-up.png","width":502,"height":497,"caption":"CNC carbon fiber tube cutting service"},{"@type":"BreadcrumbList","@id":"https:\/\/pcxcomposite.com\/product\/large-carbon-fiber-tube\/#breadcrumb","itemListElement":[{"@type":"ListItem","position":1,"name":"Home","item":"https:\/\/pcxcomposite.com\/"},{"@type":"ListItem","position":2,"name":"Shop","item":"https:\/\/pcxcomposite.com\/shop\/"},{"@type":"ListItem","position":3,"name":"Large Carbon Fiber Tube"}]},{"@type":"WebSite","@id":"https:\/\/pcxcomposite.com\/#website","url":"https:\/\/pcxcomposite.com\/","name":"pcxcomposite.com","description":"","publisher":{"@id":"https:\/\/pcxcomposite.com\/#organization"},"potentialAction":[{"@type":"SearchAction","target":{"@type":"EntryPoint","urlTemplate":"https:\/\/pcxcomposite.com\/?s={search_term_string}"},"query-input":{"@type":"PropertyValueSpecification","valueRequired":true,"valueName":"search_term_string"}}],"inLanguage":"es"},{"@type":"Organization","@id":"https:\/\/pcxcomposite.com\/#organization","name":"pcxcomposite.com","url":"https:\/\/pcxcomposite.com\/","logo":{"@type":"ImageObject","inLanguage":"es","@id":"https:\/\/pcxcomposite.com\/#\/schema\/logo\/image\/","url":"https:\/\/pcxcomposite.com\/wp-content\/uploads\/2025\/04\/carbon-fiber-manufacturer.png","contentUrl":"https:\/\/pcxcomposite.com\/wp-content\/uploads\/2025\/04\/carbon-fiber-manufacturer.png","width":177,"height":59,"caption":"pcxcomposite.com"},"image":{"@id":"https:\/\/pcxcomposite.com\/#\/schema\/logo\/image\/"}}]}},"spectra_custom_meta":{"total_sales":["0"],"_tax_status":["taxable"],"_tax_class":[""],"_manage_stock":["no"],"_backorders":["no"],"_sold_individually":["no"],"_virtual":["no"],"_downloadable":["no"],"_product_image_gallery":["2067,2068,2066"],"_download_limit":["-1"],"_download_expiry":["-1"],"_stock":[null],"_stock_status":["instock"],"_wc_average_rating":["0"],"_wc_review_count":["0"],"_product_version":["9.8.4"],"site-sidebar-layout":["default"],"ast-site-content-layout":["default"],"site-content-style":["default"],"site-sidebar-style":["default"],"theme-transparent-header-meta":["default"],"_edit_lock":["1761016376:1"],"_edit_last":["1"],"_thumbnail_id":["2065"],"astra-migrate-meta-layouts":["set"],"_yoast_wpseo_primary_product_brand":[""],"_yoast_wpseo_primary_product_cat":[""],"_yoast_wpseo_focuskw":["large carbon fiber tubes"],"_yoast_wpseo_title":["Large Carbon Fiber Tubes %%page%% %%sep%% PCX Composite"],"_yoast_wpseo_metadesc":["Buy large carbon fiber tubes with custom length, diameter, and CNC cutting. Lightweight, durable, and perfect for drones, robotics, and sports equipment."],"_yoast_wpseo_linkdex":["93"],"_yoast_wpseo_content_score":["90"],"_yoast_wpseo_estimated-reading-time-minutes":["3"],"_uag_page_assets":["a:9:{s:3:\"css\";s:263:\".uag-blocks-common-selector{z-index:var(--z-index-desktop) !important}@media (max-width: 976px){.uag-blocks-common-selector{z-index:var(--z-index-tablet) !important}}@media (max-width: 767px){.uag-blocks-common-selector{z-index:var(--z-index-mobile) !important}}\n\";s:2:\"js\";s:0:\"\";s:18:\"current_block_list\";a:8:{i:0;s:11:\"core\/search\";i:1;s:10:\"core\/group\";i:2;s:12:\"core\/heading\";i:3;s:17:\"core\/latest-posts\";i:4;s:20:\"core\/latest-comments\";i:5;s:13:\"core\/archives\";i:6;s:15:\"core\/categories\";i:7;s:10:\"core\/image\";}s:8:\"uag_flag\";b:0;s:11:\"uag_version\";s:10:\"1775106978\";s:6:\"gfonts\";a:0:{}s:10:\"gfonts_url\";s:0:\"\";s:12:\"gfonts_files\";a:0:{}s:14:\"uag_faq_layout\";b:0;}"],"_uag_css_file_name":["uag-css-1823.css"],"_elementor_page_assets":["a:0:{}"]},"uagb_featured_image_src":{"full":["https:\/\/pcxcomposite.com\/wp-content\/uploads\/2025\/04\/large-diameter-carbon-fiber-tube-close-up.png",502,497,false],"thumbnail":["https:\/\/pcxcomposite.com\/wp-content\/uploads\/2025\/04\/large-diameter-carbon-fiber-tube-close-up-150x150.png",150,150,true],"medium":["https:\/\/pcxcomposite.com\/wp-content\/uploads\/2025\/04\/large-diameter-carbon-fiber-tube-close-up-300x297.png",300,297,true],"medium_large":["https:\/\/pcxcomposite.com\/wp-content\/uploads\/2025\/04\/large-diameter-carbon-fiber-tube-close-up.png",502,497,false],"large":["https:\/\/pcxcomposite.com\/wp-content\/uploads\/2025\/04\/large-diameter-carbon-fiber-tube-close-up.png",502,497,false],"1536x1536":["https:\/\/pcxcomposite.com\/wp-content\/uploads\/2025\/04\/large-diameter-carbon-fiber-tube-close-up.png",502,497,false],"2048x2048":["https:\/\/pcxcomposite.com\/wp-content\/uploads\/2025\/04\/large-diameter-carbon-fiber-tube-close-up.png",502,497,false],"trp-custom-language-flag":["https:\/\/pcxcomposite.com\/wp-content\/uploads\/2025\/04\/large-diameter-carbon-fiber-tube-close-up.png",12,12,false],"woocommerce_thumbnail":["https:\/\/pcxcomposite.com\/wp-content\/uploads\/2025\/04\/large-diameter-carbon-fiber-tube-close-up-300x225.png",300,225,true],"woocommerce_single":["https:\/\/pcxcomposite.com\/wp-content\/uploads\/2025\/04\/large-diameter-carbon-fiber-tube-close-up-300x297.png",300,297,true],"woocommerce_gallery_thumbnail":["https:\/\/pcxcomposite.com\/wp-content\/uploads\/2025\/04\/large-diameter-carbon-fiber-tube-close-up-100x100.png",100,100,true]},"uagb_author_info":{"display_name":"info@pcxcomposite.com","author_link":"https:\/\/pcxcomposite.com\/es\/author\/"},"uagb_comment_info":0,"uagb_excerpt":"\u00a0Large Diameter Carbon Fiber Tubes \u2014 Strength, Size, and Precision Built for Bigger Projects, Designed for Performance Our large carbon [&hellip;]","_links":{"self":[{"href":"https:\/\/pcxcomposite.com\/es\/wp-json\/wp\/v2\/product\/1823","targetHints":{"allow":["GET"]}}],"collection":[{"href":"https:\/\/pcxcomposite.com\/es\/wp-json\/wp\/v2\/product"}],"about":[{"href":"https:\/\/pcxcomposite.com\/es\/wp-json\/wp\/v2\/types\/product"}],"wp:featuredmedia":[{"embeddable":true,"href":"https:\/\/pcxcomposite.com\/es\/wp-json\/wp\/v2\/media\/2065"}],"wp:attachment":[{"href":"https:\/\/pcxcomposite.com\/es\/wp-json\/wp\/v2\/media?parent=1823"}],"wp:term":[{"taxonomy":"product_brand","embeddable":true,"href":"https:\/\/pcxcomposite.com\/es\/wp-json\/wp\/v2\/product_brand?post=1823"},{"taxonomy":"product_cat","embeddable":true,"href":"https:\/\/pcxcomposite.com\/es\/wp-json\/wp\/v2\/product_cat?post=1823"},{"taxonomy":"product_tag","embeddable":true,"href":"https:\/\/pcxcomposite.com\/es\/wp-json\/wp\/v2\/product_tag?post=1823"}],"curies":[{"name":"wp","href":"https:\/\/api.w.org\/{rel}","templated":true}]}}