{"id":1831,"date":"2025-04-18T13:18:34","date_gmt":"2025-04-18T13:18:34","guid":{"rendered":"https:\/\/pcxcomposite.com\/?post_type=product&#038;p=1831"},"modified":"2025-10-21T04:23:49","modified_gmt":"2025-10-21T04:23:49","slug":"barras-telescopicas-fibra-carbono","status":"publish","type":"product","link":"https:\/\/pcxcomposite.com\/es\/product\/barras-telescopicas-fibra-carbono\/","title":{"rendered":"Bastones telesc\u00f3picos de fibra de carbono"},"content":{"rendered":"<h1 style=\"position: absolute; left: -9999px; top: -9999px; width: 1px; height: 1px; overflow: hidden;\">Bast\u00f3n telesc\u00f3pico de fibra de carbono s: resistencia ligera con dise\u00f1o ajustable<\/h1>\n<h2 style=\"font-size: 25px; font-weight: 600; line-height: 1.3; margin-bottom: 15px;\">Extensi\u00f3n suave, rendimiento s\u00f3lido<\/h2>\n<p data-start=\"430\" data-end=\"784\">Nuestra <strong data-start=\"434\" data-end=\"468\">bastones telesc\u00f3picos de fibra de carbono <\/strong>est\u00e1n dise\u00f1ados para ofrecer versatilidad, resistencia y portabilidad.<br data-start=\"527\" data-end=\"530\" \/>Construido a partir de <strong data-start=\"541\" data-end=\"562\">fibra de carbono real<\/strong> o <strong data-start=\"566\" data-end=\"589\">material de fibra de vidrio<\/strong>, Estos <strong data-start=\"597\" data-end=\"631\">tubos telesc\u00f3picos de fibra de carbono<\/strong> combinar <strong data-start=\"640\" data-end=\"656\">ligereza<\/strong> con <strong data-start=\"662\" data-end=\"687\">rigidez excepcional<\/strong> - ideal para <strong data-start=\"700\" data-end=\"722\">equipos de limpieza<\/strong>, <strong data-start=\"724\" data-end=\"740\">c\u00e1maras booms<\/strong>, <strong data-start=\"742\" data-end=\"755\">astas de bandera<\/strong>, y <strong data-start=\"761\" data-end=\"783\">extensiones robotizadas<\/strong>.<\/p>\n<p data-start=\"786\" data-end=\"1098\">Cada <strong data-start=\"791\" data-end=\"810\">tubo telesc\u00f3pico<\/strong> presenta un ajuste preciso y un suave movimiento de deslizamiento. Puede ajustar f\u00e1cilmente el <strong data-start=\"887\" data-end=\"910\">longitud y di\u00e1metro<\/strong> para adaptarse a su aplicaci\u00f3n. Ya sea para <strong data-start=\"950\" data-end=\"969\">trabajo industrial<\/strong>, <strong data-start=\"971\" data-end=\"987\">equipamiento exterior<\/strong>, o <strong data-start=\"992\" data-end=\"1013\">estructuras personalizadas<\/strong>, nuestro <strong data-start=\"1019\" data-end=\"1052\">bastones ajustables de fibra de carbono<\/strong> garantizan resultados fiables y de alto rendimiento.<\/p>\n<hr data-start=\"1100\" data-end=\"1103\" \/>\n<h2 style=\"font-size: 25px; font-weight: 600; line-height: 1.3; margin-bottom: 15px;\">Tama\u00f1os personalizados y opciones de fabricaci\u00f3n<\/h2>\n<p data-start=\"1153\" data-end=\"1402\">Como empresa de confianza <strong data-start=\"1166\" data-end=\"1200\">fabricante de tubos de fibra de carbono<\/strong>, PCX Composite proporciona <strong data-start=\"1225\" data-end=\"1272\">tubos telesc\u00f3picos de fibra de carbono a medida<\/strong> con opciones de dise\u00f1o flexibles, como <strong data-start=\"1314\" data-end=\"1337\">medidas de tubo cuadrado<\/strong>, <strong data-start=\"1339\" data-end=\"1366\">tubo telesc\u00f3pico redondo<\/strong>, y <strong data-start=\"1372\" data-end=\"1401\">tubo cuadrado telesc\u00f3pico<\/strong>.<\/p>\n<p data-start=\"1404\" data-end=\"1718\">Nuestros profesionales <a href=\"https:\/\/www.youtube.com\/watch?v=d4JZDV9r96g\"><strong data-start=\"1421\" data-end=\"1436\">Servicio CNC<\/strong><\/a> y <strong data-start=\"1441\" data-end=\"1460\">servicio de corte<\/strong> garantizar la precisi\u00f3n de cada secci\u00f3n, asegurando <strong data-start=\"1516\" data-end=\"1547\">conectores de tubos telesc\u00f3picos<\/strong> y un ajuste firme y seguro.<br data-start=\"1572\" data-end=\"1575\" \/>Tambi\u00e9n puede elegir <strong data-start=\"1595\" data-end=\"1615\">acabados de color<\/strong>, <strong data-start=\"1617\" data-end=\"1636\">patrones de forja<\/strong>, o <strong data-start=\"1641\" data-end=\"1666\">revestimientos mates\/brillantes<\/strong> para un aspecto decorativo sin sacrificar la resistencia.<\/p>\n<p data-start=\"1720\" data-end=\"1742\"><strong data-start=\"1720\" data-end=\"1742\">Opciones disponibles para :<\/strong><\/p>\n<ul>\n<li>Secciones telesc\u00f3picas con <strong>longitud ajustable<\/strong><\/li>\n<li><strong>Abrazaderas de tubo de fibra de carbono <\/strong>y <strong>cierres de tubo telesc\u00f3pico<\/strong><\/li>\n<li><strong>Tubos telesc\u00f3picos redondos o cuadrados<\/strong><\/li>\n<li>Opcional <strong>material de fibra de vidrio<\/strong><strong>, fibra de carbono de color, <\/strong>o <strong>patr\u00f3n de carbono forjado<\/strong>\u00a0dise\u00f1os<\/li>\n<\/ul>\n<hr data-start=\"1975\" data-end=\"1978\" \/>\n<h2 style=\"font-size: 25px; font-weight: 600; line-height: 1.3; margin-bottom: 15px;\">Amplia gama de aplicaciones<\/h2>\n<h3 style=\"font-size: 16px; font-weight: 400; line-height: 1.6; margin: 0 0 12px;\">Nuestra <strong>bastones telesc\u00f3picos de fibra de carbono<\/strong> son adecuados para diversas industrias y tareas, entre ellas:<\/h3>\n<ul>\n<li><strong>Tubos telesc\u00f3picos para herramientas de limpieza<\/strong>- ligero y f\u00e1cil de controlar<\/li>\n<li><strong>Barras de c\u00e1mara y soportes ajustables<\/strong>- fuerte pero port\u00e1til<\/li>\n<li><strong>M\u00e1stiles de bandera y postes de se\u00f1alizaci\u00f3n ajustables<\/strong>- elegante y resistente a la intemperie<\/li>\n<li><strong>Lonas ligeras para tiendas y postes para exteriores<\/strong>- compacto para viajar<\/li>\n<li><strong>Extensiones robotizadas<\/strong>- duradero y estable en movimientos din\u00e1micos<\/li>\n<li><strong>Postes industriales ajustables y sistemas de entramado<\/strong><\/li>\n<li><strong>Palos recogedores de fruta<\/strong>-ajustable y ligero con longitudes personalizadas<\/li>\n<\/ul>\n<p data-start=\"2549\" data-end=\"2697\">La combinaci\u00f3n de <strong data-start=\"2568\" data-end=\"2584\">ligereza<\/strong>, <strong data-start=\"2586\" data-end=\"2606\">resistencia a la tracci\u00f3n<\/strong>, y <strong data-start=\"2612\" data-end=\"2633\">dise\u00f1o personalizado<\/strong> hace que estos bastones sean ideales tanto para uso profesional como de consumo.<\/p>\n<hr data-start=\"2699\" data-end=\"2702\" \/>\n<h2 style=\"font-size: 25px; font-weight: 600; line-height: 1.3; margin-bottom: 15px;\">Por qu\u00e9 elegir PCX Composite<\/h2>\n<ul>\n<li><strong>Construcci\u00f3n de fibra de carbono real<\/strong>- excepcional relaci\u00f3n resistencia-peso.<\/li>\n<li><strong>Precisi\u00f3n telesc\u00f3pica<\/strong>- F\u00e1cil ajuste con movimiento suave del tubo.<\/li>\n<li><strong>Extremos mecanizados CNC<\/strong>- preciso <strong>servicio de corte<\/strong>\u00a0para un ajuste y alineaci\u00f3n perfectos.<\/li>\n<li><strong>Opciones est\u00e9ticas<\/strong>- disponible <strong>con colores<\/strong>, <strong>patrones de forja<\/strong>, o <strong>acabados de fibra de vidrio<\/strong>.<\/li>\n<li><strong>Duradero y ligero<\/strong>- construido para la extensi\u00f3n y retracci\u00f3n repetitivas.<\/li>\n<li><strong>A medida y ajustable<\/strong>- flexible <strong>longitud y di\u00e1metro<\/strong>\u00a0para sus necesidades.<\/li>\n<\/ul>\n<p data-start=\"3266\" data-end=\"3382\">Suministramos tanto <strong data-start=\"3281\" data-end=\"3318\">tubos telesc\u00f3picos redondos y cuadrados<\/strong>, y proporcionar <strong data-start=\"3332\" data-end=\"3352\">OEM o al por mayor<\/strong> servicios para socios globales.<\/p>\n<hr data-start=\"3384\" data-end=\"3387\" \/>\n<h2 style=\"font-size: 25px; font-weight: 600; line-height: 1.3; margin-bottom: 15px;\">D\u00f3nde comprar bastones telesc\u00f3picos de fibra de carbono<\/h2>\n<p data-start=\"3442\" data-end=\"3745\">En busca de <strong data-start=\"3454\" data-end=\"3497\">venta de tubos telesc\u00f3picos de fibra de carbono<\/strong> o un <strong data-start=\"3512\" data-end=\"3546\">fabricante de tubos de fibra de carbono<\/strong>?<br data-start=\"3547\" data-end=\"3550\" \/>PCX Composite ofrece <strong data-start=\"3571\" data-end=\"3602\">tubos telesc\u00f3picos personalizados<\/strong> y <strong data-start=\"3607\" data-end=\"3629\">bastones de fibra de carbono<\/strong> con opciones ajustables: perfecto para <strong data-start=\"3668\" data-end=\"3681\">astas de bandera<\/strong>, <strong data-start=\"3683\" data-end=\"3700\">soportes para c\u00e1maras<\/strong>, <strong data-start=\"3702\" data-end=\"3722\">sistemas de limpieza<\/strong>, y <strong data-start=\"3728\" data-end=\"3744\">brazos rob\u00f3ticos<\/strong>.<\/p>\n<p data-start=\"3747\" data-end=\"3960\">P\u00f3ngase en contacto con nosotros hoy mismo para <strong data-start=\"3767\" data-end=\"3793\">comprar tubos de fibra de carbono<\/strong> o <a href=\"https:\/\/pcxcomposite.com\/es\/contacto\/\">solicitar un <strong data-start=\"3807\" data-end=\"3847\">m\u00e1stil telesc\u00f3pico personalizado de fibra de carbono<\/strong><\/a> para su pr\u00f3ximo proyecto.<br data-start=\"3870\" data-end=\"3873\" \/>Nos aseguramos de que cada producto ofrezca <strong data-start=\"3910\" data-end=\"3950\">fuerza, precisi\u00f3n y flexibilidad<\/strong> que necesitas.<\/p>","protected":false},"excerpt":{"rendered":"<p>sCarbon Fiber Telescoping Pole \u2014 Lightweight Strength with Adjustable Design Smooth Extension, Strong Performance Our carbon fiber telescopic poles are\u00a0engineered [&hellip;]<\/p>","protected":false},"featured_media":2070,"template":"","meta":{"_uag_custom_page_level_css":"","site-sidebar-layout":"default","site-content-layout":"","ast-site-content-layout":"default","site-content-style":"default","site-sidebar-style":"default","ast-global-header-display":"","ast-banner-title-visibility":"","ast-main-header-display":"","ast-hfb-above-header-display":"","ast-hfb-below-header-display":"","ast-hfb-mobile-header-display":"","site-post-title":"","ast-breadcrumbs-content":"","ast-featured-img":"","footer-sml-layout":"","theme-transparent-header-meta":"default","adv-header-id-meta":"","stick-header-meta":"","header-above-stick-meta":"","header-main-stick-meta":"","header-below-stick-meta":"","astra-migrate-meta-layouts":"set","ast-page-background-enabled":"default","ast-page-background-meta":{"desktop":{"background-color":"var(--ast-global-color-4)","background-image":"","background-repeat":"repeat","background-position":"center center","background-size":"auto","background-attachment":"scroll","background-type":"","background-media":"","overlay-type":"","overlay-color":"","overlay-opacity":"","overlay-gradient":""},"tablet":{"background-color":"","background-image":"","background-repeat":"repeat","background-position":"center center","background-size":"auto","background-attachment":"scroll","background-type":"","background-media":"","overlay-type":"","overlay-color":"","overlay-opacity":"","overlay-gradient":""},"mobile":{"background-color":"","background-image":"","background-repeat":"repeat","background-position":"center center","background-size":"auto","background-attachment":"scroll","background-type":"","background-media":"","overlay-type":"","overlay-color":"","overlay-opacity":"","overlay-gradient":""}},"ast-content-background-meta":{"desktop":{"background-color":"var(--ast-global-color-5)","background-image":"","background-repeat":"repeat","background-position":"center center","background-size":"auto","background-attachment":"scroll","background-type":"","background-media":"","overlay-type":"","overlay-color":"","overlay-opacity":"","overlay-gradient":""},"tablet":{"background-color":"var(--ast-global-color-5)","background-image":"","background-repeat":"repeat","background-position":"center center","background-size":"auto","background-attachment":"scroll","background-type":"","background-media":"","overlay-type":"","overlay-color":"","overlay-opacity":"","overlay-gradient":""},"mobile":{"background-color":"var(--ast-global-color-5)","background-image":"","background-repeat":"repeat","background-position":"center center","background-size":"auto","background-attachment":"scroll","background-type":"","background-media":"","overlay-type":"","overlay-color":"","overlay-opacity":"","overlay-gradient":""}}},"product_brand":[],"product_cat":[20],"product_tag":[36],"class_list":{"0":"post-1831","1":"product","2":"type-product","3":"status-publish","4":"has-post-thumbnail","6":"product_cat-carbon-fiber-tube","7":"product_tag-round-tube","8":"desktop-align-left","9":"tablet-align-left","10":"mobile-align-left","12":"first","13":"instock","14":"shipping-taxable","15":"product-type-simple"},"yoast_head":"<!-- This site is optimized with the Yoast SEO plugin v26.1.1 - https:\/\/yoast.com\/wordpress\/plugins\/seo\/ -->\n<title>Carbon Fiber Telescopic Poles - PCX Composite<\/title>\n<meta name=\"description\" content=\"Buy high-quality carbon fiber telescopic poles \u2014 strong, lightweight, and adjustable for cleaning, camera booms, flagpoles, robotics, and outdoor gear.\" \/>\n<meta name=\"robots\" content=\"index, follow, max-snippet:-1, max-image-preview:large, max-video-preview:-1\" \/>\n<link rel=\"canonical\" href=\"https:\/\/pcxcomposite.com\/es\/product\/barras-telescopicas-fibra-carbono\/\" \/>\n<meta property=\"og:locale\" content=\"es_ES\" \/>\n<meta property=\"og:type\" content=\"article\" \/>\n<meta property=\"og:title\" content=\"Carbon Fiber Telescopic Poles - PCX Composite\" \/>\n<meta property=\"og:description\" content=\"Buy high-quality carbon fiber telescopic poles \u2014 strong, lightweight, and adjustable for cleaning, camera booms, flagpoles, robotics, and outdoor gear.\" \/>\n<meta property=\"og:url\" content=\"https:\/\/pcxcomposite.com\/es\/product\/barras-telescopicas-fibra-carbono\/\" \/>\n<meta property=\"og:site_name\" content=\"pcxcomposite.com\" \/>\n<meta property=\"article:modified_time\" content=\"2025-10-21T04:23:49+00:00\" \/>\n<meta property=\"og:image\" content=\"https:\/\/pcxcomposite.com\/wp-content\/uploads\/2025\/04\/Carbon-fiber-telescoping-pole-with-adjustable-length.png\" \/>\n\t<meta property=\"og:image:width\" content=\"500\" \/>\n\t<meta property=\"og:image:height\" content=\"316\" \/>\n\t<meta property=\"og:image:type\" content=\"image\/png\" \/>\n<meta name=\"twitter:card\" content=\"summary_large_image\" \/>\n<meta name=\"twitter:label1\" content=\"Tiempo de lectura\" \/>\n\t<meta name=\"twitter:data1\" content=\"3 minutos\" \/>\n<script type=\"application\/ld+json\" class=\"yoast-schema-graph\">{\"@context\":\"https:\/\/schema.org\",\"@graph\":[{\"@type\":\"WebPage\",\"@id\":\"https:\/\/pcxcomposite.com\/product\/carbon-fiber-telescopic-poles\/\",\"url\":\"https:\/\/pcxcomposite.com\/product\/carbon-fiber-telescopic-poles\/\",\"name\":\"Carbon Fiber Telescopic Poles - PCX Composite\",\"isPartOf\":{\"@id\":\"https:\/\/pcxcomposite.com\/#website\"},\"primaryImageOfPage\":{\"@id\":\"https:\/\/pcxcomposite.com\/product\/carbon-fiber-telescopic-poles\/#primaryimage\"},\"image\":{\"@id\":\"https:\/\/pcxcomposite.com\/product\/carbon-fiber-telescopic-poles\/#primaryimage\"},\"thumbnailUrl\":\"https:\/\/pcxcomposite.com\/wp-content\/uploads\/2025\/04\/carbon-fiber-telescoping-pole-with-adjustable-length.png\",\"datePublished\":\"2025-04-18T13:18:34+00:00\",\"dateModified\":\"2025-10-21T04:23:49+00:00\",\"description\":\"Buy high-quality carbon fiber telescopic poles \u2014 strong, lightweight, and adjustable for cleaning, camera booms, flagpoles, robotics, and outdoor gear.\",\"breadcrumb\":{\"@id\":\"https:\/\/pcxcomposite.com\/product\/carbon-fiber-telescopic-poles\/#breadcrumb\"},\"inLanguage\":\"es\",\"potentialAction\":[{\"@type\":\"ReadAction\",\"target\":[\"https:\/\/pcxcomposite.com\/product\/carbon-fiber-telescopic-poles\/\"]}]},{\"@type\":\"ImageObject\",\"inLanguage\":\"es\",\"@id\":\"https:\/\/pcxcomposite.com\/product\/carbon-fiber-telescopic-poles\/#primaryimage\",\"url\":\"https:\/\/pcxcomposite.com\/wp-content\/uploads\/2025\/04\/carbon-fiber-telescoping-pole-with-adjustable-length.png\",\"contentUrl\":\"https:\/\/pcxcomposite.com\/wp-content\/uploads\/2025\/04\/carbon-fiber-telescoping-pole-with-adjustable-length.png\",\"width\":500,\"height\":316,\"caption\":\"Carbon fiber telescoping pole for cleaning equipment\"},{\"@type\":\"BreadcrumbList\",\"@id\":\"https:\/\/pcxcomposite.com\/product\/carbon-fiber-telescopic-poles\/#breadcrumb\",\"itemListElement\":[{\"@type\":\"ListItem\",\"position\":1,\"name\":\"Home\",\"item\":\"https:\/\/pcxcomposite.com\/\"},{\"@type\":\"ListItem\",\"position\":2,\"name\":\"Shop\",\"item\":\"https:\/\/pcxcomposite.com\/shop\/\"},{\"@type\":\"ListItem\",\"position\":3,\"name\":\"Carbon Fiber Telescopic Poles\"}]},{\"@type\":\"WebSite\",\"@id\":\"https:\/\/pcxcomposite.com\/#website\",\"url\":\"https:\/\/pcxcomposite.com\/\",\"name\":\"pcxcomposite.com\",\"description\":\"\",\"publisher\":{\"@id\":\"https:\/\/pcxcomposite.com\/#organization\"},\"potentialAction\":[{\"@type\":\"SearchAction\",\"target\":{\"@type\":\"EntryPoint\",\"urlTemplate\":\"https:\/\/pcxcomposite.com\/?s={search_term_string}\"},\"query-input\":{\"@type\":\"PropertyValueSpecification\",\"valueRequired\":true,\"valueName\":\"search_term_string\"}}],\"inLanguage\":\"es\"},{\"@type\":\"Organization\",\"@id\":\"https:\/\/pcxcomposite.com\/#organization\",\"name\":\"pcxcomposite.com\",\"url\":\"https:\/\/pcxcomposite.com\/\",\"logo\":{\"@type\":\"ImageObject\",\"inLanguage\":\"es\",\"@id\":\"https:\/\/pcxcomposite.com\/#\/schema\/logo\/image\/\",\"url\":\"https:\/\/pcxcomposite.com\/wp-content\/uploads\/2025\/04\/carbon-fiber-manufacturer.png\",\"contentUrl\":\"https:\/\/pcxcomposite.com\/wp-content\/uploads\/2025\/04\/carbon-fiber-manufacturer.png\",\"width\":177,\"height\":59,\"caption\":\"pcxcomposite.com\"},\"image\":{\"@id\":\"https:\/\/pcxcomposite.com\/#\/schema\/logo\/image\/\"}}]}<\/script>\n<!-- \/ Yoast SEO plugin. -->","yoast_head_json":{"title":"Bastones telesc\u00f3picos de fibra de carbono - PCX Composite","description":"Compre p\u00e9rtigas telesc\u00f3picas de fibra de carbono de alta calidad: resistentes, ligeras y ajustables para limpieza, p\u00e9rtigas para c\u00e1maras, astas de bandera, rob\u00f3tica y equipos para exteriores.","robots":{"index":"index","follow":"follow","max-snippet":"max-snippet:-1","max-image-preview":"max-image-preview:large","max-video-preview":"max-video-preview:-1"},"canonical":"https:\/\/pcxcomposite.com\/es\/product\/barras-telescopicas-fibra-carbono\/","og_locale":"es_ES","og_type":"article","og_title":"Carbon Fiber Telescopic Poles - PCX Composite","og_description":"Buy high-quality carbon fiber telescopic poles \u2014 strong, lightweight, and adjustable for cleaning, camera booms, flagpoles, robotics, and outdoor gear.","og_url":"https:\/\/pcxcomposite.com\/es\/product\/barras-telescopicas-fibra-carbono\/","og_site_name":"pcxcomposite.com","article_modified_time":"2025-10-21T04:23:49+00:00","og_image":[{"width":500,"height":316,"url":"https:\/\/pcxcomposite.com\/wp-content\/uploads\/2025\/04\/Carbon-fiber-telescoping-pole-with-adjustable-length.png","type":"image\/png"}],"twitter_card":"summary_large_image","twitter_misc":{"Tiempo de lectura":"3 minutos"},"schema":{"@context":"https:\/\/schema.org","@graph":[{"@type":"WebPage","@id":"https:\/\/pcxcomposite.com\/product\/carbon-fiber-telescopic-poles\/","url":"https:\/\/pcxcomposite.com\/product\/carbon-fiber-telescopic-poles\/","name":"Bastones telesc\u00f3picos de fibra de carbono - PCX Composite","isPartOf":{"@id":"https:\/\/pcxcomposite.com\/#website"},"primaryImageOfPage":{"@id":"https:\/\/pcxcomposite.com\/product\/carbon-fiber-telescopic-poles\/#primaryimage"},"image":{"@id":"https:\/\/pcxcomposite.com\/product\/carbon-fiber-telescopic-poles\/#primaryimage"},"thumbnailUrl":"https:\/\/pcxcomposite.com\/wp-content\/uploads\/2025\/04\/carbon-fiber-telescoping-pole-with-adjustable-length.png","datePublished":"2025-04-18T13:18:34+00:00","dateModified":"2025-10-21T04:23:49+00:00","description":"Compre p\u00e9rtigas telesc\u00f3picas de fibra de carbono de alta calidad: resistentes, ligeras y ajustables para limpieza, p\u00e9rtigas para c\u00e1maras, astas de bandera, rob\u00f3tica y equipos para exteriores.","breadcrumb":{"@id":"https:\/\/pcxcomposite.com\/product\/carbon-fiber-telescopic-poles\/#breadcrumb"},"inLanguage":"es","potentialAction":[{"@type":"ReadAction","target":["https:\/\/pcxcomposite.com\/product\/carbon-fiber-telescopic-poles\/"]}]},{"@type":"ImageObject","inLanguage":"es","@id":"https:\/\/pcxcomposite.com\/product\/carbon-fiber-telescopic-poles\/#primaryimage","url":"https:\/\/pcxcomposite.com\/wp-content\/uploads\/2025\/04\/carbon-fiber-telescoping-pole-with-adjustable-length.png","contentUrl":"https:\/\/pcxcomposite.com\/wp-content\/uploads\/2025\/04\/carbon-fiber-telescoping-pole-with-adjustable-length.png","width":500,"height":316,"caption":"Carbon fiber telescoping pole for cleaning equipment"},{"@type":"BreadcrumbList","@id":"https:\/\/pcxcomposite.com\/product\/carbon-fiber-telescopic-poles\/#breadcrumb","itemListElement":[{"@type":"ListItem","position":1,"name":"Home","item":"https:\/\/pcxcomposite.com\/"},{"@type":"ListItem","position":2,"name":"Shop","item":"https:\/\/pcxcomposite.com\/shop\/"},{"@type":"ListItem","position":3,"name":"Carbon Fiber Telescopic Poles"}]},{"@type":"WebSite","@id":"https:\/\/pcxcomposite.com\/#website","url":"https:\/\/pcxcomposite.com\/","name":"pcxcomposite.com","description":"","publisher":{"@id":"https:\/\/pcxcomposite.com\/#organization"},"potentialAction":[{"@type":"SearchAction","target":{"@type":"EntryPoint","urlTemplate":"https:\/\/pcxcomposite.com\/?s={search_term_string}"},"query-input":{"@type":"PropertyValueSpecification","valueRequired":true,"valueName":"search_term_string"}}],"inLanguage":"es"},{"@type":"Organization","@id":"https:\/\/pcxcomposite.com\/#organization","name":"pcxcomposite.com","url":"https:\/\/pcxcomposite.com\/","logo":{"@type":"ImageObject","inLanguage":"es","@id":"https:\/\/pcxcomposite.com\/#\/schema\/logo\/image\/","url":"https:\/\/pcxcomposite.com\/wp-content\/uploads\/2025\/04\/carbon-fiber-manufacturer.png","contentUrl":"https:\/\/pcxcomposite.com\/wp-content\/uploads\/2025\/04\/carbon-fiber-manufacturer.png","width":177,"height":59,"caption":"pcxcomposite.com"},"image":{"@id":"https:\/\/pcxcomposite.com\/#\/schema\/logo\/image\/"}}]}},"spectra_custom_meta":{"total_sales":["0"],"_tax_status":["taxable"],"_tax_class":[""],"_manage_stock":["no"],"_backorders":["no"],"_sold_individually":["no"],"_virtual":["no"],"_downloadable":["no"],"_download_limit":["-1"],"_download_expiry":["-1"],"_stock":[null],"_stock_status":["instock"],"_wc_average_rating":["0"],"_wc_review_count":["0"],"_product_version":["9.8.4"],"site-sidebar-layout":["default"],"ast-site-content-layout":["default"],"site-content-style":["default"],"site-sidebar-style":["default"],"theme-transparent-header-meta":["default"],"_edit_lock":["1761020512:1"],"_edit_last":["1"],"_wp_old_slug":["large-carbon-fiber-tube-copy"],"_yoast_wpseo_primary_product_brand":[""],"_yoast_wpseo_primary_product_cat":[""],"_yoast_wpseo_focuskw":["carbon fiber telescopic poles"],"_yoast_wpseo_title":["Carbon Fiber Telescopic Poles%%page%% %%sep%% PCX Composite"],"_yoast_wpseo_linkdex":["76"],"_yoast_wpseo_content_score":["90"],"_yoast_wpseo_estimated-reading-time-minutes":["3"],"_thumbnail_id":["2070"],"_product_image_gallery":["2072,2073,2074"],"astra-migrate-meta-layouts":["set"],"_yoast_wpseo_metadesc":["Buy high-quality carbon fiber telescopic poles \u2014 strong, lightweight, and adjustable for cleaning, camera booms, flagpoles, robotics, and outdoor gear."],"_uag_page_assets":["a:9:{s:3:\"css\";s:263:\".uag-blocks-common-selector{z-index:var(--z-index-desktop) !important}@media (max-width: 976px){.uag-blocks-common-selector{z-index:var(--z-index-tablet) !important}}@media (max-width: 767px){.uag-blocks-common-selector{z-index:var(--z-index-mobile) !important}}\n\";s:2:\"js\";s:0:\"\";s:18:\"current_block_list\";a:8:{i:0;s:11:\"core\/search\";i:1;s:10:\"core\/group\";i:2;s:12:\"core\/heading\";i:3;s:17:\"core\/latest-posts\";i:4;s:20:\"core\/latest-comments\";i:5;s:13:\"core\/archives\";i:6;s:15:\"core\/categories\";i:7;s:10:\"core\/image\";}s:8:\"uag_flag\";b:0;s:11:\"uag_version\";s:10:\"1775106978\";s:6:\"gfonts\";a:0:{}s:10:\"gfonts_url\";s:0:\"\";s:12:\"gfonts_files\";a:0:{}s:14:\"uag_faq_layout\";b:0;}"],"_uag_css_file_name":["uag-css-1831.css"],"_elementor_page_assets":["a:0:{}"]},"uagb_featured_image_src":{"full":["https:\/\/pcxcomposite.com\/wp-content\/uploads\/2025\/04\/carbon-fiber-telescoping-pole-with-adjustable-length.png",500,316,false],"thumbnail":["https:\/\/pcxcomposite.com\/wp-content\/uploads\/2025\/04\/carbon-fiber-telescoping-pole-with-adjustable-length-150x150.png",150,150,true],"medium":["https:\/\/pcxcomposite.com\/wp-content\/uploads\/2025\/04\/carbon-fiber-telescoping-pole-with-adjustable-length-300x190.png",300,190,true],"medium_large":["https:\/\/pcxcomposite.com\/wp-content\/uploads\/2025\/04\/carbon-fiber-telescoping-pole-with-adjustable-length.png",500,316,false],"large":["https:\/\/pcxcomposite.com\/wp-content\/uploads\/2025\/04\/carbon-fiber-telescoping-pole-with-adjustable-length.png",500,316,false],"1536x1536":["https:\/\/pcxcomposite.com\/wp-content\/uploads\/2025\/04\/carbon-fiber-telescoping-pole-with-adjustable-length.png",500,316,false],"2048x2048":["https:\/\/pcxcomposite.com\/wp-content\/uploads\/2025\/04\/carbon-fiber-telescoping-pole-with-adjustable-length.png",500,316,false],"trp-custom-language-flag":["https:\/\/pcxcomposite.com\/wp-content\/uploads\/2025\/04\/carbon-fiber-telescoping-pole-with-adjustable-length.png",18,12,false],"woocommerce_thumbnail":["https:\/\/pcxcomposite.com\/wp-content\/uploads\/2025\/04\/carbon-fiber-telescoping-pole-with-adjustable-length-300x225.png",300,225,true],"woocommerce_single":["https:\/\/pcxcomposite.com\/wp-content\/uploads\/2025\/04\/carbon-fiber-telescoping-pole-with-adjustable-length-300x190.png",300,190,true],"woocommerce_gallery_thumbnail":["https:\/\/pcxcomposite.com\/wp-content\/uploads\/2025\/04\/carbon-fiber-telescoping-pole-with-adjustable-length-100x100.png",100,100,true]},"uagb_author_info":{"display_name":"info@pcxcomposite.com","author_link":"https:\/\/pcxcomposite.com\/es\/author\/"},"uagb_comment_info":0,"uagb_excerpt":"sCarbon Fiber Telescoping Pole \u2014 Lightweight Strength with Adjustable Design Smooth Extension, Strong Performance Our carbon fiber telescopic poles are\u00a0engineered [&hellip;]","_links":{"self":[{"href":"https:\/\/pcxcomposite.com\/es\/wp-json\/wp\/v2\/product\/1831","targetHints":{"allow":["GET"]}}],"collection":[{"href":"https:\/\/pcxcomposite.com\/es\/wp-json\/wp\/v2\/product"}],"about":[{"href":"https:\/\/pcxcomposite.com\/es\/wp-json\/wp\/v2\/types\/product"}],"wp:featuredmedia":[{"embeddable":true,"href":"https:\/\/pcxcomposite.com\/es\/wp-json\/wp\/v2\/media\/2070"}],"wp:attachment":[{"href":"https:\/\/pcxcomposite.com\/es\/wp-json\/wp\/v2\/media?parent=1831"}],"wp:term":[{"taxonomy":"product_brand","embeddable":true,"href":"https:\/\/pcxcomposite.com\/es\/wp-json\/wp\/v2\/product_brand?post=1831"},{"taxonomy":"product_cat","embeddable":true,"href":"https:\/\/pcxcomposite.com\/es\/wp-json\/wp\/v2\/product_cat?post=1831"},{"taxonomy":"product_tag","embeddable":true,"href":"https:\/\/pcxcomposite.com\/es\/wp-json\/wp\/v2\/product_tag?post=1831"}],"curies":[{"name":"wp","href":"https:\/\/api.w.org\/{rel}","templated":true}]}}