{"id":1889,"date":"2025-04-19T12:44:55","date_gmt":"2025-04-19T12:44:55","guid":{"rendered":"https:\/\/pcxcomposite.com\/?post_type=product&#038;p=1889"},"modified":"2025-10-21T08:51:11","modified_gmt":"2025-10-21T08:51:11","slug":"tubo-fibra-carbono-cuadrado","status":"publish","type":"product","link":"https:\/\/pcxcomposite.com\/es\/product\/tubo-fibra-carbono-cuadrado\/","title":{"rendered":"Tubo cuadrado de fibra de carbono"},"content":{"rendered":"<h1 style=\"position: absolute; left: -9999px; top: -9999px; width: 1px; height: 1px; overflow: hidden;\">Tubos cuadrados de fibra de carbono: precisi\u00f3n, resistencia y versatilidad<\/h1>\n<h2 style=\"font-size: 25px; font-weight: 600; line-height: 1.3; margin-bottom: 15px;\">Ligero pero incre\u00edblemente resistente<\/h2>\n<p data-start=\"295\" data-end=\"793\">Nuestra <strong data-start=\"299\" data-end=\"328\">tubos cuadrados de fibra de carbono<\/strong> combinar <strong data-start=\"337\" data-end=\"367\">materiales de alto rendimiento<\/strong> con precisi\u00f3n <strong data-start=\"381\" data-end=\"402\">Fabricaci\u00f3n CNC<\/strong>, dise\u00f1ado para proyectos que exigen <strong data-start=\"438\" data-end=\"489\">resistencia, rigidez y ligereza<\/strong>. Cada <strong data-start=\"496\" data-end=\"518\">tubo cuadrado de carbono<\/strong> est\u00e1 construido con <strong data-start=\"542\" data-end=\"568\">estructura de fibra de carbono<\/strong>, que ofrece excelentes <strong data-start=\"589\" data-end=\"609\">resistencia a la tracci\u00f3n<\/strong>, <strong data-start=\"611\" data-end=\"635\">resistencia a la corrosi\u00f3n<\/strong>, y <strong data-start=\"641\" data-end=\"666\">estabilidad dimensional<\/strong> en una gran variedad de aplicaciones, desde <strong data-start=\"707\" data-end=\"719\">rob\u00f3tica<\/strong> y <strong data-start=\"724\" data-end=\"749\">automatizaci\u00f3n industrial<\/strong> a <strong data-start=\"753\" data-end=\"771\">art\u00edculos deportivos<\/strong> y <strong data-start=\"776\" data-end=\"790\">armas para drones<\/strong>.<\/p>\n<p data-start=\"795\" data-end=\"986\">Disponible en <strong data-start=\"808\" data-end=\"852\">diferentes dimensiones y longitudes<\/strong>, Estos tubos son ideales para <strong data-start=\"880\" data-end=\"893\">maquinaria<\/strong>, <strong data-start=\"895\" data-end=\"919\">equipos de automatizaci\u00f3n<\/strong>, <strong data-start=\"921\" data-end=\"941\">tubos de soporte<\/strong>, <strong data-start=\"943\" data-end=\"962\">postes de extensi\u00f3n<\/strong>, y <strong data-start=\"968\" data-end=\"985\">marcos personalizados<\/strong>.<\/p>\n<hr data-start=\"988\" data-end=\"991\" \/>\n<h2 style=\"font-size: 25px; font-weight: 600; line-height: 1.3; margin-bottom: 15px;\">Ajuste preciso y servicios personalizados<\/h2>\n<p data-start=\"1035\" data-end=\"1212\">En PCX Composite, cada <strong data-start=\"1059\" data-end=\"1092\">tubo rectangular de fibra de carbono<\/strong> o <strong data-start=\"1096\" data-end=\"1111\">tubo cuadrado<\/strong> se elabora con <strong data-start=\"1128\" data-end=\"1153\">servicio CNC de precisi\u00f3n<\/strong> para garantizar unos bordes limpios y una alineaci\u00f3n perfecta. Proporcionamos:<\/p>\n<ul>\n<li><strong>Cuadrado telesc\u00f3pico\u00a0<\/strong><strong>tubo\u00a0<\/strong>y\u00a0<strong>tubos cuadrados telesc\u00f3picos<\/strong><\/li>\n<li><strong>Servicios a medida<\/strong>- tama\u00f1o personalizado, grosor de pared y acabado superficial<\/li>\n<li><strong>Ajustable\u00a0<\/strong><strong>longitudes\u00a0<\/strong>y\u00a0<strong>tubos de fibra de carbono maciza<\/strong>\u00a0para aplicaciones \u00fanicas<\/li>\n<li><strong>Fibra de carbono redonda\u00a0<\/strong><strong>tubos\u00a0<\/strong>y\u00a0<strong>medidas de tubo cuadrado<\/strong>\u00a0en opciones al por mayor<\/li>\n<\/ul>\n<p data-start=\"1536\" data-end=\"1721\">Nuestra <strong data-start=\"1540\" data-end=\"1569\">piezas personalizadas de fibra de carbono<\/strong> est\u00e1n optimizados para <strong data-start=\"1588\" data-end=\"1601\">aeroespacial<\/strong>, <strong data-start=\"1603\" data-end=\"1619\">brazos rob\u00f3ticos<\/strong>, <strong data-start=\"1621\" data-end=\"1637\">tren de aterrizaje<\/strong>, y <strong data-start=\"1643\" data-end=\"1667\">equipamiento industrial<\/strong> que requieren un soporte estructural ligero pero r\u00edgido.<\/p>\n<hr data-start=\"1723\" data-end=\"1726\" \/>\n<h2 style=\"font-size: 25px; font-weight: 600; line-height: 1.3; margin-bottom: 15px;\">Aplicaciones en todos los sectores<\/h2>\n<p data-start=\"1768\" data-end=\"1955\">Ya sea para <strong data-start=\"1780\" data-end=\"1794\">armas para drones<\/strong>, <strong data-start=\"1796\" data-end=\"1814\">art\u00edculos deportivos<\/strong>, o <strong data-start=\"1819\" data-end=\"1841\">sistemas de automatizaci\u00f3n<\/strong>, nuestro <strong data-start=\"1847\" data-end=\"1876\">tubos de fibra de carbono<\/strong> ofrecer un servicio fiable <strong data-start=\"1894\" data-end=\"1923\">rendimiento y precisi\u00f3n<\/strong>. Las aplicaciones m\u00e1s comunes son:<\/p>\n<ul>\n<li><strong>Automatizaci\u00f3n industrial<\/strong>- resistente y ligero <strong>tubos de soporte<\/strong>\u00a0y marcos<\/li>\n<li><strong>Rob\u00f3tica<\/strong>- estructural <strong>piezas de fibra de carbono<\/strong>\u00a0con un deslizamiento suave<\/li>\n<li><strong>Drones<\/strong>- <strong>tubos cuadrados y rectangulares<\/strong>\u00a0para <strong>brazos y tren de aterrizaje<\/strong><\/li>\n<li><strong>Maquinaria y equipos industriales<\/strong>- <strong>postes de extensi\u00f3n<\/strong>, soportes y componentes<\/li>\n<li><strong>Art\u00edculos deportivos<\/strong>- estructuras ultraligeras pero resistentes<\/li>\n<\/ul>\n<p data-start=\"2373\" data-end=\"2512\">Cada tubo mantiene un <strong data-start=\"2395\" data-end=\"2422\">potente interfaz deslizante<\/strong>, que permite un montaje f\u00e1cil para <strong data-start=\"2451\" data-end=\"2474\">sistemas telesc\u00f3picos<\/strong> o <strong data-start=\"2478\" data-end=\"2511\">bastones ajustables de fibra de carbono<\/strong>.<\/p>\n<hr data-start=\"2514\" data-end=\"2517\" \/>\n<h2 style=\"font-size: 25px; font-weight: 600; line-height: 1.3; margin-bottom: 15px;\">Por qu\u00e9 elegir los tubos cuadrados de fibra de carbono PCX Composite<\/h2>\n<ul>\n<li><strong>Material de alto rendimiento <\/strong>con excelente <strong>propiedades mec\u00e1nicas<\/strong><\/li>\n<li><a href=\"https:\/\/www.youtube.com\/watch?v=d4JZDV9r96g\"><strong>Fabricaci\u00f3n de fibra de carbono a medida <\/strong><\/a>para <strong>varias longitudes y dimensiones<\/strong><\/li>\n<li><strong>Ideal para equipos de automatizaci\u00f3n, drones y rob\u00f3tica<\/strong><\/li>\n<li><strong>Coste competitivo de la fibra de carbono <\/strong>de f\u00e1brica <strong>suministro al por mayor<\/strong><\/li>\n<li><strong>Ligero, resistente a la corrosi\u00f3n y r\u00edgido <\/strong>para una durabilidad a largo plazo<\/li>\n<\/ul>\n<p data-start=\"2968\" data-end=\"3165\">Como experto <strong data-start=\"2986\" data-end=\"3009\">proveedor de fibra de carbono<\/strong>, proporcionamos <strong data-start=\"3022\" data-end=\"3048\">piezas CNC de fibra de carbono<\/strong>, <strong data-start=\"3050\" data-end=\"3081\">dise\u00f1os personalizados en fibra de carbono<\/strong>, y <strong data-start=\"3087\" data-end=\"3114\">soluciones de tubo cuadrado<\/strong> que equilibran perfectamente <strong data-start=\"3138\" data-end=\"3164\">fuerza y precisi\u00f3n<\/strong>.<\/p>\n<hr data-start=\"3167\" data-end=\"3170\" \/>\n<h2 style=\"font-size: 25px; font-weight: 600; line-height: 1.3; margin-bottom: 15px;\">D\u00f3nde comprar tubos cuadrados de fibra de carbono<\/h2>\n<p data-start=\"3220\" data-end=\"3530\">En busca de <strong data-start=\"3232\" data-end=\"3270\">venta de tubos cuadrados de fibra de carbono<\/strong> o <strong data-start=\"3274\" data-end=\"3321\">tubos rectangulares de fibra de carbono a medida<\/strong>?<br data-start=\"3322\" data-end=\"3325\" \/>PCX Suministros compuestos <strong data-start=\"3348\" data-end=\"3376\">tubo telesc\u00f3pico<\/strong>, <strong data-start=\"3378\" data-end=\"3397\">postes de extensi\u00f3n<\/strong>, y <strong data-start=\"3403\" data-end=\"3442\">tubos de fibra de carbono de calidad industrial<\/strong> a clientes de todo el mundo en <strong data-start=\"3464\" data-end=\"3477\">maquinaria<\/strong>, <strong data-start=\"3479\" data-end=\"3492\">aeroespacial<\/strong>, y <strong data-start=\"3498\" data-end=\"3516\">art\u00edculos deportivos<\/strong> industrias.<\/p>\n<p data-start=\"3532\" data-end=\"3692\">\ud83d\udcac <a href=\"https:\/\/pcxcomposite.com\/es\/contacto\/\"><b>Necesita <\/b><strong>a<\/strong> <strong data-start=\"3569\" data-end=\"3582\">presupuesto<\/strong><\/a> para su proyecto? - Le ayudaremos a conseguir resistencia, precisi\u00f3n y un acabado elegante en cada pieza de fibra de carbono.<\/p>","protected":false},"excerpt":{"rendered":"<p>Square Carbon Fiber Tubes \u2014 Precision, Strength, and Versatility Lightweight Yet Incredibly Strong Our square carbon fiber tubes combine high-performance [&hellip;]<\/p>","protected":false},"featured_media":2086,"template":"","meta":{"_uag_custom_page_level_css":"","site-sidebar-layout":"default","site-content-layout":"","ast-site-content-layout":"default","site-content-style":"default","site-sidebar-style":"default","ast-global-header-display":"","ast-banner-title-visibility":"","ast-main-header-display":"","ast-hfb-above-header-display":"","ast-hfb-below-header-display":"","ast-hfb-mobile-header-display":"","site-post-title":"","ast-breadcrumbs-content":"","ast-featured-img":"","footer-sml-layout":"","theme-transparent-header-meta":"default","adv-header-id-meta":"","stick-header-meta":"","header-above-stick-meta":"","header-main-stick-meta":"","header-below-stick-meta":"","astra-migrate-meta-layouts":"set","ast-page-background-enabled":"default","ast-page-background-meta":{"desktop":{"background-color":"var(--ast-global-color-4)","background-image":"","background-repeat":"repeat","background-position":"center center","background-size":"auto","background-attachment":"scroll","background-type":"","background-media":"","overlay-type":"","overlay-color":"","overlay-opacity":"","overlay-gradient":""},"tablet":{"background-color":"","background-image":"","background-repeat":"repeat","background-position":"center center","background-size":"auto","background-attachment":"scroll","background-type":"","background-media":"","overlay-type":"","overlay-color":"","overlay-opacity":"","overlay-gradient":""},"mobile":{"background-color":"","background-image":"","background-repeat":"repeat","background-position":"center center","background-size":"auto","background-attachment":"scroll","background-type":"","background-media":"","overlay-type":"","overlay-color":"","overlay-opacity":"","overlay-gradient":""}},"ast-content-background-meta":{"desktop":{"background-color":"var(--ast-global-color-5)","background-image":"","background-repeat":"repeat","background-position":"center center","background-size":"auto","background-attachment":"scroll","background-type":"","background-media":"","overlay-type":"","overlay-color":"","overlay-opacity":"","overlay-gradient":""},"tablet":{"background-color":"var(--ast-global-color-5)","background-image":"","background-repeat":"repeat","background-position":"center center","background-size":"auto","background-attachment":"scroll","background-type":"","background-media":"","overlay-type":"","overlay-color":"","overlay-opacity":"","overlay-gradient":""},"mobile":{"background-color":"var(--ast-global-color-5)","background-image":"","background-repeat":"repeat","background-position":"center center","background-size":"auto","background-attachment":"scroll","background-type":"","background-media":"","overlay-type":"","overlay-color":"","overlay-opacity":"","overlay-gradient":""}}},"product_brand":[],"product_cat":[20],"product_tag":[39],"class_list":{"0":"post-1889","1":"product","2":"type-product","3":"status-publish","4":"has-post-thumbnail","6":"product_cat-carbon-fiber-tube","7":"product_tag-squre-tube","8":"desktop-align-left","9":"tablet-align-left","10":"mobile-align-left","12":"first","13":"instock","14":"shipping-taxable","15":"product-type-simple"},"yoast_head":"<!-- This site is optimized with the Yoast SEO plugin v26.1.1 - https:\/\/yoast.com\/wordpress\/plugins\/seo\/ -->\n<title>Square Carbon Fiber Tubes | Custom CNC Carbon Tubing Supplier<\/title>\n<meta name=\"description\" content=\"Lightweight, durable square carbon fiber tubes for drones, robotics, and automation. Custom CNC sizes, adjustable lengths, and wholesale supply available.\" \/>\n<meta name=\"robots\" content=\"index, follow, max-snippet:-1, max-image-preview:large, max-video-preview:-1\" \/>\n<link rel=\"canonical\" href=\"https:\/\/pcxcomposite.com\/es\/product\/tubo-fibra-carbono-cuadrado\/\" \/>\n<meta property=\"og:locale\" content=\"es_ES\" \/>\n<meta property=\"og:type\" content=\"article\" \/>\n<meta property=\"og:title\" content=\"Square Carbon Fiber Tubes | Custom CNC Carbon Tubing Supplier\" \/>\n<meta property=\"og:description\" content=\"Lightweight, durable square carbon fiber tubes for drones, robotics, and automation. Custom CNC sizes, adjustable lengths, and wholesale supply available.\" \/>\n<meta property=\"og:url\" content=\"https:\/\/pcxcomposite.com\/es\/product\/tubo-fibra-carbono-cuadrado\/\" \/>\n<meta property=\"og:site_name\" content=\"pcxcomposite.com\" \/>\n<meta property=\"article:modified_time\" content=\"2025-10-21T08:51:11+00:00\" \/>\n<meta property=\"og:image\" content=\"https:\/\/pcxcomposite.com\/wp-content\/uploads\/2025\/04\/High-performance-carbon-fiber-square-tube-for-robotics.png\" \/>\n\t<meta property=\"og:image:width\" content=\"525\" \/>\n\t<meta property=\"og:image:height\" content=\"475\" \/>\n\t<meta property=\"og:image:type\" content=\"image\/png\" \/>\n<meta name=\"twitter:card\" content=\"summary_large_image\" \/>\n<meta name=\"twitter:label1\" content=\"Tiempo de lectura\" \/>\n\t<meta name=\"twitter:data1\" content=\"2 minutos\" \/>\n<script type=\"application\/ld+json\" class=\"yoast-schema-graph\">{\"@context\":\"https:\/\/schema.org\",\"@graph\":[{\"@type\":\"WebPage\",\"@id\":\"https:\/\/pcxcomposite.com\/product\/square-carbon-fiber-tube\/\",\"url\":\"https:\/\/pcxcomposite.com\/product\/square-carbon-fiber-tube\/\",\"name\":\"Square Carbon Fiber Tubes | Custom CNC Carbon Tubing Supplier\",\"isPartOf\":{\"@id\":\"https:\/\/pcxcomposite.com\/#website\"},\"primaryImageOfPage\":{\"@id\":\"https:\/\/pcxcomposite.com\/product\/square-carbon-fiber-tube\/#primaryimage\"},\"image\":{\"@id\":\"https:\/\/pcxcomposite.com\/product\/square-carbon-fiber-tube\/#primaryimage\"},\"thumbnailUrl\":\"https:\/\/pcxcomposite.com\/wp-content\/uploads\/2025\/04\/carbon-fiber-square-tube-for-robotics.png\",\"datePublished\":\"2025-04-19T12:44:55+00:00\",\"dateModified\":\"2025-10-21T08:51:11+00:00\",\"description\":\"Lightweight, durable square carbon fiber tubes for drones, robotics, and automation. Custom CNC sizes, adjustable lengths, and wholesale supply available.\",\"breadcrumb\":{\"@id\":\"https:\/\/pcxcomposite.com\/product\/square-carbon-fiber-tube\/#breadcrumb\"},\"inLanguage\":\"es\",\"potentialAction\":[{\"@type\":\"ReadAction\",\"target\":[\"https:\/\/pcxcomposite.com\/product\/square-carbon-fiber-tube\/\"]}]},{\"@type\":\"ImageObject\",\"inLanguage\":\"es\",\"@id\":\"https:\/\/pcxcomposite.com\/product\/square-carbon-fiber-tube\/#primaryimage\",\"url\":\"https:\/\/pcxcomposite.com\/wp-content\/uploads\/2025\/04\/carbon-fiber-square-tube-for-robotics.png\",\"contentUrl\":\"https:\/\/pcxcomposite.com\/wp-content\/uploads\/2025\/04\/carbon-fiber-square-tube-for-robotics.png\",\"width\":525,\"height\":475,\"caption\":\"Carbon fiber square tubing with adjustable length\"},{\"@type\":\"BreadcrumbList\",\"@id\":\"https:\/\/pcxcomposite.com\/product\/square-carbon-fiber-tube\/#breadcrumb\",\"itemListElement\":[{\"@type\":\"ListItem\",\"position\":1,\"name\":\"Home\",\"item\":\"https:\/\/pcxcomposite.com\/\"},{\"@type\":\"ListItem\",\"position\":2,\"name\":\"Shop\",\"item\":\"https:\/\/pcxcomposite.com\/shop\/\"},{\"@type\":\"ListItem\",\"position\":3,\"name\":\"Square Carbon Fiber Tube\"}]},{\"@type\":\"WebSite\",\"@id\":\"https:\/\/pcxcomposite.com\/#website\",\"url\":\"https:\/\/pcxcomposite.com\/\",\"name\":\"pcxcomposite.com\",\"description\":\"\",\"publisher\":{\"@id\":\"https:\/\/pcxcomposite.com\/#organization\"},\"potentialAction\":[{\"@type\":\"SearchAction\",\"target\":{\"@type\":\"EntryPoint\",\"urlTemplate\":\"https:\/\/pcxcomposite.com\/?s={search_term_string}\"},\"query-input\":{\"@type\":\"PropertyValueSpecification\",\"valueRequired\":true,\"valueName\":\"search_term_string\"}}],\"inLanguage\":\"es\"},{\"@type\":\"Organization\",\"@id\":\"https:\/\/pcxcomposite.com\/#organization\",\"name\":\"pcxcomposite.com\",\"url\":\"https:\/\/pcxcomposite.com\/\",\"logo\":{\"@type\":\"ImageObject\",\"inLanguage\":\"es\",\"@id\":\"https:\/\/pcxcomposite.com\/#\/schema\/logo\/image\/\",\"url\":\"https:\/\/pcxcomposite.com\/wp-content\/uploads\/2025\/04\/carbon-fiber-manufacturer.png\",\"contentUrl\":\"https:\/\/pcxcomposite.com\/wp-content\/uploads\/2025\/04\/carbon-fiber-manufacturer.png\",\"width\":177,\"height\":59,\"caption\":\"pcxcomposite.com\"},\"image\":{\"@id\":\"https:\/\/pcxcomposite.com\/#\/schema\/logo\/image\/\"}}]}<\/script>\n<!-- \/ Yoast SEO plugin. -->","yoast_head_json":{"title":"Tubos cuadrados de fibra de carbono | Proveedor de tubos de carbono CNC a medida","description":"Tubos cuadrados de fibra de carbono ligeros y duraderos para drones, rob\u00f3tica y automatizaci\u00f3n. Tama\u00f1os CNC personalizados, longitudes ajustables y suministro al por mayor disponible.","robots":{"index":"index","follow":"follow","max-snippet":"max-snippet:-1","max-image-preview":"max-image-preview:large","max-video-preview":"max-video-preview:-1"},"canonical":"https:\/\/pcxcomposite.com\/es\/product\/tubo-fibra-carbono-cuadrado\/","og_locale":"es_ES","og_type":"article","og_title":"Square Carbon Fiber Tubes | Custom CNC Carbon Tubing Supplier","og_description":"Lightweight, durable square carbon fiber tubes for drones, robotics, and automation. Custom CNC sizes, adjustable lengths, and wholesale supply available.","og_url":"https:\/\/pcxcomposite.com\/es\/product\/tubo-fibra-carbono-cuadrado\/","og_site_name":"pcxcomposite.com","article_modified_time":"2025-10-21T08:51:11+00:00","og_image":[{"width":525,"height":475,"url":"https:\/\/pcxcomposite.com\/wp-content\/uploads\/2025\/04\/High-performance-carbon-fiber-square-tube-for-robotics.png","type":"image\/png"}],"twitter_card":"summary_large_image","twitter_misc":{"Tiempo de lectura":"2 minutos"},"schema":{"@context":"https:\/\/schema.org","@graph":[{"@type":"WebPage","@id":"https:\/\/pcxcomposite.com\/product\/square-carbon-fiber-tube\/","url":"https:\/\/pcxcomposite.com\/product\/square-carbon-fiber-tube\/","name":"Tubos cuadrados de fibra de carbono | Proveedor de tubos de carbono CNC a medida","isPartOf":{"@id":"https:\/\/pcxcomposite.com\/#website"},"primaryImageOfPage":{"@id":"https:\/\/pcxcomposite.com\/product\/square-carbon-fiber-tube\/#primaryimage"},"image":{"@id":"https:\/\/pcxcomposite.com\/product\/square-carbon-fiber-tube\/#primaryimage"},"thumbnailUrl":"https:\/\/pcxcomposite.com\/wp-content\/uploads\/2025\/04\/carbon-fiber-square-tube-for-robotics.png","datePublished":"2025-04-19T12:44:55+00:00","dateModified":"2025-10-21T08:51:11+00:00","description":"Tubos cuadrados de fibra de carbono ligeros y duraderos para drones, rob\u00f3tica y automatizaci\u00f3n. Tama\u00f1os CNC personalizados, longitudes ajustables y suministro al por mayor disponible.","breadcrumb":{"@id":"https:\/\/pcxcomposite.com\/product\/square-carbon-fiber-tube\/#breadcrumb"},"inLanguage":"es","potentialAction":[{"@type":"ReadAction","target":["https:\/\/pcxcomposite.com\/product\/square-carbon-fiber-tube\/"]}]},{"@type":"ImageObject","inLanguage":"es","@id":"https:\/\/pcxcomposite.com\/product\/square-carbon-fiber-tube\/#primaryimage","url":"https:\/\/pcxcomposite.com\/wp-content\/uploads\/2025\/04\/carbon-fiber-square-tube-for-robotics.png","contentUrl":"https:\/\/pcxcomposite.com\/wp-content\/uploads\/2025\/04\/carbon-fiber-square-tube-for-robotics.png","width":525,"height":475,"caption":"Carbon fiber square tubing with adjustable length"},{"@type":"BreadcrumbList","@id":"https:\/\/pcxcomposite.com\/product\/square-carbon-fiber-tube\/#breadcrumb","itemListElement":[{"@type":"ListItem","position":1,"name":"Home","item":"https:\/\/pcxcomposite.com\/"},{"@type":"ListItem","position":2,"name":"Shop","item":"https:\/\/pcxcomposite.com\/shop\/"},{"@type":"ListItem","position":3,"name":"Square Carbon Fiber Tube"}]},{"@type":"WebSite","@id":"https:\/\/pcxcomposite.com\/#website","url":"https:\/\/pcxcomposite.com\/","name":"pcxcomposite.com","description":"","publisher":{"@id":"https:\/\/pcxcomposite.com\/#organization"},"potentialAction":[{"@type":"SearchAction","target":{"@type":"EntryPoint","urlTemplate":"https:\/\/pcxcomposite.com\/?s={search_term_string}"},"query-input":{"@type":"PropertyValueSpecification","valueRequired":true,"valueName":"search_term_string"}}],"inLanguage":"es"},{"@type":"Organization","@id":"https:\/\/pcxcomposite.com\/#organization","name":"pcxcomposite.com","url":"https:\/\/pcxcomposite.com\/","logo":{"@type":"ImageObject","inLanguage":"es","@id":"https:\/\/pcxcomposite.com\/#\/schema\/logo\/image\/","url":"https:\/\/pcxcomposite.com\/wp-content\/uploads\/2025\/04\/carbon-fiber-manufacturer.png","contentUrl":"https:\/\/pcxcomposite.com\/wp-content\/uploads\/2025\/04\/carbon-fiber-manufacturer.png","width":177,"height":59,"caption":"pcxcomposite.com"},"image":{"@id":"https:\/\/pcxcomposite.com\/#\/schema\/logo\/image\/"}}]}},"spectra_custom_meta":{"_edit_last":["1"],"_edit_lock":["1761036530:1"],"total_sales":["0"],"_tax_status":["taxable"],"_tax_class":[""],"_manage_stock":["no"],"_backorders":["no"],"_sold_individually":["no"],"_virtual":["no"],"_downloadable":["no"],"_download_limit":["-1"],"_download_expiry":["-1"],"_stock":[null],"_stock_status":["instock"],"_wc_average_rating":["0"],"_wc_review_count":["0"],"_product_version":["9.8.4"],"_product_image_gallery":["2087,2085,2088"],"site-sidebar-layout":["default"],"ast-site-content-layout":["default"],"site-content-style":["default"],"site-sidebar-style":["default"],"theme-transparent-header-meta":["default"],"_wp_old_slug":["1889","squre-carbon-fiber-tube"],"_yoast_wpseo_primary_product_brand":[""],"_yoast_wpseo_primary_product_cat":[""],"_yoast_wpseo_focuskw":["Square Carbon Fiber Tubes"],"_yoast_wpseo_title":["Square Carbon Fiber Tubes | Custom CNC Carbon Tubing Supplier"],"_yoast_wpseo_metadesc":["Lightweight, durable square carbon fiber tubes for drones, robotics, and automation. Custom CNC sizes, adjustable lengths, and wholesale supply available."],"_yoast_wpseo_linkdex":["93"],"_yoast_wpseo_content_score":["90"],"_yoast_wpseo_estimated-reading-time-minutes":["2"],"_thumbnail_id":["2086"],"astra-migrate-meta-layouts":["set"],"_uag_page_assets":["a:9:{s:3:\"css\";s:263:\".uag-blocks-common-selector{z-index:var(--z-index-desktop) !important}@media (max-width: 976px){.uag-blocks-common-selector{z-index:var(--z-index-tablet) !important}}@media (max-width: 767px){.uag-blocks-common-selector{z-index:var(--z-index-mobile) !important}}\n\";s:2:\"js\";s:0:\"\";s:18:\"current_block_list\";a:8:{i:0;s:11:\"core\/search\";i:1;s:10:\"core\/group\";i:2;s:12:\"core\/heading\";i:3;s:17:\"core\/latest-posts\";i:4;s:20:\"core\/latest-comments\";i:5;s:13:\"core\/archives\";i:6;s:15:\"core\/categories\";i:7;s:10:\"core\/image\";}s:8:\"uag_flag\";b:0;s:11:\"uag_version\";s:10:\"1775106978\";s:6:\"gfonts\";a:0:{}s:10:\"gfonts_url\";s:0:\"\";s:12:\"gfonts_files\";a:0:{}s:14:\"uag_faq_layout\";b:0;}"],"_uag_css_file_name":["uag-css-1889.css"],"_elementor_page_assets":["a:0:{}"]},"uagb_featured_image_src":{"full":["https:\/\/pcxcomposite.com\/wp-content\/uploads\/2025\/04\/carbon-fiber-square-tube-for-robotics.png",525,475,false],"thumbnail":["https:\/\/pcxcomposite.com\/wp-content\/uploads\/2025\/04\/carbon-fiber-square-tube-for-robotics-150x150.png",150,150,true],"medium":["https:\/\/pcxcomposite.com\/wp-content\/uploads\/2025\/04\/carbon-fiber-square-tube-for-robotics-300x271.png",300,271,true],"medium_large":["https:\/\/pcxcomposite.com\/wp-content\/uploads\/2025\/04\/carbon-fiber-square-tube-for-robotics.png",525,475,false],"large":["https:\/\/pcxcomposite.com\/wp-content\/uploads\/2025\/04\/carbon-fiber-square-tube-for-robotics.png",525,475,false],"1536x1536":["https:\/\/pcxcomposite.com\/wp-content\/uploads\/2025\/04\/carbon-fiber-square-tube-for-robotics.png",525,475,false],"2048x2048":["https:\/\/pcxcomposite.com\/wp-content\/uploads\/2025\/04\/carbon-fiber-square-tube-for-robotics.png",525,475,false],"trp-custom-language-flag":["https:\/\/pcxcomposite.com\/wp-content\/uploads\/2025\/04\/carbon-fiber-square-tube-for-robotics.png",13,12,false],"woocommerce_thumbnail":["https:\/\/pcxcomposite.com\/wp-content\/uploads\/2025\/04\/carbon-fiber-square-tube-for-robotics-300x225.png",300,225,true],"woocommerce_single":["https:\/\/pcxcomposite.com\/wp-content\/uploads\/2025\/04\/carbon-fiber-square-tube-for-robotics-300x271.png",300,271,true],"woocommerce_gallery_thumbnail":["https:\/\/pcxcomposite.com\/wp-content\/uploads\/2025\/04\/carbon-fiber-square-tube-for-robotics-100x100.png",100,100,true]},"uagb_author_info":{"display_name":"info@pcxcomposite.com","author_link":"https:\/\/pcxcomposite.com\/es\/author\/"},"uagb_comment_info":0,"uagb_excerpt":"Square Carbon Fiber Tubes \u2014 Precision, Strength, and Versatility Lightweight Yet Incredibly Strong Our square carbon fiber tubes combine high-performance [&hellip;]","_links":{"self":[{"href":"https:\/\/pcxcomposite.com\/es\/wp-json\/wp\/v2\/product\/1889","targetHints":{"allow":["GET"]}}],"collection":[{"href":"https:\/\/pcxcomposite.com\/es\/wp-json\/wp\/v2\/product"}],"about":[{"href":"https:\/\/pcxcomposite.com\/es\/wp-json\/wp\/v2\/types\/product"}],"wp:featuredmedia":[{"embeddable":true,"href":"https:\/\/pcxcomposite.com\/es\/wp-json\/wp\/v2\/media\/2086"}],"wp:attachment":[{"href":"https:\/\/pcxcomposite.com\/es\/wp-json\/wp\/v2\/media?parent=1889"}],"wp:term":[{"taxonomy":"product_brand","embeddable":true,"href":"https:\/\/pcxcomposite.com\/es\/wp-json\/wp\/v2\/product_brand?post=1889"},{"taxonomy":"product_cat","embeddable":true,"href":"https:\/\/pcxcomposite.com\/es\/wp-json\/wp\/v2\/product_cat?post=1889"},{"taxonomy":"product_tag","embeddable":true,"href":"https:\/\/pcxcomposite.com\/es\/wp-json\/wp\/v2\/product_tag?post=1889"}],"curies":[{"name":"wp","href":"https:\/\/api.w.org\/{rel}","templated":true}]}}