{"id":1800,"date":"2025-04-18T11:47:58","date_gmt":"2025-04-18T11:47:58","guid":{"rendered":"https:\/\/pcxcomposite.com\/?post_type=product&#038;p=1800"},"modified":"2025-10-21T08:57:52","modified_gmt":"2025-10-21T08:57:52","slug":"tube-fibre-carbone-couleur","status":"publish","type":"product","link":"https:\/\/pcxcomposite.com\/fr\/product\/tube-fibre-carbone-couleur\/","title":{"rendered":"Tube en fibre de carbone color\u00e9"},"content":{"rendered":"<h1 style=\"position: absolute; left: -9999px; top: -9999px; width: 1px; height: 1px; overflow: hidden;\">Tubes color\u00e9s en fibre de carbone - Le style rencontre la haute performance<\/h1>\n<h2 style=\"font-size: 25px; font-weight: 600; line-height: 1.3; margin-bottom: 15px;\">Vibrant, solide et con\u00e7u pour impressionner<\/h2>\n<p data-start=\"352\" data-end=\"700\">Notre <strong data-start=\"356\" data-end=\"386\">tubes en fibre de carbone color\u00e9s<\/strong> allient une esth\u00e9tique \u00e9tonnante \u00e0 des performances in\u00e9gal\u00e9es.<br data-start=\"437\" data-end=\"440\" \/>Fabriqu\u00e9 \u00e0 partir de <strong data-start=\"450\" data-end=\"479\">tubes en fibre de carbone r\u00e9sistants<\/strong> et de pr\u00e9cision <strong data-start=\"502\" data-end=\"522\">tube composite<\/strong>, Ces produits offrent \u00e0 la fois <strong data-start=\"550\" data-end=\"566\">poids l\u00e9ger<\/strong> et <strong data-start=\"571\" data-end=\"596\">rigidit\u00e9 exceptionnelle<\/strong> - id\u00e9al pour <strong data-start=\"609\" data-end=\"637\">cadres en fibre de carbone<\/strong>, <strong data-start=\"639\" data-end=\"660\">poteaux t\u00e9lescopiques<\/strong>, ou tout autre <strong data-start=\"669\" data-end=\"699\">conception personnalis\u00e9e en fibre de carbone<\/strong>.<\/p>\n<p data-start=\"702\" data-end=\"1060\">Chaque tube pr\u00e9sente des couleurs vives telles que <strong data-start=\"742\" data-end=\"816\">jaune, orange, <a href=\"https:\/\/www.youtube.com\/watch?v=zWhlQNaym-c\">rouge<\/a>, Fibre de carbone verte, bleue, violette, argent\u00e9e ou dor\u00e9e<\/strong>, La fibre de carbone est un mat\u00e9riau de qualit\u00e9 sup\u00e9rieure qui se marie \u00e0 un aspect d\u00e9coratif et moderne.<br data-start=\"900\" data-end=\"903\" \/>Que vous conceviez <strong data-start=\"928\" data-end=\"963\">accessoires en fibre de carbone forg\u00e9e<\/strong> ou <strong data-start=\"967\" data-end=\"996\">pi\u00e8ces personnalis\u00e9es en fibre de carbone<\/strong>, Gr\u00e2ce \u00e0 ces tubes, tous les projets se distinguent par leur couleur et leur qualit\u00e9.<\/p>\n<hr data-start=\"1062\" data-end=\"1065\" \/>\n<h2 style=\"font-size: 25px; font-weight: 600; line-height: 1.3; margin-bottom: 15px;\">Dimensions sur mesure et fabrication de fibres de carbone<\/h2>\n<p data-start=\"1120\" data-end=\"1302\">En tant qu'expert <strong data-start=\"1138\" data-end=\"1174\">Fabricant de fibres de carbone sur mesure<\/strong>, PCX Composite fournit <strong data-start=\"1199\" data-end=\"1215\">tailles personnalis\u00e9es<\/strong>, les finitions, et <strong data-start=\"1231\" data-end=\"1259\">Options d'approvisionnement en mat\u00e9riaux composites<\/strong> pour r\u00e9pondre aux besoins de votre projet.<br data-start=\"1287\" data-end=\"1290\" \/>Choisissez parmi :<\/p>\n<ul>\n<li><strong>Tubes ronds ou carr\u00e9s en fibre de carbone<\/strong><\/li>\n<li><strong>Tubes carr\u00e9s en fibre de carbone <\/strong>et <strong>tubes t\u00e9lescopiques en fibre de carbone<\/strong><\/li>\n<li><strong>Fibre de carbone forg\u00e9e <\/strong>ou <strong>fibre de carbone forg\u00e9e color\u00e9e<\/strong>\u00a0finitions<\/li>\n<li>Brillant ou mat <strong>mod\u00e8les en fibre de carbone<\/strong><\/li>\n<\/ul>\n<p data-start=\"1539\" data-end=\"1695\">Chaque tube est produit \u00e0 l'aide d'une technologie de pointe. <strong data-start=\"1576\" data-end=\"1604\">stratification de tissu en fibre de carbone<\/strong> et <strong data-start=\"1609\" data-end=\"1635\">technologie des r\u00e9sines \u00e9poxydes<\/strong>, garantissant une r\u00e9sistance \u00e9lev\u00e9e et une homog\u00e9n\u00e9it\u00e9 dans chaque lot.<\/p>\n<p data-start=\"1697\" data-end=\"1912\">Notre <strong data-start=\"1701\" data-end=\"1746\">processus de fabrication de fibres de carbone sur mesure<\/strong> vous permet de sp\u00e9cifier <strong data-start=\"1769\" data-end=\"1814\">le diam\u00e8tre, l'\u00e9paisseur de la paroi et la longueur du tube<\/strong> - parfait pour <strong data-start=\"1829\" data-end=\"1856\">extensions en fibre de carbone<\/strong>, <strong data-start=\"1858\" data-end=\"1879\">kits en fibre de carbone<\/strong>, et <strong data-start=\"1885\" data-end=\"1911\">articles composites sur mesure<\/strong>.<\/p>\n<hr data-start=\"1914\" data-end=\"1917\" \/>\n<h2 style=\"font-size: 25px; font-weight: 600; line-height: 1.3; margin-bottom: 15px;\">Applications d\u00e9coratives et fonctionnelles<\/h2>\n<p data-start=\"1967\" data-end=\"2120\">La combinaison de la solidit\u00e9, de la beaut\u00e9 et de la polyvalence fait que ces tubes conviennent \u00e0 la fois \u00e0 l'industrie et au secteur priv\u00e9. <strong data-start=\"2056\" data-end=\"2070\">d\u00e9coratif<\/strong> et <strong data-start=\"2075\" data-end=\"2095\">haute performance<\/strong> notamment :<\/p>\n<ul>\n<li><strong>Cadres en fibre de carbone <\/strong>pour les v\u00e9los et le mat\u00e9riel de sport<\/li>\n<li><strong>Bras robotiques et structures d'automatisation<\/strong><\/li>\n<li><strong>Perches t\u00e9lescopiques en fibre de carbone <\/strong>et <strong>perches d'extension<\/strong><\/li>\n<li><strong>Tubes d\u00e9coratifs en fibre de carbone <\/strong>pour les int\u00e9rieurs et les pr\u00e9sentoirs de luxe<\/li>\n<li><strong>Tubes en composite <\/strong>pour les composants m\u00e9caniques l\u00e9gers<\/li>\n<\/ul>\n<p><strong>Accessoires en fibre de carbone et pi\u00e8ces sur mesure<\/strong>\u00a0pour les mod\u00e8les RC ou l'utilisation automobile<\/p>\n<p data-start=\"2528\" data-end=\"2654\">Chaque pi\u00e8ce ne se contente pas d'avoir un aspect haut de gamme, elle est aussi performante. <strong data-start=\"2599\" data-end=\"2619\">r\u00e9sistance \u00e0 la traction<\/strong>, <strong data-start=\"2621\" data-end=\"2633\">rigidit\u00e9<\/strong>, et <strong data-start=\"2639\" data-end=\"2653\">la durabilit\u00e9<\/strong>.<\/p>\n<hr data-start=\"2656\" data-end=\"2659\" \/>\n<h2 style=\"font-size: 25px; font-weight: 600; line-height: 1.3; margin-bottom: 15px;\">Pourquoi choisir les tubes en fibre de carbone color\u00e9e de PCX Composite ?<\/h2>\n<ul>\n<li><strong>Large choix de couleurs<\/strong>- de <strong>l'or et l'argent<\/strong>\u00a0\u00e0 <strong>jaune, vert et rouge vifs<\/strong><\/li>\n<li><strong>Conception personnalis\u00e9e en fibre de carbone<\/strong>- sur mesure pour votre marque ou votre prototype<\/li>\n<li><strong>Processus de fabrication de pr\u00e9cision<\/strong>- assure la stabilit\u00e9 <strong>propri\u00e9t\u00e9s m\u00e9caniques<\/strong><\/li>\n<li><strong>Durable et l\u00e9ger<\/strong>- r\u00e9el <strong>tube composite en fibre de carbone<\/strong>\u00a0pour une utilisation \u00e0 long terme<\/li>\n<li><strong>Esth\u00e9tique et fonctionnel<\/strong>- id\u00e9al pour <strong>tubes d\u00e9coratifs en fibre de carbone<\/strong>\u00a0ou des pi\u00e8ces industrielles<\/li>\n<li><strong>Prix comp\u00e9titif des tubes en fibre de carbone<\/strong>- direct <strong>fournitures de fibres de carbone<\/strong>\u00a0de l'usine<\/li>\n<\/ul>\n<p data-start=\"3272\" data-end=\"3463\">Disponible en <strong data-start=\"3285\" data-end=\"3294\">ronde<\/strong>, <strong data-start=\"3296\" data-end=\"3306\">carr\u00e9<\/strong>, et <strong data-start=\"3312\" data-end=\"3335\">formats t\u00e9lescopiques<\/strong>, nos tubes de soutien <strong data-start=\"3355\" data-end=\"3398\">fabrication de pi\u00e8ces en fibre de carbone sur mesure<\/strong> pour toutes les industries - des projets de loisir aux constructions professionnelles.<\/p>\n<hr data-start=\"3465\" data-end=\"3468\" \/>\n<h2 style=\"font-size: 25px; font-weight: 600; line-height: 1.3; margin-bottom: 15px;\">O\u00f9 acheter des tubes en fibre de carbone color\u00e9s ?<\/h2>\n<p data-start=\"3511\" data-end=\"3828\">\u00c0 la recherche de <strong data-start=\"3523\" data-end=\"3554\">tubes en fibre de carbone \u00e0 vendre<\/strong> ou s'interrogeant <strong data-start=\"3568\" data-end=\"3609\">o\u00f9 acheter des tubes en fibre de carbone bon march\u00e9<\/strong> de qualit\u00e9 sup\u00e9rieure ?<br data-start=\"3631\" data-end=\"3634\" \/>PCX Composite offre <strong data-start=\"3655\" data-end=\"3692\">tubes en fibre de carbone color\u00e9s sur mesure<\/strong> et <strong data-start=\"3697\" data-end=\"3722\">produits en fibre de carbone<\/strong> \u00e0 des prix d'usine.<br data-start=\"3741\" data-end=\"3744\" \/>Nous servons \u00e0 la fois <strong data-start=\"3758\" data-end=\"3780\">acheteurs de petits lots<\/strong> et <strong data-start=\"3785\" data-end=\"3810\">approvisionnement en composite en vrac<\/strong> dans le monde entier.<\/p>\n<p data-start=\"3830\" data-end=\"3942\"><a href=\"https:\/\/pcxcomposite.com\/fr\/contact\/\"><strong>Demandez un devis aujourd'hui<\/strong><\/a> pour cr\u00e9er votre <strong data-start=\"3871\" data-end=\"3901\">conception personnalis\u00e9e en fibre de carbone<\/strong> - \u00e9l\u00e9gant, solide et con\u00e7u pour \u00eatre performant.<\/p>","protected":false},"excerpt":{"rendered":"<p>Colored Carbon Fiber Tubes \u2014 Style Meets High Performance Vibrant, Strong, and Built to Impress Our colored carbon fiber tubes [&hellip;]<\/p>","protected":false},"featured_media":2076,"template":"","meta":{"_uag_custom_page_level_css":"","site-sidebar-layout":"default","site-content-layout":"","ast-site-content-layout":"default","site-content-style":"default","site-sidebar-style":"default","ast-global-header-display":"","ast-banner-title-visibility":"","ast-main-header-display":"","ast-hfb-above-header-display":"","ast-hfb-below-header-display":"","ast-hfb-mobile-header-display":"","site-post-title":"","ast-breadcrumbs-content":"","ast-featured-img":"","footer-sml-layout":"","theme-transparent-header-meta":"default","adv-header-id-meta":"","stick-header-meta":"","header-above-stick-meta":"","header-main-stick-meta":"","header-below-stick-meta":"","astra-migrate-meta-layouts":"set","ast-page-background-enabled":"default","ast-page-background-meta":{"desktop":{"background-color":"var(--ast-global-color-4)","background-image":"","background-repeat":"repeat","background-position":"center center","background-size":"auto","background-attachment":"scroll","background-type":"","background-media":"","overlay-type":"","overlay-color":"","overlay-opacity":"","overlay-gradient":""},"tablet":{"background-color":"","background-image":"","background-repeat":"repeat","background-position":"center center","background-size":"auto","background-attachment":"scroll","background-type":"","background-media":"","overlay-type":"","overlay-color":"","overlay-opacity":"","overlay-gradient":""},"mobile":{"background-color":"","background-image":"","background-repeat":"repeat","background-position":"center center","background-size":"auto","background-attachment":"scroll","background-type":"","background-media":"","overlay-type":"","overlay-color":"","overlay-opacity":"","overlay-gradient":""}},"ast-content-background-meta":{"desktop":{"background-color":"var(--ast-global-color-5)","background-image":"","background-repeat":"repeat","background-position":"center center","background-size":"auto","background-attachment":"scroll","background-type":"","background-media":"","overlay-type":"","overlay-color":"","overlay-opacity":"","overlay-gradient":""},"tablet":{"background-color":"var(--ast-global-color-5)","background-image":"","background-repeat":"repeat","background-position":"center center","background-size":"auto","background-attachment":"scroll","background-type":"","background-media":"","overlay-type":"","overlay-color":"","overlay-opacity":"","overlay-gradient":""},"mobile":{"background-color":"var(--ast-global-color-5)","background-image":"","background-repeat":"repeat","background-position":"center center","background-size":"auto","background-attachment":"scroll","background-type":"","background-media":"","overlay-type":"","overlay-color":"","overlay-opacity":"","overlay-gradient":""}}},"product_brand":[],"product_cat":[20],"product_tag":[33,36],"class_list":{"0":"post-1800","1":"product","2":"type-product","3":"status-publish","4":"has-post-thumbnail","6":"product_cat-carbon-fiber-tube","7":"product_tag-colored-carbon-fiber","8":"product_tag-round-tube","9":"desktop-align-left","10":"tablet-align-left","11":"mobile-align-left","13":"first","14":"instock","15":"shipping-taxable","16":"product-type-simple"},"yoast_head":"<!-- This site is optimized with the Yoast SEO plugin v26.1.1 - https:\/\/yoast.com\/wordpress\/plugins\/seo\/ -->\n<title>Colored Carbon Fiber Tubes - PCX Composite<\/title>\n<meta name=\"description\" content=\"Shop high-quality colored carbon fiber tubes in red, blue, gold, silver, and more. Lightweight, strong, and customizable for decorative and industrial use.\" \/>\n<meta name=\"robots\" content=\"index, follow, max-snippet:-1, max-image-preview:large, max-video-preview:-1\" \/>\n<link rel=\"canonical\" href=\"https:\/\/pcxcomposite.com\/fr\/product\/tube-fibre-carbone-couleur\/\" \/>\n<meta property=\"og:locale\" content=\"fr_FR\" \/>\n<meta property=\"og:type\" content=\"article\" \/>\n<meta property=\"og:title\" content=\"Colored Carbon Fiber Tubes - PCX Composite\" \/>\n<meta property=\"og:description\" content=\"Shop high-quality colored carbon fiber tubes in red, blue, gold, silver, and more. Lightweight, strong, and customizable for decorative and industrial use.\" \/>\n<meta property=\"og:url\" content=\"https:\/\/pcxcomposite.com\/fr\/product\/tube-fibre-carbone-couleur\/\" \/>\n<meta property=\"og:site_name\" content=\"pcxcomposite.com\" \/>\n<meta property=\"article:modified_time\" content=\"2025-10-21T08:57:52+00:00\" \/>\n<meta property=\"og:image\" content=\"https:\/\/pcxcomposite.com\/wp-content\/uploads\/2025\/04\/Colored-forged-carbon-fiber-round-tubes.png\" \/>\n\t<meta property=\"og:image:width\" content=\"500\" \/>\n\t<meta property=\"og:image:height\" content=\"500\" \/>\n\t<meta property=\"og:image:type\" content=\"image\/png\" \/>\n<meta name=\"twitter:card\" content=\"summary_large_image\" \/>\n<meta name=\"twitter:label1\" content=\"Dur\u00e9e de lecture estim\u00e9e\" \/>\n\t<meta name=\"twitter:data1\" content=\"3 minutes\" \/>\n<script type=\"application\/ld+json\" class=\"yoast-schema-graph\">{\"@context\":\"https:\/\/schema.org\",\"@graph\":[{\"@type\":\"WebPage\",\"@id\":\"https:\/\/pcxcomposite.com\/product\/colored-carbon-fiber-tube\/\",\"url\":\"https:\/\/pcxcomposite.com\/product\/colored-carbon-fiber-tube\/\",\"name\":\"Colored Carbon Fiber Tubes - PCX Composite\",\"isPartOf\":{\"@id\":\"https:\/\/pcxcomposite.com\/#website\"},\"primaryImageOfPage\":{\"@id\":\"https:\/\/pcxcomposite.com\/product\/colored-carbon-fiber-tube\/#primaryimage\"},\"image\":{\"@id\":\"https:\/\/pcxcomposite.com\/product\/colored-carbon-fiber-tube\/#primaryimage\"},\"thumbnailUrl\":\"https:\/\/pcxcomposite.com\/wp-content\/uploads\/2025\/04\/colored-round-carbon-fiber-tubes.png\",\"datePublished\":\"2025-04-18T11:47:58+00:00\",\"dateModified\":\"2025-10-21T08:57:52+00:00\",\"description\":\"Shop high-quality colored carbon fiber tubes in red, blue, gold, silver, and more. Lightweight, strong, and customizable for decorative and industrial use.\",\"breadcrumb\":{\"@id\":\"https:\/\/pcxcomposite.com\/product\/colored-carbon-fiber-tube\/#breadcrumb\"},\"inLanguage\":\"fr-FR\",\"potentialAction\":[{\"@type\":\"ReadAction\",\"target\":[\"https:\/\/pcxcomposite.com\/product\/colored-carbon-fiber-tube\/\"]}]},{\"@type\":\"ImageObject\",\"inLanguage\":\"fr-FR\",\"@id\":\"https:\/\/pcxcomposite.com\/product\/colored-carbon-fiber-tube\/#primaryimage\",\"url\":\"https:\/\/pcxcomposite.com\/wp-content\/uploads\/2025\/04\/colored-round-carbon-fiber-tubes.png\",\"contentUrl\":\"https:\/\/pcxcomposite.com\/wp-content\/uploads\/2025\/04\/colored-round-carbon-fiber-tubes.png\",\"width\":500,\"height\":500,\"caption\":\"Carbon fiber accessories and composite supplies\"},{\"@type\":\"BreadcrumbList\",\"@id\":\"https:\/\/pcxcomposite.com\/product\/colored-carbon-fiber-tube\/#breadcrumb\",\"itemListElement\":[{\"@type\":\"ListItem\",\"position\":1,\"name\":\"Home\",\"item\":\"https:\/\/pcxcomposite.com\/\"},{\"@type\":\"ListItem\",\"position\":2,\"name\":\"Shop\",\"item\":\"https:\/\/pcxcomposite.com\/shop\/\"},{\"@type\":\"ListItem\",\"position\":3,\"name\":\"Colored Carbon Fiber Tube\"}]},{\"@type\":\"WebSite\",\"@id\":\"https:\/\/pcxcomposite.com\/#website\",\"url\":\"https:\/\/pcxcomposite.com\/\",\"name\":\"pcxcomposite.com\",\"description\":\"\",\"publisher\":{\"@id\":\"https:\/\/pcxcomposite.com\/#organization\"},\"potentialAction\":[{\"@type\":\"SearchAction\",\"target\":{\"@type\":\"EntryPoint\",\"urlTemplate\":\"https:\/\/pcxcomposite.com\/?s={search_term_string}\"},\"query-input\":{\"@type\":\"PropertyValueSpecification\",\"valueRequired\":true,\"valueName\":\"search_term_string\"}}],\"inLanguage\":\"fr-FR\"},{\"@type\":\"Organization\",\"@id\":\"https:\/\/pcxcomposite.com\/#organization\",\"name\":\"pcxcomposite.com\",\"url\":\"https:\/\/pcxcomposite.com\/\",\"logo\":{\"@type\":\"ImageObject\",\"inLanguage\":\"fr-FR\",\"@id\":\"https:\/\/pcxcomposite.com\/#\/schema\/logo\/image\/\",\"url\":\"https:\/\/pcxcomposite.com\/wp-content\/uploads\/2025\/04\/carbon-fiber-manufacturer.png\",\"contentUrl\":\"https:\/\/pcxcomposite.com\/wp-content\/uploads\/2025\/04\/carbon-fiber-manufacturer.png\",\"width\":177,\"height\":59,\"caption\":\"pcxcomposite.com\"},\"image\":{\"@id\":\"https:\/\/pcxcomposite.com\/#\/schema\/logo\/image\/\"}}]}<\/script>\n<!-- \/ Yoast SEO plugin. -->","yoast_head_json":{"title":"Tubes en fibre de carbone color\u00e9s - PCX Composite","description":"Achetez des tubes en fibre de carbone color\u00e9s de haute qualit\u00e9 en rouge, bleu, or, argent et plus encore. L\u00e9gers, solides et personnalisables, ils peuvent \u00eatre utilis\u00e9s \u00e0 des fins d\u00e9coratives ou industrielles.","robots":{"index":"index","follow":"follow","max-snippet":"max-snippet:-1","max-image-preview":"max-image-preview:large","max-video-preview":"max-video-preview:-1"},"canonical":"https:\/\/pcxcomposite.com\/fr\/product\/tube-fibre-carbone-couleur\/","og_locale":"fr_FR","og_type":"article","og_title":"Colored Carbon Fiber Tubes - PCX Composite","og_description":"Shop high-quality colored carbon fiber tubes in red, blue, gold, silver, and more. Lightweight, strong, and customizable for decorative and industrial use.","og_url":"https:\/\/pcxcomposite.com\/fr\/product\/tube-fibre-carbone-couleur\/","og_site_name":"pcxcomposite.com","article_modified_time":"2025-10-21T08:57:52+00:00","og_image":[{"width":500,"height":500,"url":"https:\/\/pcxcomposite.com\/wp-content\/uploads\/2025\/04\/Colored-forged-carbon-fiber-round-tubes.png","type":"image\/png"}],"twitter_card":"summary_large_image","twitter_misc":{"Dur\u00e9e de lecture estim\u00e9e":"3 minutes"},"schema":{"@context":"https:\/\/schema.org","@graph":[{"@type":"WebPage","@id":"https:\/\/pcxcomposite.com\/product\/colored-carbon-fiber-tube\/","url":"https:\/\/pcxcomposite.com\/product\/colored-carbon-fiber-tube\/","name":"Tubes en fibre de carbone color\u00e9s - PCX Composite","isPartOf":{"@id":"https:\/\/pcxcomposite.com\/#website"},"primaryImageOfPage":{"@id":"https:\/\/pcxcomposite.com\/product\/colored-carbon-fiber-tube\/#primaryimage"},"image":{"@id":"https:\/\/pcxcomposite.com\/product\/colored-carbon-fiber-tube\/#primaryimage"},"thumbnailUrl":"https:\/\/pcxcomposite.com\/wp-content\/uploads\/2025\/04\/colored-round-carbon-fiber-tubes.png","datePublished":"2025-04-18T11:47:58+00:00","dateModified":"2025-10-21T08:57:52+00:00","description":"Achetez des tubes en fibre de carbone color\u00e9s de haute qualit\u00e9 en rouge, bleu, or, argent et plus encore. L\u00e9gers, solides et personnalisables, ils peuvent \u00eatre utilis\u00e9s \u00e0 des fins d\u00e9coratives ou industrielles.","breadcrumb":{"@id":"https:\/\/pcxcomposite.com\/product\/colored-carbon-fiber-tube\/#breadcrumb"},"inLanguage":"fr-FR","potentialAction":[{"@type":"ReadAction","target":["https:\/\/pcxcomposite.com\/product\/colored-carbon-fiber-tube\/"]}]},{"@type":"ImageObject","inLanguage":"fr-FR","@id":"https:\/\/pcxcomposite.com\/product\/colored-carbon-fiber-tube\/#primaryimage","url":"https:\/\/pcxcomposite.com\/wp-content\/uploads\/2025\/04\/colored-round-carbon-fiber-tubes.png","contentUrl":"https:\/\/pcxcomposite.com\/wp-content\/uploads\/2025\/04\/colored-round-carbon-fiber-tubes.png","width":500,"height":500,"caption":"Carbon fiber accessories and composite supplies"},{"@type":"BreadcrumbList","@id":"https:\/\/pcxcomposite.com\/product\/colored-carbon-fiber-tube\/#breadcrumb","itemListElement":[{"@type":"ListItem","position":1,"name":"Home","item":"https:\/\/pcxcomposite.com\/"},{"@type":"ListItem","position":2,"name":"Shop","item":"https:\/\/pcxcomposite.com\/shop\/"},{"@type":"ListItem","position":3,"name":"Colored Carbon Fiber Tube"}]},{"@type":"WebSite","@id":"https:\/\/pcxcomposite.com\/#website","url":"https:\/\/pcxcomposite.com\/","name":"pcxcomposite.com","description":"","publisher":{"@id":"https:\/\/pcxcomposite.com\/#organization"},"potentialAction":[{"@type":"SearchAction","target":{"@type":"EntryPoint","urlTemplate":"https:\/\/pcxcomposite.com\/?s={search_term_string}"},"query-input":{"@type":"PropertyValueSpecification","valueRequired":true,"valueName":"search_term_string"}}],"inLanguage":"fr-FR"},{"@type":"Organization","@id":"https:\/\/pcxcomposite.com\/#organization","name":"pcxcomposite.com","url":"https:\/\/pcxcomposite.com\/","logo":{"@type":"ImageObject","inLanguage":"fr-FR","@id":"https:\/\/pcxcomposite.com\/#\/schema\/logo\/image\/","url":"https:\/\/pcxcomposite.com\/wp-content\/uploads\/2025\/04\/carbon-fiber-manufacturer.png","contentUrl":"https:\/\/pcxcomposite.com\/wp-content\/uploads\/2025\/04\/carbon-fiber-manufacturer.png","width":177,"height":59,"caption":"pcxcomposite.com"},"image":{"@id":"https:\/\/pcxcomposite.com\/#\/schema\/logo\/image\/"}}]}},"spectra_custom_meta":{"total_sales":["0"],"_tax_status":["taxable"],"_tax_class":[""],"_manage_stock":["no"],"_backorders":["no"],"_sold_individually":["no"],"_virtual":["no"],"_downloadable":["no"],"_product_image_gallery":["2077,2078,2079"],"_download_limit":["-1"],"_download_expiry":["-1"],"_thumbnail_id":["2076"],"_stock":[null],"_stock_status":["instock"],"_wc_average_rating":["0"],"_wc_review_count":["0"],"_product_version":["9.8.4"],"site-sidebar-layout":["default"],"ast-site-content-layout":["default"],"site-content-style":["default"],"site-sidebar-style":["default"],"theme-transparent-header-meta":["default"],"_edit_lock":["1761037124:1"],"_edit_last":["1"],"_yoast_wpseo_primary_product_brand":[""],"_yoast_wpseo_primary_product_cat":[""],"_yoast_wpseo_focuskw":["Colored Carbon Fiber Tubes"],"_yoast_wpseo_title":["Colored Carbon Fiber Tubes %%page%% %%sep%% PCX Composite"],"_yoast_wpseo_linkdex":["93"],"_yoast_wpseo_content_score":["90"],"_yoast_wpseo_estimated-reading-time-minutes":["3"],"_yoast_wpseo_metadesc":["Shop high-quality colored carbon fiber tubes in red, blue, gold, silver, and more. Lightweight, strong, and customizable for decorative and industrial use."],"_wp_old_slug":["colored-round-carbon-fiber-tube"],"astra-migrate-meta-layouts":["set"],"_uag_page_assets":["a:9:{s:3:\"css\";s:263:\".uag-blocks-common-selector{z-index:var(--z-index-desktop) !important}@media (max-width: 976px){.uag-blocks-common-selector{z-index:var(--z-index-tablet) !important}}@media (max-width: 767px){.uag-blocks-common-selector{z-index:var(--z-index-mobile) !important}}\n\";s:2:\"js\";s:0:\"\";s:18:\"current_block_list\";a:8:{i:0;s:11:\"core\/search\";i:1;s:10:\"core\/group\";i:2;s:12:\"core\/heading\";i:3;s:17:\"core\/latest-posts\";i:4;s:20:\"core\/latest-comments\";i:5;s:13:\"core\/archives\";i:6;s:15:\"core\/categories\";i:7;s:10:\"core\/image\";}s:8:\"uag_flag\";b:0;s:11:\"uag_version\";s:10:\"1775106978\";s:6:\"gfonts\";a:0:{}s:10:\"gfonts_url\";s:0:\"\";s:12:\"gfonts_files\";a:0:{}s:14:\"uag_faq_layout\";b:0;}"],"_uag_css_file_name":["uag-css-1800.css"],"_elementor_page_assets":["a:0:{}"]},"uagb_featured_image_src":{"full":["https:\/\/pcxcomposite.com\/wp-content\/uploads\/2025\/04\/colored-round-carbon-fiber-tubes.png",500,500,false],"thumbnail":["https:\/\/pcxcomposite.com\/wp-content\/uploads\/2025\/04\/colored-round-carbon-fiber-tubes-150x150.png",150,150,true],"medium":["https:\/\/pcxcomposite.com\/wp-content\/uploads\/2025\/04\/colored-round-carbon-fiber-tubes-300x300.png",300,300,true],"medium_large":["https:\/\/pcxcomposite.com\/wp-content\/uploads\/2025\/04\/colored-round-carbon-fiber-tubes.png",500,500,false],"large":["https:\/\/pcxcomposite.com\/wp-content\/uploads\/2025\/04\/colored-round-carbon-fiber-tubes.png",500,500,false],"1536x1536":["https:\/\/pcxcomposite.com\/wp-content\/uploads\/2025\/04\/colored-round-carbon-fiber-tubes.png",500,500,false],"2048x2048":["https:\/\/pcxcomposite.com\/wp-content\/uploads\/2025\/04\/colored-round-carbon-fiber-tubes.png",500,500,false],"trp-custom-language-flag":["https:\/\/pcxcomposite.com\/wp-content\/uploads\/2025\/04\/colored-round-carbon-fiber-tubes.png",12,12,false],"woocommerce_thumbnail":["https:\/\/pcxcomposite.com\/wp-content\/uploads\/2025\/04\/colored-round-carbon-fiber-tubes-300x225.png",300,225,true],"woocommerce_single":["https:\/\/pcxcomposite.com\/wp-content\/uploads\/2025\/04\/colored-round-carbon-fiber-tubes-300x300.png",300,300,true],"woocommerce_gallery_thumbnail":["https:\/\/pcxcomposite.com\/wp-content\/uploads\/2025\/04\/colored-round-carbon-fiber-tubes-100x100.png",100,100,true]},"uagb_author_info":{"display_name":"info@pcxcomposite.com","author_link":"https:\/\/pcxcomposite.com\/fr\/author\/"},"uagb_comment_info":0,"uagb_excerpt":"Colored Carbon Fiber Tubes \u2014 Style Meets High Performance Vibrant, Strong, and Built to Impress Our colored carbon fiber tubes [&hellip;]","_links":{"self":[{"href":"https:\/\/pcxcomposite.com\/fr\/wp-json\/wp\/v2\/product\/1800","targetHints":{"allow":["GET"]}}],"collection":[{"href":"https:\/\/pcxcomposite.com\/fr\/wp-json\/wp\/v2\/product"}],"about":[{"href":"https:\/\/pcxcomposite.com\/fr\/wp-json\/wp\/v2\/types\/product"}],"wp:featuredmedia":[{"embeddable":true,"href":"https:\/\/pcxcomposite.com\/fr\/wp-json\/wp\/v2\/media\/2076"}],"wp:attachment":[{"href":"https:\/\/pcxcomposite.com\/fr\/wp-json\/wp\/v2\/media?parent=1800"}],"wp:term":[{"taxonomy":"product_brand","embeddable":true,"href":"https:\/\/pcxcomposite.com\/fr\/wp-json\/wp\/v2\/product_brand?post=1800"},{"taxonomy":"product_cat","embeddable":true,"href":"https:\/\/pcxcomposite.com\/fr\/wp-json\/wp\/v2\/product_cat?post=1800"},{"taxonomy":"product_tag","embeddable":true,"href":"https:\/\/pcxcomposite.com\/fr\/wp-json\/wp\/v2\/product_tag?post=1800"}],"curies":[{"name":"wp","href":"https:\/\/api.w.org\/{rel}","templated":true}]}}