{"id":1880,"date":"2025-04-19T11:53:55","date_gmt":"2025-04-19T11:53:55","guid":{"rendered":"https:\/\/pcxcomposite.com\/?post_type=product&#038;p=1880"},"modified":"2025-04-19T12:40:35","modified_gmt":"2025-04-19T12:40:35","slug":"produit-moule-en-fibre-de-carbone-sur-mesure","status":"publish","type":"product","link":"https:\/\/pcxcomposite.com\/fr\/product\/produit-moule-en-fibre-de-carbone-sur-mesure\/","title":{"rendered":"Produit moul\u00e9 en fibre de carbone sur mesure"},"content":{"rendered":"<p>Les produits moul\u00e9s sur mesure en fibre de carbone sont des composants personnalis\u00e9s fabriqu\u00e9s en fa\u00e7onnant des composites renforc\u00e9s de fibres de carbone selon des formes sp\u00e9cifiques. Ces pi\u00e8ces sont con\u00e7ues pour r\u00e9soudre des probl\u00e8mes o\u00f9 les mat\u00e9riaux traditionnels sont insuffisants, par exemple lorsqu&#039;on a besoin de l\u00e9g\u00e8ret\u00e9, d&#039;une r\u00e9sistance extr\u00eame ou d&#039;une robustesse \u00e0 toute \u00e9preuve.<\/p>\n<p>&nbsp;<\/p>\n<p><strong>Fonctionnement (\u00e9tapes simples)\u00a0:<\/strong><\/p>\n<ol start=\"1\">\n<li><strong>Conception<\/strong>Partagez votre mod\u00e8le 3D, croquis ou prototype. Nos ing\u00e9nieurs l&#039;optimiseront pour la stratification et le moulage de la fibre de carbone.<\/li>\n<li><strong>Cr\u00e9ation de moules<\/strong>Un moule sur mesure est fabriqu\u00e9 (souvent en aluminium ou en composite) pour correspondre \u00e0 votre design.<\/li>\n<li><strong>Stratification et durcissement<\/strong>Les feuilles de fibre de carbone sont dispos\u00e9es en couches dans le moule avec de la r\u00e9sine, puis durcies sous chaleur\/pression pour obtenir de la r\u00e9sistance.<\/li>\n<li><strong>Finition<\/strong>: D\u00e9coup\u00e9e, ponc\u00e9e et rev\u00eatue (si n\u00e9cessaire) pour obtenir une pi\u00e8ce lisse et pr\u00eate \u00e0 l&#039;emploi.<\/li>\n<\/ol>\n<p><strong>O\u00f9 il est utilis\u00e9 (exemples concrets)\u00a0:<\/strong><\/p>\n<ul>\n<li><strong>Autos\/Motos<\/strong>: Prises d&#039;air personnalis\u00e9es, panneaux de tableau de bord ou supports l\u00e9gers pour am\u00e9liorer la vitesse et l&#039;efficacit\u00e9.<\/li>\n<li><strong>Industriel<\/strong>: Protections anticorrosion, bras robotis\u00e9s ou bo\u00eetiers de capteurs pour usines.<\/li>\n<li><strong>Biens de consommation<\/strong>: Ch\u00e2ssis de drones robustes, mat\u00e9riel photo ou composants de v\u00e9los haut de gamme.<\/li>\n<li><strong>R\u00e9parations<\/strong>Renforcer les pi\u00e8ces us\u00e9es des machines au lieu de les remplacer enti\u00e8rement.<\/li>\n<\/ul>","protected":false},"excerpt":{"rendered":"<p>Le processus de moulage des produits en fibre de carbone se divise en plusieurs m\u00e9thodes : moulage par enroulement, application manuelle de couches, pressage \u00e0 chaud sous vide, formage par enroulement et moulage par d\u00e9chets.<\/p>\n<p>Le moulage de la fibre de carbone s&#039;effectue principalement \u00e0 l&#039;aide d&#039;une presse et d&#039;un moule m\u00e9tallique, dans des conditions de haute temp\u00e9rature et de haute pression. Moulage de pr\u00e9impr\u00e9gn\u00e9 de fibre de carbone.<\/p>\n<p>Le pr\u00e9impr\u00e9gn\u00e9 est compos\u00e9 de fil de fibre de carbone, de r\u00e9sine \u00e9poxy, de papier antiadh\u00e9sif et d&#039;autres mat\u00e9riaux. Apr\u00e8s enduction, pressage \u00e0 chaud, refroidissement, mise en film, enroulement et autres proc\u00e9d\u00e9s de transformation, on obtient un pr\u00e9impr\u00e9gn\u00e9 de fibre de carbone, \u00e9galement appel\u00e9 tissu impr\u00e9gn\u00e9 de fibre de carbone. On parle de pr\u00e9impr\u00e9gn\u00e9 car il ne s&#039;agit que de l&#039;impr\u00e9gnation initiale de r\u00e9sine et de fibre de carbone\u00a0; la forme finale du produit est obtenue apr\u00e8s cette impr\u00e9gnation.<\/p>\n<p>Besoin d&#039;une pi\u00e8ce sur mesure\u00a0? Commencez par un croquis ou un fichier CAO\u00a0: la plupart des fabricants travaillent avec vous pour affiner la conception et la pr\u00e9parer pour la production.<\/p>\n<p>&nbsp;<\/p>","protected":false},"featured_media":1881,"template":"","meta":{"_uag_custom_page_level_css":"","site-sidebar-layout":"default","site-content-layout":"","ast-site-content-layout":"default","site-content-style":"default","site-sidebar-style":"default","ast-global-header-display":"","ast-banner-title-visibility":"","ast-main-header-display":"","ast-hfb-above-header-display":"","ast-hfb-below-header-display":"","ast-hfb-mobile-header-display":"","site-post-title":"","ast-breadcrumbs-content":"","ast-featured-img":"","footer-sml-layout":"","theme-transparent-header-meta":"default","adv-header-id-meta":"","stick-header-meta":"","header-above-stick-meta":"","header-main-stick-meta":"","header-below-stick-meta":"","astra-migrate-meta-layouts":"set","ast-page-background-enabled":"default","ast-page-background-meta":{"desktop":{"background-color":"var(--ast-global-color-4)","background-image":"","background-repeat":"repeat","background-position":"center center","background-size":"auto","background-attachment":"scroll","background-type":"","background-media":"","overlay-type":"","overlay-color":"","overlay-opacity":"","overlay-gradient":""},"tablet":{"background-color":"","background-image":"","background-repeat":"repeat","background-position":"center center","background-size":"auto","background-attachment":"scroll","background-type":"","background-media":"","overlay-type":"","overlay-color":"","overlay-opacity":"","overlay-gradient":""},"mobile":{"background-color":"","background-image":"","background-repeat":"repeat","background-position":"center center","background-size":"auto","background-attachment":"scroll","background-type":"","background-media":"","overlay-type":"","overlay-color":"","overlay-opacity":"","overlay-gradient":""}},"ast-content-background-meta":{"desktop":{"background-color":"var(--ast-global-color-5)","background-image":"","background-repeat":"repeat","background-position":"center center","background-size":"auto","background-attachment":"scroll","background-type":"","background-media":"","overlay-type":"","overlay-color":"","overlay-opacity":"","overlay-gradient":""},"tablet":{"background-color":"var(--ast-global-color-5)","background-image":"","background-repeat":"repeat","background-position":"center center","background-size":"auto","background-attachment":"scroll","background-type":"","background-media":"","overlay-type":"","overlay-color":"","overlay-opacity":"","overlay-gradient":""},"mobile":{"background-color":"var(--ast-global-color-5)","background-image":"","background-repeat":"repeat","background-position":"center center","background-size":"auto","background-attachment":"scroll","background-type":"","background-media":"","overlay-type":"","overlay-color":"","overlay-opacity":"","overlay-gradient":""}}},"product_brand":[],"product_cat":[21],"product_tag":[38],"class_list":{"0":"post-1880","1":"product","2":"type-product","3":"status-publish","4":"has-post-thumbnail","6":"product_cat-carbon-fiber-product","7":"product_tag-custom","8":"desktop-align-left","9":"tablet-align-left","10":"mobile-align-left","12":"first","13":"instock","14":"shipping-taxable","15":"product-type-simple"},"yoast_head":"<!-- This site is optimized with the Yoast SEO plugin v26.1.1 - https:\/\/yoast.com\/wordpress\/plugins\/seo\/ -->\n<title>Custom carbon fiber molded product - pcxcomposite.com<\/title>\n<meta name=\"robots\" content=\"index, follow, max-snippet:-1, max-image-preview:large, max-video-preview:-1\" \/>\n<link rel=\"canonical\" href=\"https:\/\/pcxcomposite.com\/fr\/product\/produit-moule-en-fibre-de-carbone-sur-mesure\/\" \/>\n<meta property=\"og:locale\" content=\"fr_FR\" \/>\n<meta property=\"og:type\" content=\"article\" \/>\n<meta property=\"og:title\" content=\"Custom carbon fiber molded product - pcxcomposite.com\" \/>\n<meta property=\"og:description\" content=\"Carbon fiber product molding process is divided into molding method, hand paste layer method, vacuum bag hot pressing method, winding forming method, and garbage molding method.  Carbon fiber molding method is mainly through the press machine and metal mold in high-temperature and high-pressure conditions. Carbon fiber prepreg molding.  The prepreg is made of carbon fiber yarn, epoxy resin, release paper, and other materials, through the coating, hot pressing, cooling, film, coiling, and other processing materials made of carbon fiber prepreg, also known as carbon fiber Dipped cloth. The reason why called prepreg is that this is only the initial impregnation of resin and carbon fiber in the product is the final shape of the reasons for impregnation.  Need a custom part? Start with a sketch or CAD file\u2014most manufacturers work with you to refine the design and get it production-ready.  &nbsp;\" \/>\n<meta property=\"og:url\" content=\"https:\/\/pcxcomposite.com\/fr\/product\/produit-moule-en-fibre-de-carbone-sur-mesure\/\" \/>\n<meta property=\"og:site_name\" content=\"pcxcomposite.com\" \/>\n<meta property=\"article:modified_time\" content=\"2025-04-19T12:40:35+00:00\" \/>\n<meta property=\"og:image\" content=\"https:\/\/pcxcomposite.com\/wp-content\/uploads\/2025\/04\/IMG_0137.jpg\" \/>\n\t<meta property=\"og:image:width\" content=\"1080\" \/>\n\t<meta property=\"og:image:height\" content=\"1080\" \/>\n\t<meta property=\"og:image:type\" content=\"image\/jpeg\" \/>\n<meta name=\"twitter:card\" content=\"summary_large_image\" \/>\n<meta name=\"twitter:label1\" content=\"Dur\u00e9e de lecture estim\u00e9e\" \/>\n\t<meta name=\"twitter:data1\" content=\"1 minute\" \/>\n<script type=\"application\/ld+json\" class=\"yoast-schema-graph\">{\"@context\":\"https:\/\/schema.org\",\"@graph\":[{\"@type\":\"WebPage\",\"@id\":\"https:\/\/pcxcomposite.com\/product\/custom-carbon-fiber-molded-product\/\",\"url\":\"https:\/\/pcxcomposite.com\/product\/custom-carbon-fiber-molded-product\/\",\"name\":\"Custom carbon fiber molded product - pcxcomposite.com\",\"isPartOf\":{\"@id\":\"https:\/\/pcxcomposite.com\/#website\"},\"primaryImageOfPage\":{\"@id\":\"https:\/\/pcxcomposite.com\/product\/custom-carbon-fiber-molded-product\/#primaryimage\"},\"image\":{\"@id\":\"https:\/\/pcxcomposite.com\/product\/custom-carbon-fiber-molded-product\/#primaryimage\"},\"thumbnailUrl\":\"https:\/\/pcxcomposite.com\/wp-content\/uploads\/2025\/04\/luxury-gifts-for-christmas-holidays.jpg\",\"datePublished\":\"2025-04-19T11:53:55+00:00\",\"dateModified\":\"2025-04-19T12:40:35+00:00\",\"breadcrumb\":{\"@id\":\"https:\/\/pcxcomposite.com\/product\/custom-carbon-fiber-molded-product\/#breadcrumb\"},\"inLanguage\":\"fr-FR\",\"potentialAction\":[{\"@type\":\"ReadAction\",\"target\":[\"https:\/\/pcxcomposite.com\/product\/custom-carbon-fiber-molded-product\/\"]}]},{\"@type\":\"ImageObject\",\"inLanguage\":\"fr-FR\",\"@id\":\"https:\/\/pcxcomposite.com\/product\/custom-carbon-fiber-molded-product\/#primaryimage\",\"url\":\"https:\/\/pcxcomposite.com\/wp-content\/uploads\/2025\/04\/luxury-gifts-for-christmas-holidays.jpg\",\"contentUrl\":\"https:\/\/pcxcomposite.com\/wp-content\/uploads\/2025\/04\/luxury-gifts-for-christmas-holidays.jpg\",\"width\":1080,\"height\":1080,\"caption\":\"\u70ad\u7d20\u7e4a\u7dad\u52a0\u5de5\"},{\"@type\":\"BreadcrumbList\",\"@id\":\"https:\/\/pcxcomposite.com\/product\/custom-carbon-fiber-molded-product\/#breadcrumb\",\"itemListElement\":[{\"@type\":\"ListItem\",\"position\":1,\"name\":\"Home\",\"item\":\"https:\/\/pcxcomposite.com\/\"},{\"@type\":\"ListItem\",\"position\":2,\"name\":\"Shop\",\"item\":\"https:\/\/pcxcomposite.com\/shop\/\"},{\"@type\":\"ListItem\",\"position\":3,\"name\":\"Custom carbon fiber molded product\"}]},{\"@type\":\"WebSite\",\"@id\":\"https:\/\/pcxcomposite.com\/#website\",\"url\":\"https:\/\/pcxcomposite.com\/\",\"name\":\"pcxcomposite.com\",\"description\":\"\",\"publisher\":{\"@id\":\"https:\/\/pcxcomposite.com\/#organization\"},\"potentialAction\":[{\"@type\":\"SearchAction\",\"target\":{\"@type\":\"EntryPoint\",\"urlTemplate\":\"https:\/\/pcxcomposite.com\/?s={search_term_string}\"},\"query-input\":{\"@type\":\"PropertyValueSpecification\",\"valueRequired\":true,\"valueName\":\"search_term_string\"}}],\"inLanguage\":\"fr-FR\"},{\"@type\":\"Organization\",\"@id\":\"https:\/\/pcxcomposite.com\/#organization\",\"name\":\"pcxcomposite.com\",\"url\":\"https:\/\/pcxcomposite.com\/\",\"logo\":{\"@type\":\"ImageObject\",\"inLanguage\":\"fr-FR\",\"@id\":\"https:\/\/pcxcomposite.com\/#\/schema\/logo\/image\/\",\"url\":\"https:\/\/pcxcomposite.com\/wp-content\/uploads\/2025\/04\/carbon-fiber-manufacturer.png\",\"contentUrl\":\"https:\/\/pcxcomposite.com\/wp-content\/uploads\/2025\/04\/carbon-fiber-manufacturer.png\",\"width\":177,\"height\":59,\"caption\":\"pcxcomposite.com\"},\"image\":{\"@id\":\"https:\/\/pcxcomposite.com\/#\/schema\/logo\/image\/\"}}]}<\/script>\n<!-- \/ Yoast SEO plugin. -->","yoast_head_json":{"title":"Produit moul\u00e9 en fibre de carbone sur mesure - pcxcomposite.com","robots":{"index":"index","follow":"follow","max-snippet":"max-snippet:-1","max-image-preview":"max-image-preview:large","max-video-preview":"max-video-preview:-1"},"canonical":"https:\/\/pcxcomposite.com\/fr\/product\/produit-moule-en-fibre-de-carbone-sur-mesure\/","og_locale":"fr_FR","og_type":"article","og_title":"Custom carbon fiber molded product - pcxcomposite.com","og_description":"Carbon fiber product molding process is divided into molding method, hand paste layer method, vacuum bag hot pressing method, winding forming method, and garbage molding method.  Carbon fiber molding method is mainly through the press machine and metal mold in high-temperature and high-pressure conditions. Carbon fiber prepreg molding.  The prepreg is made of carbon fiber yarn, epoxy resin, release paper, and other materials, through the coating, hot pressing, cooling, film, coiling, and other processing materials made of carbon fiber prepreg, also known as carbon fiber Dipped cloth. The reason why called prepreg is that this is only the initial impregnation of resin and carbon fiber in the product is the final shape of the reasons for impregnation.  Need a custom part? Start with a sketch or CAD file\u2014most manufacturers work with you to refine the design and get it production-ready.  &nbsp;","og_url":"https:\/\/pcxcomposite.com\/fr\/product\/produit-moule-en-fibre-de-carbone-sur-mesure\/","og_site_name":"pcxcomposite.com","article_modified_time":"2025-04-19T12:40:35+00:00","og_image":[{"width":1080,"height":1080,"url":"https:\/\/pcxcomposite.com\/wp-content\/uploads\/2025\/04\/IMG_0137.jpg","type":"image\/jpeg"}],"twitter_card":"summary_large_image","twitter_misc":{"Dur\u00e9e de lecture estim\u00e9e":"1 minute"},"schema":{"@context":"https:\/\/schema.org","@graph":[{"@type":"WebPage","@id":"https:\/\/pcxcomposite.com\/product\/custom-carbon-fiber-molded-product\/","url":"https:\/\/pcxcomposite.com\/product\/custom-carbon-fiber-molded-product\/","name":"Produit moul\u00e9 en fibre de carbone sur mesure - pcxcomposite.com","isPartOf":{"@id":"https:\/\/pcxcomposite.com\/#website"},"primaryImageOfPage":{"@id":"https:\/\/pcxcomposite.com\/product\/custom-carbon-fiber-molded-product\/#primaryimage"},"image":{"@id":"https:\/\/pcxcomposite.com\/product\/custom-carbon-fiber-molded-product\/#primaryimage"},"thumbnailUrl":"https:\/\/pcxcomposite.com\/wp-content\/uploads\/2025\/04\/luxury-gifts-for-christmas-holidays.jpg","datePublished":"2025-04-19T11:53:55+00:00","dateModified":"2025-04-19T12:40:35+00:00","breadcrumb":{"@id":"https:\/\/pcxcomposite.com\/product\/custom-carbon-fiber-molded-product\/#breadcrumb"},"inLanguage":"fr-FR","potentialAction":[{"@type":"ReadAction","target":["https:\/\/pcxcomposite.com\/product\/custom-carbon-fiber-molded-product\/"]}]},{"@type":"ImageObject","inLanguage":"fr-FR","@id":"https:\/\/pcxcomposite.com\/product\/custom-carbon-fiber-molded-product\/#primaryimage","url":"https:\/\/pcxcomposite.com\/wp-content\/uploads\/2025\/04\/luxury-gifts-for-christmas-holidays.jpg","contentUrl":"https:\/\/pcxcomposite.com\/wp-content\/uploads\/2025\/04\/luxury-gifts-for-christmas-holidays.jpg","width":1080,"height":1080,"caption":"\u70ad\u7d20\u7e4a\u7dad\u52a0\u5de5"},{"@type":"BreadcrumbList","@id":"https:\/\/pcxcomposite.com\/product\/custom-carbon-fiber-molded-product\/#breadcrumb","itemListElement":[{"@type":"ListItem","position":1,"name":"Home","item":"https:\/\/pcxcomposite.com\/"},{"@type":"ListItem","position":2,"name":"Shop","item":"https:\/\/pcxcomposite.com\/shop\/"},{"@type":"ListItem","position":3,"name":"Custom carbon fiber molded product"}]},{"@type":"WebSite","@id":"https:\/\/pcxcomposite.com\/#website","url":"https:\/\/pcxcomposite.com\/","name":"pcxcomposite.com","description":"","publisher":{"@id":"https:\/\/pcxcomposite.com\/#organization"},"potentialAction":[{"@type":"SearchAction","target":{"@type":"EntryPoint","urlTemplate":"https:\/\/pcxcomposite.com\/?s={search_term_string}"},"query-input":{"@type":"PropertyValueSpecification","valueRequired":true,"valueName":"search_term_string"}}],"inLanguage":"fr-FR"},{"@type":"Organization","@id":"https:\/\/pcxcomposite.com\/#organization","name":"pcxcomposite.com","url":"https:\/\/pcxcomposite.com\/","logo":{"@type":"ImageObject","inLanguage":"fr-FR","@id":"https:\/\/pcxcomposite.com\/#\/schema\/logo\/image\/","url":"https:\/\/pcxcomposite.com\/wp-content\/uploads\/2025\/04\/carbon-fiber-manufacturer.png","contentUrl":"https:\/\/pcxcomposite.com\/wp-content\/uploads\/2025\/04\/carbon-fiber-manufacturer.png","width":177,"height":59,"caption":"pcxcomposite.com"},"image":{"@id":"https:\/\/pcxcomposite.com\/#\/schema\/logo\/image\/"}}]}},"spectra_custom_meta":{"_edit_last":["1"],"_edit_lock":["1745066852:1"],"_thumbnail_id":["1881"],"total_sales":["0"],"_tax_status":["taxable"],"_tax_class":[""],"_manage_stock":["no"],"_backorders":["no"],"_sold_individually":["no"],"_virtual":["no"],"_downloadable":["no"],"_download_limit":["-1"],"_download_expiry":["-1"],"_stock":[null],"_stock_status":["instock"],"_wc_average_rating":["0"],"_wc_review_count":["0"],"_product_version":["9.7.1"],"_product_image_gallery":["1882,1883,1884,1885,1886,1887"],"site-sidebar-layout":["default"],"ast-site-content-layout":["default"],"site-content-style":["default"],"site-sidebar-style":["default"],"theme-transparent-header-meta":["default"],"astra-migrate-meta-layouts":["set"],"_uag_page_assets":["a:9:{s:3:\"css\";s:263:\".uag-blocks-common-selector{z-index:var(--z-index-desktop) !important}@media (max-width: 976px){.uag-blocks-common-selector{z-index:var(--z-index-tablet) !important}}@media (max-width: 767px){.uag-blocks-common-selector{z-index:var(--z-index-mobile) !important}}\n\";s:2:\"js\";s:0:\"\";s:18:\"current_block_list\";a:8:{i:0;s:11:\"core\/search\";i:1;s:10:\"core\/group\";i:2;s:12:\"core\/heading\";i:3;s:17:\"core\/latest-posts\";i:4;s:20:\"core\/latest-comments\";i:5;s:13:\"core\/archives\";i:6;s:15:\"core\/categories\";i:7;s:10:\"core\/image\";}s:8:\"uag_flag\";b:0;s:11:\"uag_version\";s:10:\"1775106978\";s:6:\"gfonts\";a:0:{}s:10:\"gfonts_url\";s:0:\"\";s:12:\"gfonts_files\";a:0:{}s:14:\"uag_faq_layout\";b:0;}"],"_uag_css_file_name":["uag-css-1880.css"],"_elementor_page_assets":["a:0:{}"]},"uagb_featured_image_src":{"full":["https:\/\/pcxcomposite.com\/wp-content\/uploads\/2025\/04\/luxury-gifts-for-christmas-holidays.jpg",1080,1080,false],"thumbnail":["https:\/\/pcxcomposite.com\/wp-content\/uploads\/2025\/04\/luxury-gifts-for-christmas-holidays-150x150.jpg",150,150,true],"medium":["https:\/\/pcxcomposite.com\/wp-content\/uploads\/2025\/04\/luxury-gifts-for-christmas-holidays-300x300.jpg",300,300,true],"medium_large":["https:\/\/pcxcomposite.com\/wp-content\/uploads\/2025\/04\/luxury-gifts-for-christmas-holidays-768x768.jpg",768,768,true],"large":["https:\/\/pcxcomposite.com\/wp-content\/uploads\/2025\/04\/luxury-gifts-for-christmas-holidays-1024x1024.jpg",1024,1024,true],"1536x1536":["https:\/\/pcxcomposite.com\/wp-content\/uploads\/2025\/04\/luxury-gifts-for-christmas-holidays.jpg",1080,1080,false],"2048x2048":["https:\/\/pcxcomposite.com\/wp-content\/uploads\/2025\/04\/luxury-gifts-for-christmas-holidays.jpg",1080,1080,false],"trp-custom-language-flag":["https:\/\/pcxcomposite.com\/wp-content\/uploads\/2025\/04\/luxury-gifts-for-christmas-holidays.jpg",12,12,false],"woocommerce_thumbnail":["https:\/\/pcxcomposite.com\/wp-content\/uploads\/2025\/04\/luxury-gifts-for-christmas-holidays-300x225.jpg",300,225,true],"woocommerce_single":["https:\/\/pcxcomposite.com\/wp-content\/uploads\/2025\/04\/luxury-gifts-for-christmas-holidays-300x300.jpg",300,300,true],"woocommerce_gallery_thumbnail":["https:\/\/pcxcomposite.com\/wp-content\/uploads\/2025\/04\/luxury-gifts-for-christmas-holidays-100x100.jpg",100,100,true]},"uagb_author_info":{"display_name":"info@pcxcomposite.com","author_link":"https:\/\/pcxcomposite.com\/fr\/author\/"},"uagb_comment_info":0,"uagb_excerpt":"Carbon fiber product molding process is divided into molding method, hand paste layer method, vacuum bag hot pressing method, winding forming method, and garbage molding method. Carbon fiber molding method is mainly through the press machine and metal mold in high-temperature and high-pressure conditions. Carbon fiber prepreg molding. The prepreg is made of carbon fiber\u2026","_links":{"self":[{"href":"https:\/\/pcxcomposite.com\/fr\/wp-json\/wp\/v2\/product\/1880","targetHints":{"allow":["GET"]}}],"collection":[{"href":"https:\/\/pcxcomposite.com\/fr\/wp-json\/wp\/v2\/product"}],"about":[{"href":"https:\/\/pcxcomposite.com\/fr\/wp-json\/wp\/v2\/types\/product"}],"wp:featuredmedia":[{"embeddable":true,"href":"https:\/\/pcxcomposite.com\/fr\/wp-json\/wp\/v2\/media\/1881"}],"wp:attachment":[{"href":"https:\/\/pcxcomposite.com\/fr\/wp-json\/wp\/v2\/media?parent=1880"}],"wp:term":[{"taxonomy":"product_brand","embeddable":true,"href":"https:\/\/pcxcomposite.com\/fr\/wp-json\/wp\/v2\/product_brand?post=1880"},{"taxonomy":"product_cat","embeddable":true,"href":"https:\/\/pcxcomposite.com\/fr\/wp-json\/wp\/v2\/product_cat?post=1880"},{"taxonomy":"product_tag","embeddable":true,"href":"https:\/\/pcxcomposite.com\/fr\/wp-json\/wp\/v2\/product_tag?post=1880"}],"curies":[{"name":"wp","href":"https:\/\/api.w.org\/{rel}","templated":true}]}}