{"id":1889,"date":"2025-04-19T12:44:55","date_gmt":"2025-04-19T12:44:55","guid":{"rendered":"https:\/\/pcxcomposite.com\/?post_type=product&#038;p=1889"},"modified":"2025-10-21T08:51:11","modified_gmt":"2025-10-21T08:51:11","slug":"tube-carbone-carre","status":"publish","type":"product","link":"https:\/\/pcxcomposite.com\/fr\/product\/tube-carbone-carre\/","title":{"rendered":"Tube carr\u00e9 en fibre de carbone"},"content":{"rendered":"<h1 style=\"position: absolute; left: -9999px; top: -9999px; width: 1px; height: 1px; overflow: hidden;\">Tubes carr\u00e9s en fibre de carbone - Pr\u00e9cision, solidit\u00e9 et polyvalence<\/h1>\n<h2 style=\"font-size: 25px; font-weight: 600; line-height: 1.3; margin-bottom: 15px;\">L\u00e9ger mais incroyablement solide<\/h2>\n<p data-start=\"295\" data-end=\"793\">Notre <strong data-start=\"299\" data-end=\"328\">tubes carr\u00e9s en fibre de carbone<\/strong> combiner <strong data-start=\"337\" data-end=\"367\">mat\u00e9riaux haute performance<\/strong> avec pr\u00e9cision <strong data-start=\"381\" data-end=\"402\">Fabrication CNC<\/strong>, La technologie de l'information, con\u00e7ue pour les projets qui exigent des <strong data-start=\"438\" data-end=\"489\">r\u00e9sistance, rigidit\u00e9 et l\u00e9g\u00e8ret\u00e9<\/strong>. Chacun <strong data-start=\"496\" data-end=\"518\">tube carr\u00e9 en carbone<\/strong> est con\u00e7u \u00e0 partir de produits de qualit\u00e9 sup\u00e9rieure <strong data-start=\"542\" data-end=\"568\">structure en fibre de carbone<\/strong>, offrant d'excellentes <strong data-start=\"589\" data-end=\"609\">r\u00e9sistance \u00e0 la traction<\/strong>, <strong data-start=\"611\" data-end=\"635\">r\u00e9sistance \u00e0 la corrosion<\/strong>, et <strong data-start=\"641\" data-end=\"666\">stabilit\u00e9 dimensionnelle<\/strong> dans toute une s\u00e9rie d'applications - de la <strong data-start=\"707\" data-end=\"719\">robotique<\/strong> et <strong data-start=\"724\" data-end=\"749\">l'automatisation industrielle<\/strong> \u00e0 <strong data-start=\"753\" data-end=\"771\">articles de sport<\/strong> et <strong data-start=\"776\" data-end=\"790\">bras de drone<\/strong>.<\/p>\n<p data-start=\"795\" data-end=\"986\">Disponible en <strong data-start=\"808\" data-end=\"852\">diff\u00e9rentes dimensions et diff\u00e9rentes longueurs<\/strong>, Ces tubes sont id\u00e9aux pour <strong data-start=\"880\" data-end=\"893\">machines<\/strong>, <strong data-start=\"895\" data-end=\"919\">\u00e9quipement d'automatisation<\/strong>, <strong data-start=\"921\" data-end=\"941\">tubes de support<\/strong>, <strong data-start=\"943\" data-end=\"962\">perches d'extension<\/strong>, et <strong data-start=\"968\" data-end=\"985\">cadres personnalis\u00e9s<\/strong>.<\/p>\n<hr data-start=\"988\" data-end=\"991\" \/>\n<h2 style=\"font-size: 25px; font-weight: 600; line-height: 1.3; margin-bottom: 15px;\">Ajustement pr\u00e9cis et services sur mesure<\/h2>\n<p data-start=\"1035\" data-end=\"1212\">Chez PCX Composite, chaque <strong data-start=\"1059\" data-end=\"1092\">tube rectangulaire en fibre de carbone<\/strong> ou <strong data-start=\"1096\" data-end=\"1111\">tube carr\u00e9<\/strong> est \u00e9labor\u00e9e avec <strong data-start=\"1128\" data-end=\"1153\">service CNC de pr\u00e9cision<\/strong> pour garantir des bords nets et un alignement parfait. Nous fournissons :<\/p>\n<ul>\n<li><strong>Carr\u00e9 t\u00e9lescopique\u00a0<\/strong><strong>tubage\u00a0<\/strong>et\u00a0<strong>tubes carr\u00e9s t\u00e9lescopiques<\/strong><\/li>\n<li><strong>Services sur mesure<\/strong>- taille personnalis\u00e9e, \u00e9paisseur de la paroi et finition de la surface<\/li>\n<li><strong>R\u00e9glable\u00a0<\/strong><strong>longueurs\u00a0<\/strong>et\u00a0<strong>tubes en fibre de carbone solide<\/strong>\u00a0pour des applications uniques<\/li>\n<li><strong>Fibre de carbone ronde\u00a0<\/strong><strong>tubes\u00a0<\/strong>et\u00a0<strong>dimensions des tubes carr\u00e9s<\/strong>\u00a0dans les options de gros<\/li>\n<\/ul>\n<p data-start=\"1536\" data-end=\"1721\">Notre <strong data-start=\"1540\" data-end=\"1569\">pi\u00e8ces personnalis\u00e9es en fibre de carbone<\/strong> sont optimis\u00e9s pour <strong data-start=\"1588\" data-end=\"1601\">a\u00e9rospatiale<\/strong>, <strong data-start=\"1603\" data-end=\"1619\">bras robotiques<\/strong>, <strong data-start=\"1621\" data-end=\"1637\">train d'atterrissage<\/strong>, et <strong data-start=\"1643\" data-end=\"1667\">\u00e9quipements industriels<\/strong> n\u00e9cessitant un support structurel l\u00e9ger mais rigide.<\/p>\n<hr data-start=\"1723\" data-end=\"1726\" \/>\n<h2 style=\"font-size: 25px; font-weight: 600; line-height: 1.3; margin-bottom: 15px;\">Applications dans tous les secteurs d'activit\u00e9<\/h2>\n<p data-start=\"1768\" data-end=\"1955\">Que ce soit pour <strong data-start=\"1780\" data-end=\"1794\">bras de drone<\/strong>, <strong data-start=\"1796\" data-end=\"1814\">articles de sport<\/strong>, ou <strong data-start=\"1819\" data-end=\"1841\">syst\u00e8mes d'automatisation<\/strong>, notre <strong data-start=\"1847\" data-end=\"1876\">tubes en fibre de carbone<\/strong> fournir des services fiables <strong data-start=\"1894\" data-end=\"1923\">performance et pr\u00e9cision<\/strong>. Les applications les plus courantes sont les suivantes :<\/p>\n<ul>\n<li><strong>Automatisation industrielle<\/strong>- solide et l\u00e9ger <strong>tubes de support<\/strong>\u00a0et cadres<\/li>\n<li><strong>Robotique<\/strong>- structurel <strong>pi\u00e8ces en fibre de carbone<\/strong>\u00a0avec une performance de glissement en douceur<\/li>\n<li><strong>Drones<\/strong>- <strong>tubes carr\u00e9s et rectangulaires<\/strong>\u00a0pour <strong>bras et train d'atterrissage<\/strong><\/li>\n<li><strong>Machines et \u00e9quipements industriels<\/strong>- <strong>perches d'extension<\/strong>, les supports et les composants<\/li>\n<li><strong>Articles de sport<\/strong>- des structures ultra-l\u00e9g\u00e8res mais solides<\/li>\n<\/ul>\n<p data-start=\"2373\" data-end=\"2512\">Chaque tube maintient une <strong data-start=\"2395\" data-end=\"2422\">une interface solide pour les curseurs<\/strong>, Le syst\u00e8me d'assemblage est facile \u00e0 mettre en place pour les <strong data-start=\"2451\" data-end=\"2474\">syst\u00e8mes t\u00e9lescopiques<\/strong> ou <strong data-start=\"2478\" data-end=\"2511\">b\u00e2tons r\u00e9glables en fibre de carbone<\/strong>.<\/p>\n<hr data-start=\"2514\" data-end=\"2517\" \/>\n<h2 style=\"font-size: 25px; font-weight: 600; line-height: 1.3; margin-bottom: 15px;\">Pourquoi choisir les tubes carr\u00e9s en fibre de carbone de PCX Composite ?<\/h2>\n<ul>\n<li><strong>Mat\u00e9riau haute performance <\/strong>avec d'excellents <strong>propri\u00e9t\u00e9s m\u00e9caniques<\/strong><\/li>\n<li><a href=\"https:\/\/www.youtube.com\/watch?v=d4JZDV9r96g\"><strong>Fabrication sur mesure de fibres de carbone <\/strong><\/a>pour <strong>diff\u00e9rentes longueurs et dimensions<\/strong><\/li>\n<li><strong>Id\u00e9al pour les \u00e9quipements d'automatisation, les drones et la robotique<\/strong><\/li>\n<li><strong>Co\u00fbt comp\u00e9titif de la fibre de carbone <\/strong>avec l'usine directe <strong>approvisionnement en gros<\/strong><\/li>\n<li><strong>L\u00e9ger, r\u00e9sistant \u00e0 la corrosion et rigide <\/strong>pour une durabilit\u00e9 \u00e0 long terme<\/li>\n<\/ul>\n<p data-start=\"2968\" data-end=\"3165\">En tant qu'expert <strong data-start=\"2986\" data-end=\"3009\">vendeur de fibre de carbone<\/strong>, Nous fournissons <strong data-start=\"3022\" data-end=\"3048\">Pi\u00e8ces CNC en fibre de carbone<\/strong>, <strong data-start=\"3050\" data-end=\"3081\">conceptions personnalis\u00e9es en fibre de carbone<\/strong>, et <strong data-start=\"3087\" data-end=\"3114\">solutions pour les tubes carr\u00e9s<\/strong> qui s'\u00e9quilibrent parfaitement <strong data-start=\"3138\" data-end=\"3164\">force et pr\u00e9cision<\/strong>.<\/p>\n<hr data-start=\"3167\" data-end=\"3170\" \/>\n<h2 style=\"font-size: 25px; font-weight: 600; line-height: 1.3; margin-bottom: 15px;\">O\u00f9 acheter des tubes carr\u00e9s en fibre de carbone<\/h2>\n<p data-start=\"3220\" data-end=\"3530\">\u00c0 la recherche de <strong data-start=\"3232\" data-end=\"3270\">tubes carr\u00e9s en fibre de carbone pour la vente<\/strong> ou <strong data-start=\"3274\" data-end=\"3321\">tubes rectangulaires en fibre de carbone sur mesure<\/strong>?<br data-start=\"3322\" data-end=\"3325\" \/>PCX Fournitures composites <strong data-start=\"3348\" data-end=\"3376\">tube t\u00e9lescopique<\/strong>, <strong data-start=\"3378\" data-end=\"3397\">perches d'extension<\/strong>, et <strong data-start=\"3403\" data-end=\"3442\">tubes en fibre de carbone de qualit\u00e9 industrielle<\/strong> \u00e0 des clients internationaux en <strong data-start=\"3464\" data-end=\"3477\">machines<\/strong>, <strong data-start=\"3479\" data-end=\"3492\">a\u00e9rospatiale<\/strong>, et <strong data-start=\"3498\" data-end=\"3516\">articles de sport<\/strong> des industries.<\/p>\n<p data-start=\"3532\" data-end=\"3692\">\ud83d\udcac <a href=\"https:\/\/pcxcomposite.com\/fr\/contact\/\"><b>Besoin <\/b><strong>a<\/strong> <strong data-start=\"3569\" data-end=\"3582\">cotation<\/strong><\/a> pour votre projet ? - Nous vous aiderons \u00e0 obtenir la force, la pr\u00e9cision et une finition \u00e9l\u00e9gante dans chaque pi\u00e8ce en fibre de carbone.<\/p>","protected":false},"excerpt":{"rendered":"<p>Square Carbon Fiber Tubes \u2014 Precision, Strength, and Versatility Lightweight Yet Incredibly Strong Our square carbon fiber tubes combine high-performance [&hellip;]<\/p>","protected":false},"featured_media":2086,"template":"","meta":{"_uag_custom_page_level_css":"","site-sidebar-layout":"default","site-content-layout":"","ast-site-content-layout":"default","site-content-style":"default","site-sidebar-style":"default","ast-global-header-display":"","ast-banner-title-visibility":"","ast-main-header-display":"","ast-hfb-above-header-display":"","ast-hfb-below-header-display":"","ast-hfb-mobile-header-display":"","site-post-title":"","ast-breadcrumbs-content":"","ast-featured-img":"","footer-sml-layout":"","theme-transparent-header-meta":"default","adv-header-id-meta":"","stick-header-meta":"","header-above-stick-meta":"","header-main-stick-meta":"","header-below-stick-meta":"","astra-migrate-meta-layouts":"set","ast-page-background-enabled":"default","ast-page-background-meta":{"desktop":{"background-color":"var(--ast-global-color-4)","background-image":"","background-repeat":"repeat","background-position":"center center","background-size":"auto","background-attachment":"scroll","background-type":"","background-media":"","overlay-type":"","overlay-color":"","overlay-opacity":"","overlay-gradient":""},"tablet":{"background-color":"","background-image":"","background-repeat":"repeat","background-position":"center center","background-size":"auto","background-attachment":"scroll","background-type":"","background-media":"","overlay-type":"","overlay-color":"","overlay-opacity":"","overlay-gradient":""},"mobile":{"background-color":"","background-image":"","background-repeat":"repeat","background-position":"center center","background-size":"auto","background-attachment":"scroll","background-type":"","background-media":"","overlay-type":"","overlay-color":"","overlay-opacity":"","overlay-gradient":""}},"ast-content-background-meta":{"desktop":{"background-color":"var(--ast-global-color-5)","background-image":"","background-repeat":"repeat","background-position":"center center","background-size":"auto","background-attachment":"scroll","background-type":"","background-media":"","overlay-type":"","overlay-color":"","overlay-opacity":"","overlay-gradient":""},"tablet":{"background-color":"var(--ast-global-color-5)","background-image":"","background-repeat":"repeat","background-position":"center center","background-size":"auto","background-attachment":"scroll","background-type":"","background-media":"","overlay-type":"","overlay-color":"","overlay-opacity":"","overlay-gradient":""},"mobile":{"background-color":"var(--ast-global-color-5)","background-image":"","background-repeat":"repeat","background-position":"center center","background-size":"auto","background-attachment":"scroll","background-type":"","background-media":"","overlay-type":"","overlay-color":"","overlay-opacity":"","overlay-gradient":""}}},"product_brand":[],"product_cat":[20],"product_tag":[39],"class_list":{"0":"post-1889","1":"product","2":"type-product","3":"status-publish","4":"has-post-thumbnail","6":"product_cat-carbon-fiber-tube","7":"product_tag-squre-tube","8":"desktop-align-left","9":"tablet-align-left","10":"mobile-align-left","12":"first","13":"instock","14":"shipping-taxable","15":"product-type-simple"},"yoast_head":"<!-- This site is optimized with the Yoast SEO plugin v26.1.1 - https:\/\/yoast.com\/wordpress\/plugins\/seo\/ -->\n<title>Square Carbon Fiber Tubes | Custom CNC Carbon Tubing Supplier<\/title>\n<meta name=\"description\" content=\"Lightweight, durable square carbon fiber tubes for drones, robotics, and automation. Custom CNC sizes, adjustable lengths, and wholesale supply available.\" \/>\n<meta name=\"robots\" content=\"index, follow, max-snippet:-1, max-image-preview:large, max-video-preview:-1\" \/>\n<link rel=\"canonical\" href=\"https:\/\/pcxcomposite.com\/fr\/product\/tube-carbone-carre\/\" \/>\n<meta property=\"og:locale\" content=\"fr_FR\" \/>\n<meta property=\"og:type\" content=\"article\" \/>\n<meta property=\"og:title\" content=\"Square Carbon Fiber Tubes | Custom CNC Carbon Tubing Supplier\" \/>\n<meta property=\"og:description\" content=\"Lightweight, durable square carbon fiber tubes for drones, robotics, and automation. Custom CNC sizes, adjustable lengths, and wholesale supply available.\" \/>\n<meta property=\"og:url\" content=\"https:\/\/pcxcomposite.com\/fr\/product\/tube-carbone-carre\/\" \/>\n<meta property=\"og:site_name\" content=\"pcxcomposite.com\" \/>\n<meta property=\"article:modified_time\" content=\"2025-10-21T08:51:11+00:00\" \/>\n<meta property=\"og:image\" content=\"https:\/\/pcxcomposite.com\/wp-content\/uploads\/2025\/04\/High-performance-carbon-fiber-square-tube-for-robotics.png\" \/>\n\t<meta property=\"og:image:width\" content=\"525\" \/>\n\t<meta property=\"og:image:height\" content=\"475\" \/>\n\t<meta property=\"og:image:type\" content=\"image\/png\" \/>\n<meta name=\"twitter:card\" content=\"summary_large_image\" \/>\n<meta name=\"twitter:label1\" content=\"Dur\u00e9e de lecture estim\u00e9e\" \/>\n\t<meta name=\"twitter:data1\" content=\"2 minutes\" \/>\n<script type=\"application\/ld+json\" class=\"yoast-schema-graph\">{\"@context\":\"https:\/\/schema.org\",\"@graph\":[{\"@type\":\"WebPage\",\"@id\":\"https:\/\/pcxcomposite.com\/product\/square-carbon-fiber-tube\/\",\"url\":\"https:\/\/pcxcomposite.com\/product\/square-carbon-fiber-tube\/\",\"name\":\"Square Carbon Fiber Tubes | Custom CNC Carbon Tubing Supplier\",\"isPartOf\":{\"@id\":\"https:\/\/pcxcomposite.com\/#website\"},\"primaryImageOfPage\":{\"@id\":\"https:\/\/pcxcomposite.com\/product\/square-carbon-fiber-tube\/#primaryimage\"},\"image\":{\"@id\":\"https:\/\/pcxcomposite.com\/product\/square-carbon-fiber-tube\/#primaryimage\"},\"thumbnailUrl\":\"https:\/\/pcxcomposite.com\/wp-content\/uploads\/2025\/04\/carbon-fiber-square-tube-for-robotics.png\",\"datePublished\":\"2025-04-19T12:44:55+00:00\",\"dateModified\":\"2025-10-21T08:51:11+00:00\",\"description\":\"Lightweight, durable square carbon fiber tubes for drones, robotics, and automation. Custom CNC sizes, adjustable lengths, and wholesale supply available.\",\"breadcrumb\":{\"@id\":\"https:\/\/pcxcomposite.com\/product\/square-carbon-fiber-tube\/#breadcrumb\"},\"inLanguage\":\"fr-FR\",\"potentialAction\":[{\"@type\":\"ReadAction\",\"target\":[\"https:\/\/pcxcomposite.com\/product\/square-carbon-fiber-tube\/\"]}]},{\"@type\":\"ImageObject\",\"inLanguage\":\"fr-FR\",\"@id\":\"https:\/\/pcxcomposite.com\/product\/square-carbon-fiber-tube\/#primaryimage\",\"url\":\"https:\/\/pcxcomposite.com\/wp-content\/uploads\/2025\/04\/carbon-fiber-square-tube-for-robotics.png\",\"contentUrl\":\"https:\/\/pcxcomposite.com\/wp-content\/uploads\/2025\/04\/carbon-fiber-square-tube-for-robotics.png\",\"width\":525,\"height\":475,\"caption\":\"Carbon fiber square tubing with adjustable length\"},{\"@type\":\"BreadcrumbList\",\"@id\":\"https:\/\/pcxcomposite.com\/product\/square-carbon-fiber-tube\/#breadcrumb\",\"itemListElement\":[{\"@type\":\"ListItem\",\"position\":1,\"name\":\"Home\",\"item\":\"https:\/\/pcxcomposite.com\/\"},{\"@type\":\"ListItem\",\"position\":2,\"name\":\"Shop\",\"item\":\"https:\/\/pcxcomposite.com\/shop\/\"},{\"@type\":\"ListItem\",\"position\":3,\"name\":\"Square Carbon Fiber Tube\"}]},{\"@type\":\"WebSite\",\"@id\":\"https:\/\/pcxcomposite.com\/#website\",\"url\":\"https:\/\/pcxcomposite.com\/\",\"name\":\"pcxcomposite.com\",\"description\":\"\",\"publisher\":{\"@id\":\"https:\/\/pcxcomposite.com\/#organization\"},\"potentialAction\":[{\"@type\":\"SearchAction\",\"target\":{\"@type\":\"EntryPoint\",\"urlTemplate\":\"https:\/\/pcxcomposite.com\/?s={search_term_string}\"},\"query-input\":{\"@type\":\"PropertyValueSpecification\",\"valueRequired\":true,\"valueName\":\"search_term_string\"}}],\"inLanguage\":\"fr-FR\"},{\"@type\":\"Organization\",\"@id\":\"https:\/\/pcxcomposite.com\/#organization\",\"name\":\"pcxcomposite.com\",\"url\":\"https:\/\/pcxcomposite.com\/\",\"logo\":{\"@type\":\"ImageObject\",\"inLanguage\":\"fr-FR\",\"@id\":\"https:\/\/pcxcomposite.com\/#\/schema\/logo\/image\/\",\"url\":\"https:\/\/pcxcomposite.com\/wp-content\/uploads\/2025\/04\/carbon-fiber-manufacturer.png\",\"contentUrl\":\"https:\/\/pcxcomposite.com\/wp-content\/uploads\/2025\/04\/carbon-fiber-manufacturer.png\",\"width\":177,\"height\":59,\"caption\":\"pcxcomposite.com\"},\"image\":{\"@id\":\"https:\/\/pcxcomposite.com\/#\/schema\/logo\/image\/\"}}]}<\/script>\n<!-- \/ Yoast SEO plugin. -->","yoast_head_json":{"title":"Tubes carr\u00e9s en fibre de carbone | Fournisseur de tubes en carbone CNC sur mesure","description":"Tubes carr\u00e9s en fibre de carbone l\u00e9gers et durables pour les drones, la robotique et l'automatisation. Dimensions CNC personnalis\u00e9es, longueurs ajustables et approvisionnement en gros disponibles.","robots":{"index":"index","follow":"follow","max-snippet":"max-snippet:-1","max-image-preview":"max-image-preview:large","max-video-preview":"max-video-preview:-1"},"canonical":"https:\/\/pcxcomposite.com\/fr\/product\/tube-carbone-carre\/","og_locale":"fr_FR","og_type":"article","og_title":"Square Carbon Fiber Tubes | Custom CNC Carbon Tubing Supplier","og_description":"Lightweight, durable square carbon fiber tubes for drones, robotics, and automation. Custom CNC sizes, adjustable lengths, and wholesale supply available.","og_url":"https:\/\/pcxcomposite.com\/fr\/product\/tube-carbone-carre\/","og_site_name":"pcxcomposite.com","article_modified_time":"2025-10-21T08:51:11+00:00","og_image":[{"width":525,"height":475,"url":"https:\/\/pcxcomposite.com\/wp-content\/uploads\/2025\/04\/High-performance-carbon-fiber-square-tube-for-robotics.png","type":"image\/png"}],"twitter_card":"summary_large_image","twitter_misc":{"Dur\u00e9e de lecture estim\u00e9e":"2 minutes"},"schema":{"@context":"https:\/\/schema.org","@graph":[{"@type":"WebPage","@id":"https:\/\/pcxcomposite.com\/product\/square-carbon-fiber-tube\/","url":"https:\/\/pcxcomposite.com\/product\/square-carbon-fiber-tube\/","name":"Tubes carr\u00e9s en fibre de carbone | Fournisseur de tubes en carbone CNC sur mesure","isPartOf":{"@id":"https:\/\/pcxcomposite.com\/#website"},"primaryImageOfPage":{"@id":"https:\/\/pcxcomposite.com\/product\/square-carbon-fiber-tube\/#primaryimage"},"image":{"@id":"https:\/\/pcxcomposite.com\/product\/square-carbon-fiber-tube\/#primaryimage"},"thumbnailUrl":"https:\/\/pcxcomposite.com\/wp-content\/uploads\/2025\/04\/carbon-fiber-square-tube-for-robotics.png","datePublished":"2025-04-19T12:44:55+00:00","dateModified":"2025-10-21T08:51:11+00:00","description":"Tubes carr\u00e9s en fibre de carbone l\u00e9gers et durables pour les drones, la robotique et l'automatisation. Dimensions CNC personnalis\u00e9es, longueurs ajustables et approvisionnement en gros disponibles.","breadcrumb":{"@id":"https:\/\/pcxcomposite.com\/product\/square-carbon-fiber-tube\/#breadcrumb"},"inLanguage":"fr-FR","potentialAction":[{"@type":"ReadAction","target":["https:\/\/pcxcomposite.com\/product\/square-carbon-fiber-tube\/"]}]},{"@type":"ImageObject","inLanguage":"fr-FR","@id":"https:\/\/pcxcomposite.com\/product\/square-carbon-fiber-tube\/#primaryimage","url":"https:\/\/pcxcomposite.com\/wp-content\/uploads\/2025\/04\/carbon-fiber-square-tube-for-robotics.png","contentUrl":"https:\/\/pcxcomposite.com\/wp-content\/uploads\/2025\/04\/carbon-fiber-square-tube-for-robotics.png","width":525,"height":475,"caption":"Carbon fiber square tubing with adjustable length"},{"@type":"BreadcrumbList","@id":"https:\/\/pcxcomposite.com\/product\/square-carbon-fiber-tube\/#breadcrumb","itemListElement":[{"@type":"ListItem","position":1,"name":"Home","item":"https:\/\/pcxcomposite.com\/"},{"@type":"ListItem","position":2,"name":"Shop","item":"https:\/\/pcxcomposite.com\/shop\/"},{"@type":"ListItem","position":3,"name":"Square Carbon Fiber Tube"}]},{"@type":"WebSite","@id":"https:\/\/pcxcomposite.com\/#website","url":"https:\/\/pcxcomposite.com\/","name":"pcxcomposite.com","description":"","publisher":{"@id":"https:\/\/pcxcomposite.com\/#organization"},"potentialAction":[{"@type":"SearchAction","target":{"@type":"EntryPoint","urlTemplate":"https:\/\/pcxcomposite.com\/?s={search_term_string}"},"query-input":{"@type":"PropertyValueSpecification","valueRequired":true,"valueName":"search_term_string"}}],"inLanguage":"fr-FR"},{"@type":"Organization","@id":"https:\/\/pcxcomposite.com\/#organization","name":"pcxcomposite.com","url":"https:\/\/pcxcomposite.com\/","logo":{"@type":"ImageObject","inLanguage":"fr-FR","@id":"https:\/\/pcxcomposite.com\/#\/schema\/logo\/image\/","url":"https:\/\/pcxcomposite.com\/wp-content\/uploads\/2025\/04\/carbon-fiber-manufacturer.png","contentUrl":"https:\/\/pcxcomposite.com\/wp-content\/uploads\/2025\/04\/carbon-fiber-manufacturer.png","width":177,"height":59,"caption":"pcxcomposite.com"},"image":{"@id":"https:\/\/pcxcomposite.com\/#\/schema\/logo\/image\/"}}]}},"spectra_custom_meta":{"_edit_last":["1"],"_edit_lock":["1761036530:1"],"total_sales":["0"],"_tax_status":["taxable"],"_tax_class":[""],"_manage_stock":["no"],"_backorders":["no"],"_sold_individually":["no"],"_virtual":["no"],"_downloadable":["no"],"_download_limit":["-1"],"_download_expiry":["-1"],"_stock":[null],"_stock_status":["instock"],"_wc_average_rating":["0"],"_wc_review_count":["0"],"_product_version":["9.8.4"],"_product_image_gallery":["2087,2085,2088"],"site-sidebar-layout":["default"],"ast-site-content-layout":["default"],"site-content-style":["default"],"site-sidebar-style":["default"],"theme-transparent-header-meta":["default"],"_wp_old_slug":["1889","squre-carbon-fiber-tube"],"_yoast_wpseo_primary_product_brand":[""],"_yoast_wpseo_primary_product_cat":[""],"_yoast_wpseo_focuskw":["Square Carbon Fiber Tubes"],"_yoast_wpseo_title":["Square Carbon Fiber Tubes | Custom CNC Carbon Tubing Supplier"],"_yoast_wpseo_metadesc":["Lightweight, durable square carbon fiber tubes for drones, robotics, and automation. Custom CNC sizes, adjustable lengths, and wholesale supply available."],"_yoast_wpseo_linkdex":["93"],"_yoast_wpseo_content_score":["90"],"_yoast_wpseo_estimated-reading-time-minutes":["2"],"_thumbnail_id":["2086"],"astra-migrate-meta-layouts":["set"],"_uag_page_assets":["a:9:{s:3:\"css\";s:263:\".uag-blocks-common-selector{z-index:var(--z-index-desktop) !important}@media (max-width: 976px){.uag-blocks-common-selector{z-index:var(--z-index-tablet) !important}}@media (max-width: 767px){.uag-blocks-common-selector{z-index:var(--z-index-mobile) !important}}\n\";s:2:\"js\";s:0:\"\";s:18:\"current_block_list\";a:8:{i:0;s:11:\"core\/search\";i:1;s:10:\"core\/group\";i:2;s:12:\"core\/heading\";i:3;s:17:\"core\/latest-posts\";i:4;s:20:\"core\/latest-comments\";i:5;s:13:\"core\/archives\";i:6;s:15:\"core\/categories\";i:7;s:10:\"core\/image\";}s:8:\"uag_flag\";b:0;s:11:\"uag_version\";s:10:\"1775106978\";s:6:\"gfonts\";a:0:{}s:10:\"gfonts_url\";s:0:\"\";s:12:\"gfonts_files\";a:0:{}s:14:\"uag_faq_layout\";b:0;}"],"_uag_css_file_name":["uag-css-1889.css"],"_elementor_page_assets":["a:0:{}"]},"uagb_featured_image_src":{"full":["https:\/\/pcxcomposite.com\/wp-content\/uploads\/2025\/04\/carbon-fiber-square-tube-for-robotics.png",525,475,false],"thumbnail":["https:\/\/pcxcomposite.com\/wp-content\/uploads\/2025\/04\/carbon-fiber-square-tube-for-robotics-150x150.png",150,150,true],"medium":["https:\/\/pcxcomposite.com\/wp-content\/uploads\/2025\/04\/carbon-fiber-square-tube-for-robotics-300x271.png",300,271,true],"medium_large":["https:\/\/pcxcomposite.com\/wp-content\/uploads\/2025\/04\/carbon-fiber-square-tube-for-robotics.png",525,475,false],"large":["https:\/\/pcxcomposite.com\/wp-content\/uploads\/2025\/04\/carbon-fiber-square-tube-for-robotics.png",525,475,false],"1536x1536":["https:\/\/pcxcomposite.com\/wp-content\/uploads\/2025\/04\/carbon-fiber-square-tube-for-robotics.png",525,475,false],"2048x2048":["https:\/\/pcxcomposite.com\/wp-content\/uploads\/2025\/04\/carbon-fiber-square-tube-for-robotics.png",525,475,false],"trp-custom-language-flag":["https:\/\/pcxcomposite.com\/wp-content\/uploads\/2025\/04\/carbon-fiber-square-tube-for-robotics.png",13,12,false],"woocommerce_thumbnail":["https:\/\/pcxcomposite.com\/wp-content\/uploads\/2025\/04\/carbon-fiber-square-tube-for-robotics-300x225.png",300,225,true],"woocommerce_single":["https:\/\/pcxcomposite.com\/wp-content\/uploads\/2025\/04\/carbon-fiber-square-tube-for-robotics-300x271.png",300,271,true],"woocommerce_gallery_thumbnail":["https:\/\/pcxcomposite.com\/wp-content\/uploads\/2025\/04\/carbon-fiber-square-tube-for-robotics-100x100.png",100,100,true]},"uagb_author_info":{"display_name":"info@pcxcomposite.com","author_link":"https:\/\/pcxcomposite.com\/fr\/author\/"},"uagb_comment_info":0,"uagb_excerpt":"Square Carbon Fiber Tubes \u2014 Precision, Strength, and Versatility Lightweight Yet Incredibly Strong Our square carbon fiber tubes combine high-performance [&hellip;]","_links":{"self":[{"href":"https:\/\/pcxcomposite.com\/fr\/wp-json\/wp\/v2\/product\/1889","targetHints":{"allow":["GET"]}}],"collection":[{"href":"https:\/\/pcxcomposite.com\/fr\/wp-json\/wp\/v2\/product"}],"about":[{"href":"https:\/\/pcxcomposite.com\/fr\/wp-json\/wp\/v2\/types\/product"}],"wp:featuredmedia":[{"embeddable":true,"href":"https:\/\/pcxcomposite.com\/fr\/wp-json\/wp\/v2\/media\/2086"}],"wp:attachment":[{"href":"https:\/\/pcxcomposite.com\/fr\/wp-json\/wp\/v2\/media?parent=1889"}],"wp:term":[{"taxonomy":"product_brand","embeddable":true,"href":"https:\/\/pcxcomposite.com\/fr\/wp-json\/wp\/v2\/product_brand?post=1889"},{"taxonomy":"product_cat","embeddable":true,"href":"https:\/\/pcxcomposite.com\/fr\/wp-json\/wp\/v2\/product_cat?post=1889"},{"taxonomy":"product_tag","embeddable":true,"href":"https:\/\/pcxcomposite.com\/fr\/wp-json\/wp\/v2\/product_tag?post=1889"}],"curies":[{"name":"wp","href":"https:\/\/api.w.org\/{rel}","templated":true}]}}