{"id":1880,"date":"2025-04-19T11:53:55","date_gmt":"2025-04-19T11:53:55","guid":{"rendered":"https:\/\/pcxcomposite.com\/?post_type=product&#038;p=1880"},"modified":"2025-04-19T12:40:35","modified_gmt":"2025-04-19T12:40:35","slug":"san-pham-duc-soi-carbon-tuy-chinh","status":"publish","type":"product","link":"https:\/\/pcxcomposite.com\/vi\/product\/san-pham-duc-soi-carbon-tuy-chinh\/","title":{"rendered":"S\u1ea3n ph\u1ea9m \u0111\u00fac s\u1ee3i carbon theo y\u00eau c\u1ea7u"},"content":{"rendered":"<p>C\u00e1c s\u1ea3n ph\u1ea9m \u0111\u00fac khu\u00f4n theo y\u00eau c\u1ea7u t\u1eeb s\u1ee3i carbon l\u00e0 nh\u1eefng linh ki\u1ec7n \u0111\u01b0\u1ee3c ch\u1ebf t\u1ea1o ri\u00eang b\u1eb1ng c\u00e1ch \u0111\u1ecbnh h\u00ecnh v\u1eadt li\u1ec7u composite gia c\u01b0\u1eddng s\u1ee3i carbon th\u00e0nh c\u00e1c h\u00ecnh d\u1ea1ng c\u1ee5 th\u1ec3. Nh\u1eefng b\u1ed9 ph\u1eadn n\u00e0y \u0111\u01b0\u1ee3c thi\u1ebft k\u1ebf \u0111\u1ec3 gi\u1ea3i quy\u1ebft c\u00e1c v\u1ea5n \u0111\u1ec1 m\u00e0 v\u1eadt li\u1ec7u truy\u1ec1n th\u1ed1ng kh\u00f4ng \u0111\u00e1p \u1ee9ng \u0111\u01b0\u1ee3c, ch\u1eb3ng h\u1ea1n nh\u01b0 khi b\u1ea1n c\u1ea7n m\u1ed9t s\u1ea3n ph\u1ea9m nh\u1eb9, c\u1ef1c k\u1ef3 b\u1ec1n ch\u1eafc ho\u1eb7c c\u00f3 kh\u1ea3 n\u0103ng ch\u1ecbu \u0111\u01b0\u1ee3c c\u00e1c \u0111i\u1ec1u ki\u1ec7n kh\u1eafc nghi\u1ec7t.<\/p>\n<p>&nbsp;<\/p>\n<p><strong>C\u00e1ch th\u1ee9c ho\u1ea1t \u0111\u1ed9ng (C\u00e1c b\u01b0\u1edbc \u0111\u01a1n gi\u1ea3n):<\/strong><\/p>\n<ol start=\"1\">\n<li><strong>Thi\u1ebft k\u1ebf<\/strong>H\u00e3y chia s\u1ebb m\u00f4 h\u00ecnh 3D, b\u1ea3n ph\u00e1c th\u1ea3o ho\u1eb7c nguy\u00ean m\u1eabu c\u1ee7a b\u1ea1n. C\u00e1c k\u1ef9 s\u01b0 s\u1ebd t\u1ed1i \u01b0u h\u00f3a ch\u00fang cho qu\u00e1 tr\u00ecnh x\u1ebfp l\u1edbp v\u00e0 \u0111\u00fac s\u1ee3i carbon.<\/li>\n<li><strong>T\u1ea1o khu\u00f4n<\/strong>Khu\u00f4n \u0111\u00fac t\u00f9y ch\u1ec9nh \u0111\u01b0\u1ee3c t\u1ea1o ra (th\u01b0\u1eddng t\u1eeb nh\u00f4m ho\u1eb7c v\u1eadt li\u1ec7u composite) \u0111\u1ec3 ph\u00f9 h\u1ee3p v\u1edbi thi\u1ebft k\u1ebf c\u1ee7a b\u1ea1n.<\/li>\n<li><strong>X\u1ebfp l\u1edbp v\u00e0 b\u1ea3o d\u01b0\u1ee1ng<\/strong>C\u00e1c t\u1ea5m s\u1ee3i carbon \u0111\u01b0\u1ee3c x\u1ebfp l\u1edbp v\u00e0o khu\u00f4n c\u00f9ng v\u1edbi nh\u1ef1a, sau \u0111\u00f3 \u0111\u01b0\u1ee3c x\u1eed l\u00fd d\u01b0\u1edbi nhi\u1ec7t \u0111\u1ed9\/\u00e1p su\u1ea5t \u0111\u1ec3 t\u0103ng \u0111\u1ed9 b\u1ec1n.<\/li>\n<li><strong>Ho\u00e0n th\u00e0nh<\/strong>\u0110\u00e3 \u0111\u01b0\u1ee3c c\u1eaft g\u1ecdt, ch\u00e0 nh\u00e1m v\u00e0 ph\u1ee7 l\u1edbp b\u1ea3o v\u1ec7 (n\u1ebfu c\u1ea7n) \u0111\u1ec3 c\u00f3 \u0111\u01b0\u1ee3c b\u1ec1 m\u1eb7t nh\u1eb5n m\u1ecbn, s\u1eb5n s\u00e0ng s\u1eed d\u1ee5ng.<\/li>\n<\/ol>\n<p><strong>N\u01a1i s\u1eed d\u1ee5ng (V\u00ed d\u1ee5 th\u1ef1c t\u1ebf):<\/strong><\/p>\n<ul>\n<li><strong>\u00d4 t\u00f4\/Xe m\u00e1y<\/strong>C\u00e1c chi ti\u1ebft nh\u01b0 c\u1eeda h\u00fat gi\u00f3 t\u00f9y ch\u1ec9nh, b\u1ea3ng \u0111i\u1ec1u khi\u1ec3n t\u00e1p-l\u00f4 ho\u1eb7c gi\u00e1 \u0111\u1ee1 nh\u1eb9 gi\u00fap t\u0103ng t\u1ed1c \u0111\u1ed9 v\u00e0 hi\u1ec7u qu\u1ea3.<\/li>\n<li><strong>C\u00f4ng nghi\u1ec7p<\/strong>: C\u00e1c t\u1ea5m ch\u1eafn ch\u1ed1ng \u0103n m\u00f2n, c\u00e1nh tay robot ho\u1eb7c v\u1ecf c\u1ea3m bi\u1ebfn d\u00e0nh cho nh\u00e0 m\u00e1y.<\/li>\n<li><strong>H\u00e0ng ti\u00eau d\u00f9ng<\/strong>: Khung m\u00e1y bay kh\u00f4ng ng\u01b0\u1eddi l\u00e1i b\u1ec1n ch\u1eafc, thi\u1ebft b\u1ecb m\u00e1y \u1ea3nh ho\u1eb7c c\u00e1c b\u1ed9 ph\u1eadn xe \u0111\u1ea1p cao c\u1ea5p.<\/li>\n<li><strong>S\u1eeda ch\u1eefa<\/strong>T\u0103ng c\u01b0\u1eddng \u0111\u1ed9 b\u1ec1n cho c\u00e1c b\u1ed9 ph\u1eadn m\u00e1y m\u00f3c b\u1ecb m\u00f2n thay v\u00ec thay th\u1ebf ho\u00e0n to\u00e0n.<\/li>\n<\/ul>","protected":false},"excerpt":{"rendered":"<p>Quy tr\u00ecnh t\u1ea1o h\u00ecnh s\u1ea3n ph\u1ea9m s\u1ee3i carbon \u0111\u01b0\u1ee3c chia th\u00e0nh c\u00e1c ph\u01b0\u01a1ng ph\u00e1p: ph\u01b0\u01a1ng ph\u00e1p \u0111\u00fac khu\u00f4n, ph\u01b0\u01a1ng ph\u00e1p d\u00e1n l\u1edbp th\u1ee7 c\u00f4ng, ph\u01b0\u01a1ng ph\u00e1p \u00e9p n\u00f3ng b\u1eb1ng t\u00fai ch\u00e2n kh\u00f4ng, ph\u01b0\u01a1ng ph\u00e1p t\u1ea1o h\u00ecnh b\u1eb1ng c\u00e1ch cu\u1ed9n v\u00e0 ph\u01b0\u01a1ng ph\u00e1p t\u1ea1o h\u00ecnh b\u1eb1ng ph\u1ebf li\u1ec7u.<\/p>\n<p>Ph\u01b0\u01a1ng ph\u00e1p t\u1ea1o h\u00ecnh s\u1ee3i carbon ch\u1ee7 y\u1ebfu th\u00f4ng qua m\u00e1y \u00e9p v\u00e0 khu\u00f4n kim lo\u1ea1i trong \u0111i\u1ec1u ki\u1ec7n nhi\u1ec7t \u0111\u1ed9 v\u00e0 \u00e1p su\u1ea5t cao. T\u1ea1o h\u00ecnh v\u1eadt li\u1ec7u composite s\u1ee3i carbon (prepreg).<\/p>\n<p>V\u1eadt li\u1ec7u prepreg \u0111\u01b0\u1ee3c l\u00e0m t\u1eeb s\u1ee3i carbon, nh\u1ef1a epoxy, gi\u1ea5y ch\u1ed1ng d\u00ednh v\u00e0 c\u00e1c v\u1eadt li\u1ec7u kh\u00e1c, th\u00f4ng qua c\u00e1c c\u00f4ng \u0111o\u1ea1n ph\u1ee7, \u00e9p n\u00f3ng, l\u00e0m ngu\u1ed9i, t\u1ea1o m\u00e0ng, cu\u1ed9n v\u00e0 c\u00e1c qu\u00e1 tr\u00ecnh x\u1eed l\u00fd v\u1eadt li\u1ec7u kh\u00e1c, c\u00f2n \u0111\u01b0\u1ee3c g\u1ecdi l\u00e0 v\u1ea3i nh\u00fang s\u1ee3i carbon. S\u1edf d\u0129 g\u1ecdi l\u00e0 prepreg l\u00e0 v\u00ec \u0111\u00e2y ch\u1ec9 l\u00e0 qu\u00e1 tr\u00ecnh t\u1ea9m nh\u1ef1a ban \u0111\u1ea7u v\u00e0 s\u1ee3i carbon \u0111\u01b0\u1ee3c \u0111\u1ecbnh h\u00ecnh sau khi t\u1ea9m nh\u1ef1a, h\u00ecnh d\u1ea1ng cu\u1ed1i c\u00f9ng c\u1ee7a s\u1ea3n ph\u1ea9m kh\u00f4ng ph\u1ee5 thu\u1ed9c v\u00e0o qu\u00e1 tr\u00ecnh n\u00e0y.<\/p>\n<p>B\u1ea1n c\u1ea7n m\u1ed9t b\u1ed9 ph\u1eadn \u0111\u01b0\u1ee3c thi\u1ebft k\u1ebf ri\u00eang? H\u00e3y b\u1eaft \u0111\u1ea7u v\u1edbi b\u1ea3n ph\u00e1c th\u1ea3o ho\u1eb7c t\u1ec7p CAD \u2014 h\u1ea7u h\u1ebft c\u00e1c nh\u00e0 s\u1ea3n xu\u1ea5t s\u1ebd h\u1ee3p t\u00e1c v\u1edbi b\u1ea1n \u0111\u1ec3 ho\u00e0n thi\u1ec7n thi\u1ebft k\u1ebf v\u00e0 \u0111\u01b0a n\u00f3 v\u00e0o s\u1ea3n xu\u1ea5t.<\/p>\n<p>&nbsp;<\/p>","protected":false},"featured_media":1881,"template":"","meta":{"_uag_custom_page_level_css":"","site-sidebar-layout":"default","site-content-layout":"","ast-site-content-layout":"default","site-content-style":"default","site-sidebar-style":"default","ast-global-header-display":"","ast-banner-title-visibility":"","ast-main-header-display":"","ast-hfb-above-header-display":"","ast-hfb-below-header-display":"","ast-hfb-mobile-header-display":"","site-post-title":"","ast-breadcrumbs-content":"","ast-featured-img":"","footer-sml-layout":"","theme-transparent-header-meta":"default","adv-header-id-meta":"","stick-header-meta":"","header-above-stick-meta":"","header-main-stick-meta":"","header-below-stick-meta":"","astra-migrate-meta-layouts":"set","ast-page-background-enabled":"default","ast-page-background-meta":{"desktop":{"background-color":"var(--ast-global-color-4)","background-image":"","background-repeat":"repeat","background-position":"center center","background-size":"auto","background-attachment":"scroll","background-type":"","background-media":"","overlay-type":"","overlay-color":"","overlay-opacity":"","overlay-gradient":""},"tablet":{"background-color":"","background-image":"","background-repeat":"repeat","background-position":"center center","background-size":"auto","background-attachment":"scroll","background-type":"","background-media":"","overlay-type":"","overlay-color":"","overlay-opacity":"","overlay-gradient":""},"mobile":{"background-color":"","background-image":"","background-repeat":"repeat","background-position":"center center","background-size":"auto","background-attachment":"scroll","background-type":"","background-media":"","overlay-type":"","overlay-color":"","overlay-opacity":"","overlay-gradient":""}},"ast-content-background-meta":{"desktop":{"background-color":"var(--ast-global-color-5)","background-image":"","background-repeat":"repeat","background-position":"center center","background-size":"auto","background-attachment":"scroll","background-type":"","background-media":"","overlay-type":"","overlay-color":"","overlay-opacity":"","overlay-gradient":""},"tablet":{"background-color":"var(--ast-global-color-5)","background-image":"","background-repeat":"repeat","background-position":"center center","background-size":"auto","background-attachment":"scroll","background-type":"","background-media":"","overlay-type":"","overlay-color":"","overlay-opacity":"","overlay-gradient":""},"mobile":{"background-color":"var(--ast-global-color-5)","background-image":"","background-repeat":"repeat","background-position":"center center","background-size":"auto","background-attachment":"scroll","background-type":"","background-media":"","overlay-type":"","overlay-color":"","overlay-opacity":"","overlay-gradient":""}}},"product_brand":[],"product_cat":[21],"product_tag":[38],"class_list":{"0":"post-1880","1":"product","2":"type-product","3":"status-publish","4":"has-post-thumbnail","6":"product_cat-carbon-fiber-product","7":"product_tag-custom","8":"desktop-align-left","9":"tablet-align-left","10":"mobile-align-left","12":"first","13":"instock","14":"shipping-taxable","15":"product-type-simple"},"yoast_head":"<!-- This site is optimized with the Yoast SEO plugin v26.1.1 - https:\/\/yoast.com\/wordpress\/plugins\/seo\/ -->\n<title>Custom carbon fiber molded product - pcxcomposite.com<\/title>\n<meta name=\"robots\" content=\"index, follow, max-snippet:-1, max-image-preview:large, max-video-preview:-1\" \/>\n<link rel=\"canonical\" href=\"https:\/\/pcxcomposite.com\/vi\/product\/san-pham-duc-soi-carbon-tuy-chinh\/\" \/>\n<meta property=\"og:locale\" content=\"vi_VN\" \/>\n<meta property=\"og:type\" content=\"article\" \/>\n<meta property=\"og:title\" content=\"Custom carbon fiber molded product - pcxcomposite.com\" \/>\n<meta property=\"og:description\" content=\"Carbon fiber product molding process is divided into molding method, hand paste layer method, vacuum bag hot pressing method, winding forming method, and garbage molding method.  Carbon fiber molding method is mainly through the press machine and metal mold in high-temperature and high-pressure conditions. Carbon fiber prepreg molding.  The prepreg is made of carbon fiber yarn, epoxy resin, release paper, and other materials, through the coating, hot pressing, cooling, film, coiling, and other processing materials made of carbon fiber prepreg, also known as carbon fiber Dipped cloth. The reason why called prepreg is that this is only the initial impregnation of resin and carbon fiber in the product is the final shape of the reasons for impregnation.  Need a custom part? Start with a sketch or CAD file\u2014most manufacturers work with you to refine the design and get it production-ready.  &nbsp;\" \/>\n<meta property=\"og:url\" content=\"https:\/\/pcxcomposite.com\/vi\/product\/san-pham-duc-soi-carbon-tuy-chinh\/\" \/>\n<meta property=\"og:site_name\" content=\"pcxcomposite.com\" \/>\n<meta property=\"article:modified_time\" content=\"2025-04-19T12:40:35+00:00\" \/>\n<meta property=\"og:image\" content=\"https:\/\/pcxcomposite.com\/wp-content\/uploads\/2025\/04\/IMG_0137.jpg\" \/>\n\t<meta property=\"og:image:width\" content=\"1080\" \/>\n\t<meta property=\"og:image:height\" content=\"1080\" \/>\n\t<meta property=\"og:image:type\" content=\"image\/jpeg\" \/>\n<meta name=\"twitter:card\" content=\"summary_large_image\" \/>\n<meta name=\"twitter:label1\" content=\"\u01af\u1edbc t\u00ednh th\u1eddi gian \u0111\u1ecdc\" \/>\n\t<meta name=\"twitter:data1\" content=\"1 ph\u00fat\" \/>\n<script type=\"application\/ld+json\" class=\"yoast-schema-graph\">{\"@context\":\"https:\/\/schema.org\",\"@graph\":[{\"@type\":\"WebPage\",\"@id\":\"https:\/\/pcxcomposite.com\/product\/custom-carbon-fiber-molded-product\/\",\"url\":\"https:\/\/pcxcomposite.com\/product\/custom-carbon-fiber-molded-product\/\",\"name\":\"Custom carbon fiber molded product - pcxcomposite.com\",\"isPartOf\":{\"@id\":\"https:\/\/pcxcomposite.com\/#website\"},\"primaryImageOfPage\":{\"@id\":\"https:\/\/pcxcomposite.com\/product\/custom-carbon-fiber-molded-product\/#primaryimage\"},\"image\":{\"@id\":\"https:\/\/pcxcomposite.com\/product\/custom-carbon-fiber-molded-product\/#primaryimage\"},\"thumbnailUrl\":\"https:\/\/pcxcomposite.com\/wp-content\/uploads\/2025\/04\/luxury-gifts-for-christmas-holidays.jpg\",\"datePublished\":\"2025-04-19T11:53:55+00:00\",\"dateModified\":\"2025-04-19T12:40:35+00:00\",\"breadcrumb\":{\"@id\":\"https:\/\/pcxcomposite.com\/product\/custom-carbon-fiber-molded-product\/#breadcrumb\"},\"inLanguage\":\"vi\",\"potentialAction\":[{\"@type\":\"ReadAction\",\"target\":[\"https:\/\/pcxcomposite.com\/product\/custom-carbon-fiber-molded-product\/\"]}]},{\"@type\":\"ImageObject\",\"inLanguage\":\"vi\",\"@id\":\"https:\/\/pcxcomposite.com\/product\/custom-carbon-fiber-molded-product\/#primaryimage\",\"url\":\"https:\/\/pcxcomposite.com\/wp-content\/uploads\/2025\/04\/luxury-gifts-for-christmas-holidays.jpg\",\"contentUrl\":\"https:\/\/pcxcomposite.com\/wp-content\/uploads\/2025\/04\/luxury-gifts-for-christmas-holidays.jpg\",\"width\":1080,\"height\":1080,\"caption\":\"\u70ad\u7d20\u7e4a\u7dad\u52a0\u5de5\"},{\"@type\":\"BreadcrumbList\",\"@id\":\"https:\/\/pcxcomposite.com\/product\/custom-carbon-fiber-molded-product\/#breadcrumb\",\"itemListElement\":[{\"@type\":\"ListItem\",\"position\":1,\"name\":\"Home\",\"item\":\"https:\/\/pcxcomposite.com\/\"},{\"@type\":\"ListItem\",\"position\":2,\"name\":\"Shop\",\"item\":\"https:\/\/pcxcomposite.com\/shop\/\"},{\"@type\":\"ListItem\",\"position\":3,\"name\":\"Custom carbon fiber molded product\"}]},{\"@type\":\"WebSite\",\"@id\":\"https:\/\/pcxcomposite.com\/#website\",\"url\":\"https:\/\/pcxcomposite.com\/\",\"name\":\"pcxcomposite.com\",\"description\":\"\",\"publisher\":{\"@id\":\"https:\/\/pcxcomposite.com\/#organization\"},\"potentialAction\":[{\"@type\":\"SearchAction\",\"target\":{\"@type\":\"EntryPoint\",\"urlTemplate\":\"https:\/\/pcxcomposite.com\/?s={search_term_string}\"},\"query-input\":{\"@type\":\"PropertyValueSpecification\",\"valueRequired\":true,\"valueName\":\"search_term_string\"}}],\"inLanguage\":\"vi\"},{\"@type\":\"Organization\",\"@id\":\"https:\/\/pcxcomposite.com\/#organization\",\"name\":\"pcxcomposite.com\",\"url\":\"https:\/\/pcxcomposite.com\/\",\"logo\":{\"@type\":\"ImageObject\",\"inLanguage\":\"vi\",\"@id\":\"https:\/\/pcxcomposite.com\/#\/schema\/logo\/image\/\",\"url\":\"https:\/\/pcxcomposite.com\/wp-content\/uploads\/2025\/04\/carbon-fiber-manufacturer.png\",\"contentUrl\":\"https:\/\/pcxcomposite.com\/wp-content\/uploads\/2025\/04\/carbon-fiber-manufacturer.png\",\"width\":177,\"height\":59,\"caption\":\"pcxcomposite.com\"},\"image\":{\"@id\":\"https:\/\/pcxcomposite.com\/#\/schema\/logo\/image\/\"}}]}<\/script>\n<!-- \/ Yoast SEO plugin. -->","yoast_head_json":{"title":"S\u1ea3n ph\u1ea9m \u0111\u00fac khu\u00f4n s\u1ee3i carbon theo y\u00eau c\u1ea7u - pcxcomposite.com","robots":{"index":"index","follow":"follow","max-snippet":"max-snippet:-1","max-image-preview":"max-image-preview:large","max-video-preview":"max-video-preview:-1"},"canonical":"https:\/\/pcxcomposite.com\/vi\/product\/san-pham-duc-soi-carbon-tuy-chinh\/","og_locale":"vi_VN","og_type":"article","og_title":"Custom carbon fiber molded product - pcxcomposite.com","og_description":"Carbon fiber product molding process is divided into molding method, hand paste layer method, vacuum bag hot pressing method, winding forming method, and garbage molding method.  Carbon fiber molding method is mainly through the press machine and metal mold in high-temperature and high-pressure conditions. Carbon fiber prepreg molding.  The prepreg is made of carbon fiber yarn, epoxy resin, release paper, and other materials, through the coating, hot pressing, cooling, film, coiling, and other processing materials made of carbon fiber prepreg, also known as carbon fiber Dipped cloth. The reason why called prepreg is that this is only the initial impregnation of resin and carbon fiber in the product is the final shape of the reasons for impregnation.  Need a custom part? Start with a sketch or CAD file\u2014most manufacturers work with you to refine the design and get it production-ready.  &nbsp;","og_url":"https:\/\/pcxcomposite.com\/vi\/product\/san-pham-duc-soi-carbon-tuy-chinh\/","og_site_name":"pcxcomposite.com","article_modified_time":"2025-04-19T12:40:35+00:00","og_image":[{"width":1080,"height":1080,"url":"https:\/\/pcxcomposite.com\/wp-content\/uploads\/2025\/04\/IMG_0137.jpg","type":"image\/jpeg"}],"twitter_card":"summary_large_image","twitter_misc":{"\u01af\u1edbc t\u00ednh th\u1eddi gian \u0111\u1ecdc":"1 ph\u00fat"},"schema":{"@context":"https:\/\/schema.org","@graph":[{"@type":"WebPage","@id":"https:\/\/pcxcomposite.com\/product\/custom-carbon-fiber-molded-product\/","url":"https:\/\/pcxcomposite.com\/product\/custom-carbon-fiber-molded-product\/","name":"S\u1ea3n ph\u1ea9m \u0111\u00fac khu\u00f4n s\u1ee3i carbon theo y\u00eau c\u1ea7u - pcxcomposite.com","isPartOf":{"@id":"https:\/\/pcxcomposite.com\/#website"},"primaryImageOfPage":{"@id":"https:\/\/pcxcomposite.com\/product\/custom-carbon-fiber-molded-product\/#primaryimage"},"image":{"@id":"https:\/\/pcxcomposite.com\/product\/custom-carbon-fiber-molded-product\/#primaryimage"},"thumbnailUrl":"https:\/\/pcxcomposite.com\/wp-content\/uploads\/2025\/04\/luxury-gifts-for-christmas-holidays.jpg","datePublished":"2025-04-19T11:53:55+00:00","dateModified":"2025-04-19T12:40:35+00:00","breadcrumb":{"@id":"https:\/\/pcxcomposite.com\/product\/custom-carbon-fiber-molded-product\/#breadcrumb"},"inLanguage":"vi","potentialAction":[{"@type":"ReadAction","target":["https:\/\/pcxcomposite.com\/product\/custom-carbon-fiber-molded-product\/"]}]},{"@type":"ImageObject","inLanguage":"vi","@id":"https:\/\/pcxcomposite.com\/product\/custom-carbon-fiber-molded-product\/#primaryimage","url":"https:\/\/pcxcomposite.com\/wp-content\/uploads\/2025\/04\/luxury-gifts-for-christmas-holidays.jpg","contentUrl":"https:\/\/pcxcomposite.com\/wp-content\/uploads\/2025\/04\/luxury-gifts-for-christmas-holidays.jpg","width":1080,"height":1080,"caption":"\u70ad\u7d20\u7e4a\u7dad\u52a0\u5de5"},{"@type":"BreadcrumbList","@id":"https:\/\/pcxcomposite.com\/product\/custom-carbon-fiber-molded-product\/#breadcrumb","itemListElement":[{"@type":"ListItem","position":1,"name":"Home","item":"https:\/\/pcxcomposite.com\/"},{"@type":"ListItem","position":2,"name":"Shop","item":"https:\/\/pcxcomposite.com\/shop\/"},{"@type":"ListItem","position":3,"name":"Custom carbon fiber molded product"}]},{"@type":"WebSite","@id":"https:\/\/pcxcomposite.com\/#website","url":"https:\/\/pcxcomposite.com\/","name":"pcxcomposite.com","description":"","publisher":{"@id":"https:\/\/pcxcomposite.com\/#organization"},"potentialAction":[{"@type":"SearchAction","target":{"@type":"EntryPoint","urlTemplate":"https:\/\/pcxcomposite.com\/?s={search_term_string}"},"query-input":{"@type":"PropertyValueSpecification","valueRequired":true,"valueName":"search_term_string"}}],"inLanguage":"vi"},{"@type":"Organization","@id":"https:\/\/pcxcomposite.com\/#organization","name":"pcxcomposite.com","url":"https:\/\/pcxcomposite.com\/","logo":{"@type":"ImageObject","inLanguage":"vi","@id":"https:\/\/pcxcomposite.com\/#\/schema\/logo\/image\/","url":"https:\/\/pcxcomposite.com\/wp-content\/uploads\/2025\/04\/carbon-fiber-manufacturer.png","contentUrl":"https:\/\/pcxcomposite.com\/wp-content\/uploads\/2025\/04\/carbon-fiber-manufacturer.png","width":177,"height":59,"caption":"pcxcomposite.com"},"image":{"@id":"https:\/\/pcxcomposite.com\/#\/schema\/logo\/image\/"}}]}},"spectra_custom_meta":{"_edit_last":["1"],"_edit_lock":["1745066852:1"],"_thumbnail_id":["1881"],"total_sales":["0"],"_tax_status":["taxable"],"_tax_class":[""],"_manage_stock":["no"],"_backorders":["no"],"_sold_individually":["no"],"_virtual":["no"],"_downloadable":["no"],"_download_limit":["-1"],"_download_expiry":["-1"],"_stock":[null],"_stock_status":["instock"],"_wc_average_rating":["0"],"_wc_review_count":["0"],"_product_version":["9.7.1"],"_product_image_gallery":["1882,1883,1884,1885,1886,1887"],"site-sidebar-layout":["default"],"ast-site-content-layout":["default"],"site-content-style":["default"],"site-sidebar-style":["default"],"theme-transparent-header-meta":["default"],"astra-migrate-meta-layouts":["set"],"_uag_page_assets":["a:9:{s:3:\"css\";s:263:\".uag-blocks-common-selector{z-index:var(--z-index-desktop) !important}@media (max-width: 976px){.uag-blocks-common-selector{z-index:var(--z-index-tablet) !important}}@media (max-width: 767px){.uag-blocks-common-selector{z-index:var(--z-index-mobile) !important}}\n\";s:2:\"js\";s:0:\"\";s:18:\"current_block_list\";a:8:{i:0;s:11:\"core\/search\";i:1;s:10:\"core\/group\";i:2;s:12:\"core\/heading\";i:3;s:17:\"core\/latest-posts\";i:4;s:20:\"core\/latest-comments\";i:5;s:13:\"core\/archives\";i:6;s:15:\"core\/categories\";i:7;s:10:\"core\/image\";}s:8:\"uag_flag\";b:0;s:11:\"uag_version\";s:10:\"1775106978\";s:6:\"gfonts\";a:0:{}s:10:\"gfonts_url\";s:0:\"\";s:12:\"gfonts_files\";a:0:{}s:14:\"uag_faq_layout\";b:0;}"],"_uag_css_file_name":["uag-css-1880.css"],"_elementor_page_assets":["a:0:{}"]},"uagb_featured_image_src":{"full":["https:\/\/pcxcomposite.com\/wp-content\/uploads\/2025\/04\/luxury-gifts-for-christmas-holidays.jpg",1080,1080,false],"thumbnail":["https:\/\/pcxcomposite.com\/wp-content\/uploads\/2025\/04\/luxury-gifts-for-christmas-holidays-150x150.jpg",150,150,true],"medium":["https:\/\/pcxcomposite.com\/wp-content\/uploads\/2025\/04\/luxury-gifts-for-christmas-holidays-300x300.jpg",300,300,true],"medium_large":["https:\/\/pcxcomposite.com\/wp-content\/uploads\/2025\/04\/luxury-gifts-for-christmas-holidays-768x768.jpg",768,768,true],"large":["https:\/\/pcxcomposite.com\/wp-content\/uploads\/2025\/04\/luxury-gifts-for-christmas-holidays-1024x1024.jpg",1024,1024,true],"1536x1536":["https:\/\/pcxcomposite.com\/wp-content\/uploads\/2025\/04\/luxury-gifts-for-christmas-holidays.jpg",1080,1080,false],"2048x2048":["https:\/\/pcxcomposite.com\/wp-content\/uploads\/2025\/04\/luxury-gifts-for-christmas-holidays.jpg",1080,1080,false],"trp-custom-language-flag":["https:\/\/pcxcomposite.com\/wp-content\/uploads\/2025\/04\/luxury-gifts-for-christmas-holidays.jpg",12,12,false],"woocommerce_thumbnail":["https:\/\/pcxcomposite.com\/wp-content\/uploads\/2025\/04\/luxury-gifts-for-christmas-holidays-300x225.jpg",300,225,true],"woocommerce_single":["https:\/\/pcxcomposite.com\/wp-content\/uploads\/2025\/04\/luxury-gifts-for-christmas-holidays-300x300.jpg",300,300,true],"woocommerce_gallery_thumbnail":["https:\/\/pcxcomposite.com\/wp-content\/uploads\/2025\/04\/luxury-gifts-for-christmas-holidays-100x100.jpg",100,100,true]},"uagb_author_info":{"display_name":"info@pcxcomposite.com","author_link":"https:\/\/pcxcomposite.com\/vi\/author\/"},"uagb_comment_info":0,"uagb_excerpt":"Carbon fiber product molding process is divided into molding method, hand paste layer method, vacuum bag hot pressing method, winding forming method, and garbage molding method. Carbon fiber molding method is mainly through the press machine and metal mold in high-temperature and high-pressure conditions. Carbon fiber prepreg molding. The prepreg is made of carbon fiber&hellip;","_links":{"self":[{"href":"https:\/\/pcxcomposite.com\/vi\/wp-json\/wp\/v2\/product\/1880","targetHints":{"allow":["GET"]}}],"collection":[{"href":"https:\/\/pcxcomposite.com\/vi\/wp-json\/wp\/v2\/product"}],"about":[{"href":"https:\/\/pcxcomposite.com\/vi\/wp-json\/wp\/v2\/types\/product"}],"wp:featuredmedia":[{"embeddable":true,"href":"https:\/\/pcxcomposite.com\/vi\/wp-json\/wp\/v2\/media\/1881"}],"wp:attachment":[{"href":"https:\/\/pcxcomposite.com\/vi\/wp-json\/wp\/v2\/media?parent=1880"}],"wp:term":[{"taxonomy":"product_brand","embeddable":true,"href":"https:\/\/pcxcomposite.com\/vi\/wp-json\/wp\/v2\/product_brand?post=1880"},{"taxonomy":"product_cat","embeddable":true,"href":"https:\/\/pcxcomposite.com\/vi\/wp-json\/wp\/v2\/product_cat?post=1880"},{"taxonomy":"product_tag","embeddable":true,"href":"https:\/\/pcxcomposite.com\/vi\/wp-json\/wp\/v2\/product_tag?post=1880"}],"curies":[{"name":"wp","href":"https:\/\/api.w.org\/{rel}","templated":true}]}}