{"id":1895,"date":"2025-04-19T12:59:20","date_gmt":"2025-04-19T12:59:20","guid":{"rendered":"https:\/\/pcxcomposite.com\/?post_type=product&#038;p=1895"},"modified":"2025-04-19T13:19:29","modified_gmt":"2025-04-19T13:19:29","slug":"dich-vu-in-an","status":"publish","type":"product","link":"https:\/\/pcxcomposite.com\/vi\/product\/dich-vu-in-an\/","title":{"rendered":"D\u1ecbch v\u1ee5 in \u1ea5n"},"content":{"rendered":"<p><strong>Th\u00edch h\u1ee3p cho:<\/strong><\/p>\n<ul>\n<li>Ph\u1ee5 t\u00f9ng \u00f4 t\u00f4, linh ki\u1ec7n xe \u0111ua v\u00e0 \u1ee9ng d\u1ee5ng h\u00e0ng kh\u00f4ng v\u0169 tr\u1ee5<\/li>\n<li>Thi\u1ebft b\u1ecb th\u1ec3 thao \u0111\u1eb7t l\u00e0m ri\u00eang (xe \u0111\u1ea1p, m\u00e1y bay kh\u00f4ng ng\u01b0\u1eddi l\u00e1i, v\u1ee3t)<\/li>\n<li>M\u00e1y m\u00f3c c\u00f4ng nghi\u1ec7p, robot v\u00e0 c\u00e1c chi ti\u1ebft ki\u1ebfn tr\u00fac.<\/li>\n<li>H\u00e0ng h\u00f3a qu\u1ea3ng c\u00e1o ho\u1eb7c thi\u1ebft k\u1ebf theo y\u00eau c\u1ea7u<\/li>\n<\/ul>\n<p><strong>C\u00e1c t\u00ednh n\u0103ng ch\u00ednh:<\/strong><\/p>\n<ul>\n<li><strong>\u0110\u1ed9 ch\u00ednh x\u00e1c v\u00e0 \u0111\u1ed9 b\u1ec1n:<\/strong>\u00a0Ch\u1ed1ng m\u00e0i m\u00f2n, ch\u1ed1ng tia c\u1ef1c t\u00edm v\u00e0 ch\u1ecbu \u0111\u01b0\u1ee3c m\u00f4i tr\u01b0\u1eddng kh\u1eafc nghi\u1ec7t.<\/li>\n<li><strong>C\u00f3 th\u1ec3 t\u00f9y ch\u1ec9nh:<\/strong>\u00a0H\u00e3y ch\u1ecdn k\u00edch th\u01b0\u1edbc, v\u1ecb tr\u00ed v\u00e0 m\u00e0u s\u1eafc logo sao cho ph\u00f9 h\u1ee3p v\u1edbi nh\u1eadn di\u1ec7n th\u01b0\u01a1ng hi\u1ec7u c\u1ee7a b\u1ea1n.<\/li>\n<li><strong>Th\u1eddi gian ho\u00e0n th\u00e0nh nhanh ch\u00f3ng:<\/strong>\u00a0D\u1ecbch v\u1ee5 \u0111\u00e1ng tin c\u1eady m\u00e0 kh\u00f4ng \u1ea3nh h\u01b0\u1edfng \u0111\u1ebfn ch\u1ea5t l\u01b0\u1ee3ng.<\/li>\n<\/ul>","protected":false},"excerpt":{"rendered":"<p>N\u00e2ng t\u1ea7m th\u01b0\u01a1ng hi\u1ec7u c\u1ee7a b\u1ea1n v\u1edbi d\u1ecbch v\u1ee5 in logo ch\u1ea5t l\u01b0\u1ee3ng cao, b\u1ec1n b\u1ec9 tr\u00ean c\u00e1c t\u1ea5m v\u00e0 \u1ed1ng s\u1ee3i carbon. C\u00f4ng ngh\u1ec7 in ti\u00ean ti\u1ebfn c\u1ee7a ch\u00fang t\u00f4i \u0111\u1ea3m b\u1ea3o logo s\u1eafc n\u00e9t, s\u1ed1ng \u0111\u1ed9ng, b\u00e1m d\u00ednh ho\u00e0n h\u1ea3o tr\u00ean b\u1ec1 m\u1eb7t b\u00f3ng m\u01b0\u1ee3t, hi\u1ec7u su\u1ea5t cao c\u1ee7a s\u1ee3i carbon, duy tr\u00ec \u0111\u1ed9 b\u1ec1n nh\u1eb9 v\u00e0 t\u00ednh th\u1ea9m m\u1ef9 cao c\u1ea5p c\u1ee7a v\u1eadt li\u1ec7u.<\/p>\n<p>D\u00f9 l\u00e0 n\u00e2ng cao nh\u1eadn di\u1ec7n th\u01b0\u01a1ng hi\u1ec7u s\u1ea3n ph\u1ea9m hay t\u1ea1o ra c\u00e1c m\u1eabu th\u1eed nghi\u1ec7m n\u1ed5i b\u1eadt, d\u1ecbch v\u1ee5 c\u1ee7a ch\u00fang t\u00f4i \u0111\u1ea3m b\u1ea3o logo c\u1ee7a b\u1ea1n s\u1ebd tr\u01b0\u1eddng t\u1ed3n theo th\u1eddi gian. H\u00e3y li\u00ean h\u1ec7 v\u1edbi ch\u00fang t\u00f4i \u0111\u1ec3 th\u1ea3o lu\u1eadn v\u1ec1 d\u1ef1 \u00e1n c\u1ee7a b\u1ea1n \u2013 ch\u00fang t\u00f4i x\u1eed l\u00fd m\u1ecdi th\u1ee9 t\u1eeb t\u1ed1i \u01b0u h\u00f3a thi\u1ebft k\u1ebf \u0111\u1ebfn th\u1ef1c hi\u1ec7n ho\u00e0n h\u1ea3o.<\/p>\n<p>&nbsp;<\/p>","protected":false},"featured_media":1896,"template":"","meta":{"_uag_custom_page_level_css":"","site-sidebar-layout":"default","site-content-layout":"","ast-site-content-layout":"default","site-content-style":"default","site-sidebar-style":"default","ast-global-header-display":"","ast-banner-title-visibility":"","ast-main-header-display":"","ast-hfb-above-header-display":"","ast-hfb-below-header-display":"","ast-hfb-mobile-header-display":"","site-post-title":"","ast-breadcrumbs-content":"","ast-featured-img":"","footer-sml-layout":"","theme-transparent-header-meta":"default","adv-header-id-meta":"","stick-header-meta":"","header-above-stick-meta":"","header-main-stick-meta":"","header-below-stick-meta":"","astra-migrate-meta-layouts":"set","ast-page-background-enabled":"default","ast-page-background-meta":{"desktop":{"background-color":"var(--ast-global-color-4)","background-image":"","background-repeat":"repeat","background-position":"center center","background-size":"auto","background-attachment":"scroll","background-type":"","background-media":"","overlay-type":"","overlay-color":"","overlay-opacity":"","overlay-gradient":""},"tablet":{"background-color":"","background-image":"","background-repeat":"repeat","background-position":"center center","background-size":"auto","background-attachment":"scroll","background-type":"","background-media":"","overlay-type":"","overlay-color":"","overlay-opacity":"","overlay-gradient":""},"mobile":{"background-color":"","background-image":"","background-repeat":"repeat","background-position":"center center","background-size":"auto","background-attachment":"scroll","background-type":"","background-media":"","overlay-type":"","overlay-color":"","overlay-opacity":"","overlay-gradient":""}},"ast-content-background-meta":{"desktop":{"background-color":"var(--ast-global-color-5)","background-image":"","background-repeat":"repeat","background-position":"center center","background-size":"auto","background-attachment":"scroll","background-type":"","background-media":"","overlay-type":"","overlay-color":"","overlay-opacity":"","overlay-gradient":""},"tablet":{"background-color":"var(--ast-global-color-5)","background-image":"","background-repeat":"repeat","background-position":"center center","background-size":"auto","background-attachment":"scroll","background-type":"","background-media":"","overlay-type":"","overlay-color":"","overlay-opacity":"","overlay-gradient":""},"mobile":{"background-color":"var(--ast-global-color-5)","background-image":"","background-repeat":"repeat","background-position":"center center","background-size":"auto","background-attachment":"scroll","background-type":"","background-media":"","overlay-type":"","overlay-color":"","overlay-opacity":"","overlay-gradient":""}}},"product_brand":[],"product_cat":[22],"product_tag":[38,40],"class_list":{"0":"post-1895","1":"product","2":"type-product","3":"status-publish","4":"has-post-thumbnail","6":"product_cat-related-support-and-parts","7":"product_tag-custom","8":"product_tag-logo","9":"desktop-align-left","10":"tablet-align-left","11":"mobile-align-left","13":"first","14":"instock","15":"shipping-taxable","16":"product-type-simple"},"yoast_head":"<!-- This site is optimized with the Yoast SEO plugin v26.1.1 - https:\/\/yoast.com\/wordpress\/plugins\/seo\/ -->\n<title>Printing Service - pcxcomposite.com<\/title>\n<meta name=\"robots\" content=\"index, follow, max-snippet:-1, max-image-preview:large, max-video-preview:-1\" \/>\n<link rel=\"canonical\" href=\"https:\/\/pcxcomposite.com\/vi\/product\/dich-vu-in-an\/\" \/>\n<meta property=\"og:locale\" content=\"vi_VN\" \/>\n<meta property=\"og:type\" content=\"article\" \/>\n<meta property=\"og:title\" content=\"Printing Service - pcxcomposite.com\" \/>\n<meta property=\"og:description\" content=\"Elevate your brand with high-quality, durable logo printing on carbon fiber plates and tubes. Our advanced printing technology ensures crisp, vibrant logos that adhere seamlessly to the sleek, high-performance surfaces of carbon fiber, maintaining the material\u2019s lightweight strength and premium aesthetics.  Whether enhancing product branding or creating standout prototypes, our service ensures your logo withstands the test of time. Contact us to discuss your project\u2014we handle everything from design optimization to flawless execution.  &nbsp;\" \/>\n<meta property=\"og:url\" content=\"https:\/\/pcxcomposite.com\/vi\/product\/dich-vu-in-an\/\" \/>\n<meta property=\"og:site_name\" content=\"pcxcomposite.com\" \/>\n<meta property=\"article:modified_time\" content=\"2025-04-19T13:19:29+00:00\" \/>\n<meta property=\"og:image\" content=\"https:\/\/pcxcomposite.com\/wp-content\/uploads\/2025\/04\/\u56fe\u72471.png\" \/>\n\t<meta property=\"og:image:width\" content=\"955\" \/>\n\t<meta property=\"og:image:height\" content=\"640\" \/>\n\t<meta property=\"og:image:type\" content=\"image\/png\" \/>\n<meta name=\"twitter:card\" content=\"summary_large_image\" \/>\n<script type=\"application\/ld+json\" class=\"yoast-schema-graph\">{\"@context\":\"https:\/\/schema.org\",\"@graph\":[{\"@type\":\"WebPage\",\"@id\":\"https:\/\/pcxcomposite.com\/product\/printing-service\/\",\"url\":\"https:\/\/pcxcomposite.com\/product\/printing-service\/\",\"name\":\"Printing Service - pcxcomposite.com\",\"isPartOf\":{\"@id\":\"https:\/\/pcxcomposite.com\/#website\"},\"primaryImageOfPage\":{\"@id\":\"https:\/\/pcxcomposite.com\/product\/printing-service\/#primaryimage\"},\"image\":{\"@id\":\"https:\/\/pcxcomposite.com\/product\/printing-service\/#primaryimage\"},\"thumbnailUrl\":\"https:\/\/pcxcomposite.com\/wp-content\/uploads\/2025\/04\/carbon-fiber-name-cards.png\",\"datePublished\":\"2025-04-19T12:59:20+00:00\",\"dateModified\":\"2025-04-19T13:19:29+00:00\",\"breadcrumb\":{\"@id\":\"https:\/\/pcxcomposite.com\/product\/printing-service\/#breadcrumb\"},\"inLanguage\":\"vi\",\"potentialAction\":[{\"@type\":\"ReadAction\",\"target\":[\"https:\/\/pcxcomposite.com\/product\/printing-service\/\"]}]},{\"@type\":\"ImageObject\",\"inLanguage\":\"vi\",\"@id\":\"https:\/\/pcxcomposite.com\/product\/printing-service\/#primaryimage\",\"url\":\"https:\/\/pcxcomposite.com\/wp-content\/uploads\/2025\/04\/carbon-fiber-name-cards.png\",\"contentUrl\":\"https:\/\/pcxcomposite.com\/wp-content\/uploads\/2025\/04\/carbon-fiber-name-cards.png\",\"width\":955,\"height\":640,\"caption\":\"Kohlefaser Gro\u00dfhandel\"},{\"@type\":\"BreadcrumbList\",\"@id\":\"https:\/\/pcxcomposite.com\/product\/printing-service\/#breadcrumb\",\"itemListElement\":[{\"@type\":\"ListItem\",\"position\":1,\"name\":\"Home\",\"item\":\"https:\/\/pcxcomposite.com\/\"},{\"@type\":\"ListItem\",\"position\":2,\"name\":\"Shop\",\"item\":\"https:\/\/pcxcomposite.com\/shop\/\"},{\"@type\":\"ListItem\",\"position\":3,\"name\":\"Printing Service\"}]},{\"@type\":\"WebSite\",\"@id\":\"https:\/\/pcxcomposite.com\/#website\",\"url\":\"https:\/\/pcxcomposite.com\/\",\"name\":\"pcxcomposite.com\",\"description\":\"\",\"publisher\":{\"@id\":\"https:\/\/pcxcomposite.com\/#organization\"},\"potentialAction\":[{\"@type\":\"SearchAction\",\"target\":{\"@type\":\"EntryPoint\",\"urlTemplate\":\"https:\/\/pcxcomposite.com\/?s={search_term_string}\"},\"query-input\":{\"@type\":\"PropertyValueSpecification\",\"valueRequired\":true,\"valueName\":\"search_term_string\"}}],\"inLanguage\":\"vi\"},{\"@type\":\"Organization\",\"@id\":\"https:\/\/pcxcomposite.com\/#organization\",\"name\":\"pcxcomposite.com\",\"url\":\"https:\/\/pcxcomposite.com\/\",\"logo\":{\"@type\":\"ImageObject\",\"inLanguage\":\"vi\",\"@id\":\"https:\/\/pcxcomposite.com\/#\/schema\/logo\/image\/\",\"url\":\"https:\/\/pcxcomposite.com\/wp-content\/uploads\/2025\/04\/carbon-fiber-manufacturer.png\",\"contentUrl\":\"https:\/\/pcxcomposite.com\/wp-content\/uploads\/2025\/04\/carbon-fiber-manufacturer.png\",\"width\":177,\"height\":59,\"caption\":\"pcxcomposite.com\"},\"image\":{\"@id\":\"https:\/\/pcxcomposite.com\/#\/schema\/logo\/image\/\"}}]}<\/script>\n<!-- \/ Yoast SEO plugin. -->","yoast_head_json":{"title":"D\u1ecbch v\u1ee5 in \u1ea5n - pcxcomposite.com","robots":{"index":"index","follow":"follow","max-snippet":"max-snippet:-1","max-image-preview":"max-image-preview:large","max-video-preview":"max-video-preview:-1"},"canonical":"https:\/\/pcxcomposite.com\/vi\/product\/dich-vu-in-an\/","og_locale":"vi_VN","og_type":"article","og_title":"Printing Service - pcxcomposite.com","og_description":"Elevate your brand with high-quality, durable logo printing on carbon fiber plates and tubes. Our advanced printing technology ensures crisp, vibrant logos that adhere seamlessly to the sleek, high-performance surfaces of carbon fiber, maintaining the material\u2019s lightweight strength and premium aesthetics.  Whether enhancing product branding or creating standout prototypes, our service ensures your logo withstands the test of time. Contact us to discuss your project\u2014we handle everything from design optimization to flawless execution.  &nbsp;","og_url":"https:\/\/pcxcomposite.com\/vi\/product\/dich-vu-in-an\/","og_site_name":"pcxcomposite.com","article_modified_time":"2025-04-19T13:19:29+00:00","og_image":[{"width":955,"height":640,"url":"https:\/\/pcxcomposite.com\/wp-content\/uploads\/2025\/04\/\u56fe\u72471.png","type":"image\/png"}],"twitter_card":"summary_large_image","schema":{"@context":"https:\/\/schema.org","@graph":[{"@type":"WebPage","@id":"https:\/\/pcxcomposite.com\/product\/printing-service\/","url":"https:\/\/pcxcomposite.com\/product\/printing-service\/","name":"D\u1ecbch v\u1ee5 in \u1ea5n - pcxcomposite.com","isPartOf":{"@id":"https:\/\/pcxcomposite.com\/#website"},"primaryImageOfPage":{"@id":"https:\/\/pcxcomposite.com\/product\/printing-service\/#primaryimage"},"image":{"@id":"https:\/\/pcxcomposite.com\/product\/printing-service\/#primaryimage"},"thumbnailUrl":"https:\/\/pcxcomposite.com\/wp-content\/uploads\/2025\/04\/carbon-fiber-name-cards.png","datePublished":"2025-04-19T12:59:20+00:00","dateModified":"2025-04-19T13:19:29+00:00","breadcrumb":{"@id":"https:\/\/pcxcomposite.com\/product\/printing-service\/#breadcrumb"},"inLanguage":"vi","potentialAction":[{"@type":"ReadAction","target":["https:\/\/pcxcomposite.com\/product\/printing-service\/"]}]},{"@type":"ImageObject","inLanguage":"vi","@id":"https:\/\/pcxcomposite.com\/product\/printing-service\/#primaryimage","url":"https:\/\/pcxcomposite.com\/wp-content\/uploads\/2025\/04\/carbon-fiber-name-cards.png","contentUrl":"https:\/\/pcxcomposite.com\/wp-content\/uploads\/2025\/04\/carbon-fiber-name-cards.png","width":955,"height":640,"caption":"Kohlefaser Gro\u00dfhandel"},{"@type":"BreadcrumbList","@id":"https:\/\/pcxcomposite.com\/product\/printing-service\/#breadcrumb","itemListElement":[{"@type":"ListItem","position":1,"name":"Home","item":"https:\/\/pcxcomposite.com\/"},{"@type":"ListItem","position":2,"name":"Shop","item":"https:\/\/pcxcomposite.com\/shop\/"},{"@type":"ListItem","position":3,"name":"Printing Service"}]},{"@type":"WebSite","@id":"https:\/\/pcxcomposite.com\/#website","url":"https:\/\/pcxcomposite.com\/","name":"pcxcomposite.com","description":"","publisher":{"@id":"https:\/\/pcxcomposite.com\/#organization"},"potentialAction":[{"@type":"SearchAction","target":{"@type":"EntryPoint","urlTemplate":"https:\/\/pcxcomposite.com\/?s={search_term_string}"},"query-input":{"@type":"PropertyValueSpecification","valueRequired":true,"valueName":"search_term_string"}}],"inLanguage":"vi"},{"@type":"Organization","@id":"https:\/\/pcxcomposite.com\/#organization","name":"pcxcomposite.com","url":"https:\/\/pcxcomposite.com\/","logo":{"@type":"ImageObject","inLanguage":"vi","@id":"https:\/\/pcxcomposite.com\/#\/schema\/logo\/image\/","url":"https:\/\/pcxcomposite.com\/wp-content\/uploads\/2025\/04\/carbon-fiber-manufacturer.png","contentUrl":"https:\/\/pcxcomposite.com\/wp-content\/uploads\/2025\/04\/carbon-fiber-manufacturer.png","width":177,"height":59,"caption":"pcxcomposite.com"},"image":{"@id":"https:\/\/pcxcomposite.com\/#\/schema\/logo\/image\/"}}]}},"spectra_custom_meta":{"_edit_last":["1"],"_edit_lock":["1750754961:1"],"_thumbnail_id":["1896"],"total_sales":["0"],"_tax_status":["taxable"],"_tax_class":[""],"_manage_stock":["no"],"_backorders":["no"],"_sold_individually":["no"],"_virtual":["no"],"_downloadable":["no"],"_download_limit":["-1"],"_download_expiry":["-1"],"_stock":[null],"_stock_status":["instock"],"_wc_average_rating":["0"],"_wc_review_count":["0"],"_product_version":["9.7.1"],"site-sidebar-layout":["default"],"ast-site-content-layout":["default"],"site-content-style":["default"],"site-sidebar-style":["default"],"theme-transparent-header-meta":["default"],"_product_image_gallery":["1898,1899"],"astra-migrate-meta-layouts":["set"],"_uag_page_assets":["a:9:{s:3:\"css\";s:263:\".uag-blocks-common-selector{z-index:var(--z-index-desktop) !important}@media (max-width: 976px){.uag-blocks-common-selector{z-index:var(--z-index-tablet) !important}}@media (max-width: 767px){.uag-blocks-common-selector{z-index:var(--z-index-mobile) !important}}\n\";s:2:\"js\";s:0:\"\";s:18:\"current_block_list\";a:8:{i:0;s:11:\"core\/search\";i:1;s:10:\"core\/group\";i:2;s:12:\"core\/heading\";i:3;s:17:\"core\/latest-posts\";i:4;s:20:\"core\/latest-comments\";i:5;s:13:\"core\/archives\";i:6;s:15:\"core\/categories\";i:7;s:10:\"core\/image\";}s:8:\"uag_flag\";b:0;s:11:\"uag_version\";s:10:\"1775106978\";s:6:\"gfonts\";a:0:{}s:10:\"gfonts_url\";s:0:\"\";s:12:\"gfonts_files\";a:0:{}s:14:\"uag_faq_layout\";b:0;}"],"_uag_css_file_name":["uag-css-1895.css"],"_elementor_page_assets":["a:0:{}"]},"uagb_featured_image_src":{"full":["https:\/\/pcxcomposite.com\/wp-content\/uploads\/2025\/04\/carbon-fiber-name-cards.png",955,640,false],"thumbnail":["https:\/\/pcxcomposite.com\/wp-content\/uploads\/2025\/04\/carbon-fiber-name-cards-150x150.png",150,150,true],"medium":["https:\/\/pcxcomposite.com\/wp-content\/uploads\/2025\/04\/carbon-fiber-name-cards-300x201.png",300,201,true],"medium_large":["https:\/\/pcxcomposite.com\/wp-content\/uploads\/2025\/04\/carbon-fiber-name-cards-768x515.png",768,515,true],"large":["https:\/\/pcxcomposite.com\/wp-content\/uploads\/2025\/04\/carbon-fiber-name-cards.png",955,640,false],"1536x1536":["https:\/\/pcxcomposite.com\/wp-content\/uploads\/2025\/04\/carbon-fiber-name-cards.png",955,640,false],"2048x2048":["https:\/\/pcxcomposite.com\/wp-content\/uploads\/2025\/04\/carbon-fiber-name-cards.png",955,640,false],"trp-custom-language-flag":["https:\/\/pcxcomposite.com\/wp-content\/uploads\/2025\/04\/carbon-fiber-name-cards.png",18,12,false],"woocommerce_thumbnail":["https:\/\/pcxcomposite.com\/wp-content\/uploads\/2025\/04\/carbon-fiber-name-cards-300x225.png",300,225,true],"woocommerce_single":["https:\/\/pcxcomposite.com\/wp-content\/uploads\/2025\/04\/carbon-fiber-name-cards-300x201.png",300,201,true],"woocommerce_gallery_thumbnail":["https:\/\/pcxcomposite.com\/wp-content\/uploads\/2025\/04\/carbon-fiber-name-cards-100x100.png",100,100,true]},"uagb_author_info":{"display_name":"info@pcxcomposite.com","author_link":"https:\/\/pcxcomposite.com\/vi\/author\/"},"uagb_comment_info":0,"uagb_excerpt":"Elevate your brand with high-quality, durable logo printing on carbon fiber plates and tubes. Our advanced printing technology ensures crisp, vibrant logos that adhere seamlessly to the sleek, high-performance surfaces of carbon fiber, maintaining the material\u2019s lightweight strength and premium aesthetics. Whether enhancing product branding or creating standout prototypes, our service ensures your logo withstands&hellip;","_links":{"self":[{"href":"https:\/\/pcxcomposite.com\/vi\/wp-json\/wp\/v2\/product\/1895","targetHints":{"allow":["GET"]}}],"collection":[{"href":"https:\/\/pcxcomposite.com\/vi\/wp-json\/wp\/v2\/product"}],"about":[{"href":"https:\/\/pcxcomposite.com\/vi\/wp-json\/wp\/v2\/types\/product"}],"wp:featuredmedia":[{"embeddable":true,"href":"https:\/\/pcxcomposite.com\/vi\/wp-json\/wp\/v2\/media\/1896"}],"wp:attachment":[{"href":"https:\/\/pcxcomposite.com\/vi\/wp-json\/wp\/v2\/media?parent=1895"}],"wp:term":[{"taxonomy":"product_brand","embeddable":true,"href":"https:\/\/pcxcomposite.com\/vi\/wp-json\/wp\/v2\/product_brand?post=1895"},{"taxonomy":"product_cat","embeddable":true,"href":"https:\/\/pcxcomposite.com\/vi\/wp-json\/wp\/v2\/product_cat?post=1895"},{"taxonomy":"product_tag","embeddable":true,"href":"https:\/\/pcxcomposite.com\/vi\/wp-json\/wp\/v2\/product_tag?post=1895"}],"curies":[{"name":"wp","href":"https:\/\/api.w.org\/{rel}","templated":true}]}}